{"id":935,"date":"2020-11-18T13:59:52","date_gmt":"2020-11-18T13:59:52","guid":{"rendered":"https:\/\/ajit-e.org\/?page_id=935"},"modified":"2021-01-17T10:01:47","modified_gmt":"2021-01-17T10:01:47","slug":"volume-4-issue-10-spring-2013","status":"publish","type":"page","link":"https:\/\/ajit-e.org\/en\/volume-4-issue-10-spring-2013\/","title":{"rendered":"Cilt 4 \u2013 Say\u0131 11 \u2013 Bahar 2013"},"content":{"rendered":"<div data-elementor-type=\"wp-page\" data-elementor-id=\"935\" class=\"elementor elementor-935\" data-elementor-post-type=\"page\">\n\t\t\t\t\t\t<section class=\"elementor-section elementor-top-section elementor-element elementor-element-264b2132 elementor-section-boxed elementor-section-height-default elementor-section-height-default\" data-id=\"264b2132\" data-element_type=\"section\" data-e-type=\"section\">\n\t\t\t\t\t\t<div class=\"elementor-container elementor-column-gap-default\">\n\t\t\t\t\t<div class=\"elementor-column elementor-col-100 elementor-top-column elementor-element elementor-element-50ad32e0\" data-id=\"50ad32e0\" data-element_type=\"column\" data-e-type=\"column\">\n\t\t\t<div class=\"elementor-widget-wrap elementor-element-populated\">\n\t\t\t\t\t\t<div class=\"elementor-element elementor-element-3a27cdb elementor-widget elementor-widget-tp-info-box\" data-id=\"3a27cdb\" data-element_type=\"widget\" data-e-type=\"widget\" data-widget_type=\"tp-info-box.default\">\n\t\t\t\t<div class=\"elementor-widget-container\">\n\t\t\t\t\t<div id=\"info_box69f336ed16375\" class=\"pt_plus_info_box  info_box69f336ed16375 info-box-style_1\"  data-id=\"info_box69f336ed16375\" ><div class=\"post-inner-loop\"><div class=\"info-box-inner content_hover_effect\"><div class=\"info-box-bg-box\"><div class=\"service-media text-left vertical-center\"><div class=\"m-r-16  service-img-border\"  style=\"border-color: #252525;\"> <div class=\"service-icon-wrap\"><i class=\"fa fa-file-pdf-o service-icon\"><\/i><\/div> <\/div><div class=\"service-content\"><a  ><div class=\"service-title\"> Table of Contents <\/div><\/a><div class=\"service-border\"> <\/div><\/div><\/div><div class=\"infobox-overlay-color\"><\/div><\/div><\/div><\/div><\/div>\t\t\t\t<\/div>\n\t\t\t\t<\/div>\n\t\t\t\t\t<\/div>\n\t\t<\/div>\n\t\t\t\t\t<\/div>\n\t\t<\/section>\n\t\t\t\t<section class=\"elementor-section elementor-top-section elementor-element elementor-element-1c4a96a1 elementor-section-boxed elementor-section-height-default elementor-section-height-default\" data-id=\"1c4a96a1\" data-element_type=\"section\" data-e-type=\"section\">\n\t\t\t\t\t\t<div class=\"elementor-container elementor-column-gap-default\">\n\t\t\t\t\t<div class=\"elementor-column elementor-col-100 elementor-top-column elementor-element elementor-element-74ed1cc1\" data-id=\"74ed1cc1\" data-element_type=\"column\" data-e-type=\"column\">\n\t\t\t<div class=\"elementor-widget-wrap elementor-element-populated\">\n\t\t\t\t\t\t<div class=\"elementor-element elementor-element-15ec7b7d elementor-widget elementor-widget-tp-info-box\" data-id=\"15ec7b7d\" data-element_type=\"widget\" data-e-type=\"widget\" data-widget_type=\"tp-info-box.default\">\n\t\t\t\t<div class=\"elementor-widget-container\">\n\t\t\t\t\t<div id=\"info_box69f336ed17dd2\" class=\"pt_plus_info_box  info_box69f336ed17dd2 info-box-style_1\"  data-id=\"info_box69f336ed17dd2\" ><div class=\"post-inner-loop\"><div class=\"info-box-inner content_hover_effect\"><div class=\"info-box-bg-box\"><div class=\"service-media text-left vertical-center\"><div class=\"m-r-16  service-img-border\"  style=\"border-color: #252525;\"> <div class=\"service-icon-wrap\"><i class=\"fa fa-file-pdf-o service-icon\"><\/i><\/div> <\/div><div class=\"service-content\"><a  ><div class=\"service-title\"> The Formation Of Green Buying Strategy On The Scope Of Consumer Decision Making Behavior <\/div><\/a><div class=\"service-border\"> <\/div><div class=\"service-desc\"> <p><em>M. Yaman \u00d6ZTEK<\/em><\/p><p><i>\u00d6zg\u00fcr \u00c7ENGEL<\/i><\/p> <\/div><div class=\"pt-plus-button-wrapper\"><div class=\"button_parallax\"><div id=\"btn69f336ed17d70\" class=\"ts-button\"><div class=\"pt_plus_button btn69f336ed17d70 button-style-9\"><div class=\"animted-content-inner\"><a class=\"button-link-wrap\" role=\"button\"><\/a><\/div><\/div><\/div><\/div><\/div><\/div><\/div><div class=\"infobox-overlay-color\"><\/div><\/div><\/div><\/div><\/div>\t\t\t\t<\/div>\n\t\t\t\t<\/div>\n\t\t\t\t\t<\/div>\n\t\t<\/div>\n\t\t\t\t\t<\/div>\n\t\t<\/section>\n\t\t\t\t<section class=\"elementor-section elementor-top-section elementor-element elementor-element-bd1d7f7 elementor-section-boxed elementor-section-height-default elementor-section-height-default\" data-id=\"bd1d7f7\" data-element_type=\"section\" data-e-type=\"section\">\n\t\t\t\t\t\t<div class=\"elementor-container elementor-column-gap-default\">\n\t\t\t\t\t<div class=\"elementor-column elementor-col-100 elementor-top-column elementor-element elementor-element-1a10e351\" data-id=\"1a10e351\" data-element_type=\"column\" data-e-type=\"column\">\n\t\t\t<div class=\"elementor-widget-wrap elementor-element-populated\">\n\t\t\t\t\t\t<div class=\"elementor-element elementor-element-b000306 elementor-widget elementor-widget-tp-info-box\" data-id=\"b000306\" data-element_type=\"widget\" data-e-type=\"widget\" data-widget_type=\"tp-info-box.default\">\n\t\t\t\t<div class=\"elementor-widget-container\">\n\t\t\t\t\t<div id=\"info_box69f336ed19697\" class=\"pt_plus_info_box  info_box69f336ed19697 info-box-style_1\"  data-id=\"info_box69f336ed19697\" ><div class=\"post-inner-loop\"><div class=\"info-box-inner content_hover_effect\"><div class=\"info-box-bg-box\"><div class=\"service-media text-left vertical-center\"><div class=\"m-r-16  service-img-border\"  style=\"border-color: #252525;\"> <div class=\"service-icon-wrap\"><i class=\"fa fa-file-pdf-o service-icon\"><\/i><\/div> <\/div><div class=\"service-content\"><a  ><div class=\"service-title\"> GPU H\u0131zland\u0131rmal\u0131 Veri Demetleme Algoritmalar\u0131n\u0131n \u0130ncelenmesi <\/div><\/a><div class=\"service-border\"> <\/div><div class=\"service-desc\"> <p><i>Nazire Merve \u00c7ET\u0130N<\/i><\/p><p><i>Murat HACI\u00d6MERO\u011eLU<\/i><\/p> <\/div><div class=\"pt-plus-button-wrapper\"><div class=\"button_parallax\"><div id=\"btn69f336ed19648\" class=\"ts-button\"><div class=\"pt_plus_button btn69f336ed19648 button-style-9\"><div class=\"animted-content-inner\"><a class=\"button-link-wrap\" role=\"button\"><\/a><\/div><\/div><\/div><\/div><\/div><\/div><\/div><div class=\"infobox-overlay-color\"><\/div><\/div><\/div><\/div><\/div>\t\t\t\t<\/div>\n\t\t\t\t<\/div>\n\t\t\t\t\t<\/div>\n\t\t<\/div>\n\t\t\t\t\t<\/div>\n\t\t<\/section>\n\t\t\t\t<section class=\"elementor-section elementor-top-section elementor-element elementor-element-7a5fc788 elementor-section-boxed elementor-section-height-default elementor-section-height-default\" data-id=\"7a5fc788\" data-element_type=\"section\" data-e-type=\"section\">\n\t\t\t\t\t\t<div class=\"elementor-container elementor-column-gap-default\">\n\t\t\t\t\t<div class=\"elementor-column elementor-col-100 elementor-top-column elementor-element elementor-element-1f401096\" data-id=\"1f401096\" data-element_type=\"column\" data-e-type=\"column\">\n\t\t\t<div class=\"elementor-widget-wrap elementor-element-populated\">\n\t\t\t\t\t\t<div class=\"elementor-element elementor-element-37d54890 elementor-widget elementor-widget-tp-info-box\" data-id=\"37d54890\" data-element_type=\"widget\" data-e-type=\"widget\" data-widget_type=\"tp-info-box.default\">\n\t\t\t\t<div class=\"elementor-widget-container\">\n\t\t\t\t\t<div id=\"info_box69f336ed1b020\" class=\"pt_plus_info_box  info_box69f336ed1b020 info-box-style_1\"  data-id=\"info_box69f336ed1b020\" ><div class=\"post-inner-loop\"><div class=\"info-box-inner content_hover_effect\"><div class=\"info-box-bg-box\"><div class=\"service-media text-left vertical-center\"><div class=\"m-r-16  service-img-border\"  style=\"border-color: #252525;\"> <div class=\"service-icon-wrap\"><i class=\"fa fa-file-pdf-o service-icon\"><\/i><\/div> <\/div><div class=\"service-content\"><a  ><div class=\"service-title\"> Sosyal Medya ve \u0130nternet Teknolojisi \u0130le Y\u00f6nde\u015fen Televizyon Yay\u0131nc\u0131l\u011f\u0131: Sosyal TV <\/div><\/a><div class=\"service-border\"> <\/div><div class=\"service-desc\"> <p><i>Ali Murat KIRIK<\/i><\/p><p>Murat Kaz\u0131m KARAKU\u015e<\/p> <\/div><div class=\"pt-plus-button-wrapper\"><div class=\"button_parallax\"><div id=\"btn69f336ed1afd2\" class=\"ts-button\"><div class=\"pt_plus_button btn69f336ed1afd2 button-style-9\"><div class=\"animted-content-inner\"><a class=\"button-link-wrap\" role=\"button\"><\/a><\/div><\/div><\/div><\/div><\/div><\/div><\/div><div class=\"infobox-overlay-color\"><\/div><\/div><\/div><\/div><\/div>\t\t\t\t<\/div>\n\t\t\t\t<\/div>\n\t\t\t\t\t<\/div>\n\t\t<\/div>\n\t\t\t\t\t<\/div>\n\t\t<\/section>\n\t\t\t\t<section class=\"elementor-section elementor-top-section elementor-element elementor-element-7c715de3 elementor-section-boxed elementor-section-height-default elementor-section-height-default\" data-id=\"7c715de3\" data-element_type=\"section\" data-e-type=\"section\">\n\t\t\t\t\t\t<div class=\"elementor-container elementor-column-gap-default\">\n\t\t\t\t\t<div class=\"elementor-column elementor-col-100 elementor-top-column elementor-element elementor-element-1dc805d3\" data-id=\"1dc805d3\" data-element_type=\"column\" data-e-type=\"column\">\n\t\t\t<div class=\"elementor-widget-wrap elementor-element-populated\">\n\t\t\t\t\t\t<div class=\"elementor-element elementor-element-73908dea elementor-widget elementor-widget-tp-info-box\" data-id=\"73908dea\" data-element_type=\"widget\" data-e-type=\"widget\" data-widget_type=\"tp-info-box.default\">\n\t\t\t\t<div class=\"elementor-widget-container\">\n\t\t\t\t\t<div id=\"info_box69f336ed1c8b0\" class=\"pt_plus_info_box  info_box69f336ed1c8b0 info-box-style_1\"  data-id=\"info_box69f336ed1c8b0\" ><div class=\"post-inner-loop\"><div class=\"info-box-inner content_hover_effect\"><div class=\"info-box-bg-box\"><div class=\"service-media text-left vertical-center\"><div class=\"m-r-16  service-img-border\"  style=\"border-color: #252525;\"> <div class=\"service-icon-wrap\"><i class=\"fa fa-file-pdf-o service-icon\"><\/i><\/div> <\/div><div class=\"service-content\"><a  ><div class=\"service-title\"> An Internet Radio from Turkey as an Example of Community Radio: Nor Radyo <\/div><\/a><div class=\"service-border\"> <\/div><div class=\"service-desc\"> <p><i>Figen ALG\u00dcL<\/i><\/p> <\/div><div class=\"pt-plus-button-wrapper\"><div class=\"button_parallax\"><div id=\"btn69f336ed1c836\" class=\"ts-button\"><div class=\"pt_plus_button btn69f336ed1c836 button-style-9\"><div class=\"animted-content-inner\"><a class=\"button-link-wrap\" role=\"button\"><\/a><\/div><\/div><\/div><\/div><\/div><\/div><\/div><div class=\"infobox-overlay-color\"><\/div><\/div><\/div><\/div><\/div>\t\t\t\t<\/div>\n\t\t\t\t<\/div>\n\t\t\t\t\t<\/div>\n\t\t<\/div>\n\t\t\t\t\t<\/div>\n\t\t<\/section>\n\t\t\t\t<section class=\"elementor-section elementor-top-section elementor-element elementor-element-6207446 elementor-section-boxed elementor-section-height-default elementor-section-height-default\" data-id=\"6207446\" data-element_type=\"section\" data-e-type=\"section\">\n\t\t\t\t\t\t<div class=\"elementor-container elementor-column-gap-default\">\n\t\t\t\t\t<div class=\"elementor-column elementor-col-100 elementor-top-column elementor-element elementor-element-13f87fd5\" data-id=\"13f87fd5\" data-element_type=\"column\" data-e-type=\"column\">\n\t\t\t<div class=\"elementor-widget-wrap elementor-element-populated\">\n\t\t\t\t\t\t<div class=\"elementor-element elementor-element-2dd71cec elementor-widget elementor-widget-tp-info-box\" data-id=\"2dd71cec\" data-element_type=\"widget\" data-e-type=\"widget\" data-widget_type=\"tp-info-box.default\">\n\t\t\t\t<div class=\"elementor-widget-container\">\n\t\t\t\t\t<div id=\"info_box69f336ed1e138\" class=\"pt_plus_info_box  info_box69f336ed1e138 info-box-style_1\"  data-id=\"info_box69f336ed1e138\" ><div class=\"post-inner-loop\"><div class=\"info-box-inner content_hover_effect\"><div class=\"info-box-bg-box\"><div class=\"service-media text-left vertical-center\"><div class=\"m-r-16  service-img-border\"  style=\"border-color: #252525;\"> <div class=\"service-icon-wrap\"><i class=\"fa fa-file-pdf-o service-icon\"><\/i><\/div> <\/div><div class=\"service-content\"><a  ><div class=\"service-title\"> \u0130nternet Habercili\u011finde yasad\u0131\u015f\u0131 G\u00f6\u00e7 Sorunu (Ocak 2011-Nisan 2012) <\/div><\/a><div class=\"service-border\"> <\/div><div class=\"service-desc\"> <p><i>Mukadder \u00c7AKIR<\/i><\/p> <\/div><div class=\"pt-plus-button-wrapper\"><div class=\"button_parallax\"><div id=\"btn69f336ed1e0ea\" class=\"ts-button\"><div class=\"pt_plus_button btn69f336ed1e0ea button-style-9\"><div class=\"animted-content-inner\"><a class=\"button-link-wrap\" role=\"button\"><\/a><\/div><\/div><\/div><\/div><\/div><\/div><\/div><div class=\"infobox-overlay-color\"><\/div><\/div><\/div><\/div><\/div>\t\t\t\t<\/div>\n\t\t\t\t<\/div>\n\t\t\t\t\t<\/div>\n\t\t<\/div>\n\t\t\t\t\t<\/div>\n\t\t<\/section>\n\t\t\t\t<section class=\"elementor-section elementor-top-section elementor-element elementor-element-a68b3ea elementor-section-boxed elementor-section-height-default elementor-section-height-default\" data-id=\"a68b3ea\" data-element_type=\"section\" data-e-type=\"section\">\n\t\t\t\t\t\t<div class=\"elementor-container elementor-column-gap-default\">\n\t\t\t\t\t<div class=\"elementor-column elementor-col-100 elementor-top-column elementor-element elementor-element-28e780d\" data-id=\"28e780d\" data-element_type=\"column\" data-e-type=\"column\">\n\t\t\t<div class=\"elementor-widget-wrap elementor-element-populated\">\n\t\t\t\t\t\t<div class=\"elementor-element elementor-element-510a3fd elementor-widget elementor-widget-tp-info-box\" data-id=\"510a3fd\" data-element_type=\"widget\" data-e-type=\"widget\" data-widget_type=\"tp-info-box.default\">\n\t\t\t\t<div class=\"elementor-widget-container\">\n\t\t\t\t\t<div id=\"info_box69f336ed1f9b2\" class=\"pt_plus_info_box  info_box69f336ed1f9b2 info-box-style_1\"  data-id=\"info_box69f336ed1f9b2\" ><div class=\"post-inner-loop\"><div class=\"info-box-inner content_hover_effect\"><div class=\"info-box-bg-box\"><div class=\"service-media text-left vertical-center\"><div class=\"m-r-16  service-img-border\"  style=\"border-color: #252525;\"> <div class=\"service-icon-wrap\"><i class=\"fa fa-file-pdf-o service-icon\"><\/i><\/div> <\/div><div class=\"service-content\"><a  ><div class=\"service-title\"> Vertebra Lomber Disklerde Meydana Gelen Bozulmalar\u0131n Manyetik Rezonans G\u00f6r\u00fcnt\u00fcleme (MRG) ile Analizi <\/div><\/a><div class=\"service-border\"> <\/div><div class=\"service-desc\"> <p><i>Esra \u00c7OBAN BUDAK<\/i><\/p><p><i>Mehmet Recep BOZKURT<\/i><\/p> <\/div><div class=\"pt-plus-button-wrapper\"><div class=\"button_parallax\"><div id=\"btn69f336ed1f964\" class=\"ts-button\"><div class=\"pt_plus_button btn69f336ed1f964 button-style-9\"><div class=\"animted-content-inner\"><a class=\"button-link-wrap\" role=\"button\"><\/a><\/div><\/div><\/div><\/div><\/div><\/div><\/div><div class=\"infobox-overlay-color\"><\/div><\/div><\/div><\/div><\/div>\t\t\t\t<\/div>\n\t\t\t\t<\/div>\n\t\t\t\t\t<\/div>\n\t\t<\/div>\n\t\t\t\t\t<\/div>\n\t\t<\/section>\n\t\t\t\t<\/div>","protected":false},"excerpt":{"rendered":"<p>\u0130\u00e7indekiler The Formation Of Green Buying Strategy On The Scope Of Consumer Decision Making Behavior M. Yaman \u00d6ZTEK \u00d6zg\u00fcr \u00c7ENGEL 10.5824\/1309\u20101581.2013.2.001.x GPU H\u0131zland\u0131rmal\u0131 Veri Demetleme&hellip;<\/p>","protected":false},"author":1,"featured_media":0,"parent":0,"menu_order":0,"comment_status":"closed","ping_status":"closed","template":"","meta":{"footnotes":""},"class_list":["post-935","page","type-page","status-publish","hentry"],"_links":{"self":[{"href":"https:\/\/ajit-e.org\/en\/wp-json\/wp\/v2\/pages\/935","targetHints":{"allow":["GET"]}}],"collection":[{"href":"https:\/\/ajit-e.org\/en\/wp-json\/wp\/v2\/pages"}],"about":[{"href":"https:\/\/ajit-e.org\/en\/wp-json\/wp\/v2\/types\/page"}],"author":[{"embeddable":true,"href":"https:\/\/ajit-e.org\/en\/wp-json\/wp\/v2\/users\/1"}],"replies":[{"embeddable":true,"href":"https:\/\/ajit-e.org\/en\/wp-json\/wp\/v2\/comments?post=935"}],"version-history":[{"count":0,"href":"https:\/\/ajit-e.org\/en\/wp-json\/wp\/v2\/pages\/935\/revisions"}],"wp:attachment":[{"href":"https:\/\/ajit-e.org\/en\/wp-json\/wp\/v2\/media?parent=935"}],"curies":[{"name":"wp","href":"https:\/\/api.w.org\/{rel}","templated":true}]}}