{"id":791,"date":"2020-11-16T21:42:09","date_gmt":"2020-11-16T21:42:09","guid":{"rendered":"https:\/\/ajit-e.org\/?page_id=791"},"modified":"2021-01-17T10:00:59","modified_gmt":"2021-01-17T10:00:59","slug":"volume-2-issue-3-spring-2011","status":"publish","type":"page","link":"https:\/\/ajit-e.org\/en\/volume-2-issue-3-spring-2011\/","title":{"rendered":"Cilt 2 \u2013 Say\u0131 3 \u2013 Bahar 2011"},"content":{"rendered":"<div data-elementor-type=\"wp-page\" data-elementor-id=\"791\" class=\"elementor elementor-791\" data-elementor-post-type=\"page\">\n\t\t\t\t\t\t<section class=\"elementor-section elementor-top-section elementor-element elementor-element-67f7ccb0 elementor-section-boxed elementor-section-height-default elementor-section-height-default\" data-id=\"67f7ccb0\" data-element_type=\"section\" data-e-type=\"section\">\n\t\t\t\t\t\t<div class=\"elementor-container elementor-column-gap-default\">\n\t\t\t\t\t<div class=\"elementor-column elementor-col-100 elementor-top-column elementor-element elementor-element-e2777ab\" data-id=\"e2777ab\" data-element_type=\"column\" data-e-type=\"column\">\n\t\t\t<div class=\"elementor-widget-wrap elementor-element-populated\">\n\t\t\t\t\t\t<div class=\"elementor-element elementor-element-1d03181e elementor-widget elementor-widget-tp-info-box\" data-id=\"1d03181e\" data-element_type=\"widget\" data-e-type=\"widget\" data-widget_type=\"tp-info-box.default\">\n\t\t\t\t<div class=\"elementor-widget-container\">\n\t\t\t\t\t<div id=\"info_box69f3fccadf66a\" class=\"pt_plus_info_box  info_box69f3fccadf66a info-box-style_1\"  data-id=\"info_box69f3fccadf66a\" ><div class=\"post-inner-loop\"><div class=\"info-box-inner content_hover_effect\"><div class=\"info-box-bg-box\"><div class=\"service-media text-left vertical-center\"><div class=\"m-r-16  service-img-border\"  style=\"border-color: #252525;\"> <div class=\"service-icon-wrap\"><i class=\"fa fa-file-pdf-o service-icon\"><\/i><\/div> <\/div><div class=\"service-content\"><a  ><div class=\"service-title\"> Table of Contents <\/div><\/a><div class=\"service-border\"> <\/div><\/div><\/div><div class=\"infobox-overlay-color\"><\/div><\/div><\/div><\/div><\/div>\t\t\t\t<\/div>\n\t\t\t\t<\/div>\n\t\t\t\t\t<\/div>\n\t\t<\/div>\n\t\t\t\t\t<\/div>\n\t\t<\/section>\n\t\t\t\t<section class=\"elementor-section elementor-top-section elementor-element elementor-element-60f55c9a elementor-section-boxed elementor-section-height-default elementor-section-height-default\" data-id=\"60f55c9a\" data-element_type=\"section\" data-e-type=\"section\">\n\t\t\t\t\t\t<div class=\"elementor-container elementor-column-gap-default\">\n\t\t\t\t\t<div class=\"elementor-column elementor-col-100 elementor-top-column elementor-element elementor-element-10778bc5\" data-id=\"10778bc5\" data-element_type=\"column\" data-e-type=\"column\">\n\t\t\t<div class=\"elementor-widget-wrap elementor-element-populated\">\n\t\t\t\t\t\t<div class=\"elementor-element elementor-element-1fb769a9 elementor-widget elementor-widget-tp-info-box\" data-id=\"1fb769a9\" data-element_type=\"widget\" data-e-type=\"widget\" data-widget_type=\"tp-info-box.default\">\n\t\t\t\t<div class=\"elementor-widget-container\">\n\t\t\t\t\t<div id=\"info_box69f3fccae2ba8\" class=\"pt_plus_info_box  info_box69f3fccae2ba8 info-box-style_1\"  data-id=\"info_box69f3fccae2ba8\" ><div class=\"post-inner-loop\"><div class=\"info-box-inner content_hover_effect\"><div class=\"info-box-bg-box\"><div class=\"service-media text-left vertical-center\"><div class=\"m-r-16  service-img-border\"  style=\"border-color: #252525;\"> <div class=\"service-icon-wrap\"><i class=\"fa fa-file-pdf-o service-icon\"><\/i><\/div> <\/div><div class=\"service-content\"><a  ><div class=\"service-title\"> Spor \u00dcr\u00fcnlerinin Tercih Edilme Nedenleri ve Marka Se\u00e7imi <\/div><\/a><div class=\"service-border\"> <\/div><div class=\"service-desc\"> <p><i>Sel\u00e7uk Bora \u00c7AVU\u015eO\u011eLU<\/i><\/p> <\/div><div class=\"pt-plus-button-wrapper\"><div class=\"button_parallax\"><div id=\"btn69f3fccae2b51\" class=\"ts-button\"><div class=\"pt_plus_button btn69f3fccae2b51 button-style-9\"><div class=\"animted-content-inner\"><a class=\"button-link-wrap\" role=\"button\"><\/a><\/div><\/div><\/div><\/div><\/div><\/div><\/div><div class=\"infobox-overlay-color\"><\/div><\/div><\/div><\/div><\/div>\t\t\t\t<\/div>\n\t\t\t\t<\/div>\n\t\t\t\t\t<\/div>\n\t\t<\/div>\n\t\t\t\t\t<\/div>\n\t\t<\/section>\n\t\t\t\t<section class=\"elementor-section elementor-top-section elementor-element elementor-element-76a5eeca elementor-section-boxed elementor-section-height-default elementor-section-height-default\" data-id=\"76a5eeca\" data-element_type=\"section\" data-e-type=\"section\">\n\t\t\t\t\t\t<div class=\"elementor-container elementor-column-gap-default\">\n\t\t\t\t\t<div class=\"elementor-column elementor-col-100 elementor-top-column elementor-element elementor-element-7602fd34\" data-id=\"7602fd34\" data-element_type=\"column\" data-e-type=\"column\">\n\t\t\t<div class=\"elementor-widget-wrap elementor-element-populated\">\n\t\t\t\t\t\t<div class=\"elementor-element elementor-element-3b6e8e6a elementor-widget elementor-widget-tp-info-box\" data-id=\"3b6e8e6a\" data-element_type=\"widget\" data-e-type=\"widget\" data-widget_type=\"tp-info-box.default\">\n\t\t\t\t<div class=\"elementor-widget-container\">\n\t\t\t\t\t<div id=\"info_box69f3fccae666d\" class=\"pt_plus_info_box  info_box69f3fccae666d info-box-style_1\"  data-id=\"info_box69f3fccae666d\" ><div class=\"post-inner-loop\"><div class=\"info-box-inner content_hover_effect\"><div class=\"info-box-bg-box\"><div class=\"service-media text-left vertical-center\"><div class=\"m-r-16  service-img-border\"  style=\"border-color: #252525;\"> <div class=\"service-icon-wrap\"><i class=\"fa fa-file-pdf-o service-icon\"><\/i><\/div> <\/div><div class=\"service-content\"><a  ><div class=\"service-title\"> \u0130nternet Sitelerinin Lojistik \u0130\u015fletmeleri A\u00e7\u0131s\u0131ndan \u00d6nemi <\/div><\/a><div class=\"service-border\"> <\/div><div class=\"service-desc\"> <p><i>Bihter KARAG\u00d6Z\u00a0<\/i><\/p><p><i>Tuba KARAH\u0130SAR<\/i><\/p> <\/div><div class=\"pt-plus-button-wrapper\"><div class=\"button_parallax\"><div id=\"btn69f3fccae661d\" class=\"ts-button\"><div class=\"pt_plus_button btn69f3fccae661d button-style-9\"><div class=\"animted-content-inner\"><a class=\"button-link-wrap\" role=\"button\"><\/a><\/div><\/div><\/div><\/div><\/div><\/div><\/div><div class=\"infobox-overlay-color\"><\/div><\/div><\/div><\/div><\/div>\t\t\t\t<\/div>\n\t\t\t\t<\/div>\n\t\t\t\t\t<\/div>\n\t\t<\/div>\n\t\t\t\t\t<\/div>\n\t\t<\/section>\n\t\t\t\t<section class=\"elementor-section elementor-top-section elementor-element elementor-element-6d2085a elementor-section-boxed elementor-section-height-default elementor-section-height-default\" data-id=\"6d2085a\" data-element_type=\"section\" data-e-type=\"section\">\n\t\t\t\t\t\t<div class=\"elementor-container elementor-column-gap-default\">\n\t\t\t\t\t<div class=\"elementor-column elementor-col-100 elementor-top-column elementor-element elementor-element-54092f63\" data-id=\"54092f63\" data-element_type=\"column\" data-e-type=\"column\">\n\t\t\t<div class=\"elementor-widget-wrap elementor-element-populated\">\n\t\t\t\t\t\t<div class=\"elementor-element elementor-element-36c07cf1 elementor-widget elementor-widget-tp-info-box\" data-id=\"36c07cf1\" data-element_type=\"widget\" data-e-type=\"widget\" data-widget_type=\"tp-info-box.default\">\n\t\t\t\t<div class=\"elementor-widget-container\">\n\t\t\t\t\t<div id=\"info_box69f3fccae9c1b\" class=\"pt_plus_info_box  info_box69f3fccae9c1b info-box-style_1\"  data-id=\"info_box69f3fccae9c1b\" ><div class=\"post-inner-loop\"><div class=\"info-box-inner content_hover_effect\"><div class=\"info-box-bg-box\"><div class=\"service-media text-left vertical-center\"><div class=\"m-r-16  service-img-border\"  style=\"border-color: #252525;\"> <div class=\"service-icon-wrap\"><i class=\"fa fa-file-pdf-o service-icon\"><\/i><\/div> <\/div><div class=\"service-content\"><a  ><div class=\"service-title\"> Bilgi ve \u0130leti\u015fim Teknolojilerinin E\u011fitime Entegrasyonu: Bilgisayar Tabanl\u0131 \u00d6yk\u00fc Tamamlama \u00c7al\u0131\u015fmas\u0131 \u00d6rne\u011fi <\/div><\/a><div class=\"service-border\"> <\/div><div class=\"service-desc\"> <p><i>Aylin TUTGUN<\/i><\/p><p><i>Nesrin \u00d6ZDENER<\/i><\/p> <\/div><div class=\"pt-plus-button-wrapper\"><div class=\"button_parallax\"><div id=\"btn69f3fccae9bcd\" class=\"ts-button\"><div class=\"pt_plus_button btn69f3fccae9bcd button-style-9\"><div class=\"animted-content-inner\"><a class=\"button-link-wrap\" role=\"button\"><\/a><\/div><\/div><\/div><\/div><\/div><\/div><\/div><div class=\"infobox-overlay-color\"><\/div><\/div><\/div><\/div><\/div>\t\t\t\t<\/div>\n\t\t\t\t<\/div>\n\t\t\t\t\t<\/div>\n\t\t<\/div>\n\t\t\t\t\t<\/div>\n\t\t<\/section>\n\t\t\t\t<section class=\"elementor-section elementor-top-section elementor-element elementor-element-5e1a6e82 elementor-section-boxed elementor-section-height-default elementor-section-height-default\" data-id=\"5e1a6e82\" data-element_type=\"section\" data-e-type=\"section\">\n\t\t\t\t\t\t<div class=\"elementor-container elementor-column-gap-default\">\n\t\t\t\t\t<div class=\"elementor-column elementor-col-100 elementor-top-column elementor-element elementor-element-6b3e15ad\" data-id=\"6b3e15ad\" data-element_type=\"column\" data-e-type=\"column\">\n\t\t\t<div class=\"elementor-widget-wrap elementor-element-populated\">\n\t\t\t\t\t\t<div class=\"elementor-element elementor-element-5089247f elementor-widget elementor-widget-tp-info-box\" data-id=\"5089247f\" data-element_type=\"widget\" data-e-type=\"widget\" data-widget_type=\"tp-info-box.default\">\n\t\t\t\t<div class=\"elementor-widget-container\">\n\t\t\t\t\t<div id=\"info_box69f3fccaecfd0\" class=\"pt_plus_info_box  info_box69f3fccaecfd0 info-box-style_1\"  data-id=\"info_box69f3fccaecfd0\" ><div class=\"post-inner-loop\"><div class=\"info-box-inner content_hover_effect\"><div class=\"info-box-bg-box\"><div class=\"service-media text-left vertical-center\"><div class=\"m-r-16  service-img-border\"  style=\"border-color: #252525;\"> <div class=\"service-icon-wrap\"><i class=\"fa fa-file-pdf-o service-icon\"><\/i><\/div> <\/div><div class=\"service-content\"><a  ><div class=\"service-title\"> G\u00fcney Do\u011fu Avrupa\u2019da \u00c7evrimi\u00e7i Gazetecilik <\/div><\/a><div class=\"service-border\"> <\/div><div class=\"service-desc\"> <p><i>Osman K\u00d6RO\u011eLU<\/i><\/p><p><i>\u00d6zhan TING\u00d6Y<\/i><\/p> <\/div><div class=\"pt-plus-button-wrapper\"><div class=\"button_parallax\"><div id=\"btn69f3fccaecf81\" class=\"ts-button\"><div class=\"pt_plus_button btn69f3fccaecf81 button-style-9\"><div class=\"animted-content-inner\"><a class=\"button-link-wrap\" role=\"button\"><\/a><\/div><\/div><\/div><\/div><\/div><\/div><\/div><div class=\"infobox-overlay-color\"><\/div><\/div><\/div><\/div><\/div>\t\t\t\t<\/div>\n\t\t\t\t<\/div>\n\t\t\t\t\t<\/div>\n\t\t<\/div>\n\t\t\t\t\t<\/div>\n\t\t<\/section>\n\t\t\t\t<section class=\"elementor-section elementor-top-section elementor-element elementor-element-36d8a9f8 elementor-section-boxed elementor-section-height-default elementor-section-height-default\" data-id=\"36d8a9f8\" data-element_type=\"section\" data-e-type=\"section\">\n\t\t\t\t\t\t<div class=\"elementor-container elementor-column-gap-default\">\n\t\t\t\t\t<div class=\"elementor-column elementor-col-100 elementor-top-column elementor-element elementor-element-1db4bd5e\" data-id=\"1db4bd5e\" data-element_type=\"column\" data-e-type=\"column\">\n\t\t\t<div class=\"elementor-widget-wrap elementor-element-populated\">\n\t\t\t\t\t\t<div class=\"elementor-element elementor-element-5b15e107 elementor-widget elementor-widget-tp-info-box\" data-id=\"5b15e107\" data-element_type=\"widget\" data-e-type=\"widget\" data-widget_type=\"tp-info-box.default\">\n\t\t\t\t<div class=\"elementor-widget-container\">\n\t\t\t\t\t<div id=\"info_box69f3fccaef791\" class=\"pt_plus_info_box  info_box69f3fccaef791 info-box-style_1\"  data-id=\"info_box69f3fccaef791\" ><div class=\"post-inner-loop\"><div class=\"info-box-inner content_hover_effect\"><div class=\"info-box-bg-box\"><div class=\"service-media text-left vertical-center\"><div class=\"m-r-16  service-img-border\"  style=\"border-color: #252525;\"> <div class=\"service-icon-wrap\"><i class=\"fa fa-file-pdf-o service-icon\"><\/i><\/div> <\/div><div class=\"service-content\"><a  ><div class=\"service-title\"> Rayl\u0131 Sistemlerde Afet An\u0131nda Acil M\u00fcdahaleye Y\u00f6nelik Bir Proje Yakla\u015f\u0131m\u0131 <\/div><\/a><div class=\"service-border\"> <\/div><div class=\"service-desc\"> <p><i>Sabri Serkan G\u00dcLL\u00dcO\u011eLU<\/i><\/p> <\/div><div class=\"pt-plus-button-wrapper\"><div class=\"button_parallax\"><div id=\"btn69f3fccaef724\" class=\"ts-button\"><div class=\"pt_plus_button btn69f3fccaef724 button-style-9\"><div class=\"animted-content-inner\"><a class=\"button-link-wrap\" role=\"button\"><\/a><\/div><\/div><\/div><\/div><\/div><\/div><\/div><div class=\"infobox-overlay-color\"><\/div><\/div><\/div><\/div><\/div>\t\t\t\t<\/div>\n\t\t\t\t<\/div>\n\t\t\t\t\t<\/div>\n\t\t<\/div>\n\t\t\t\t\t<\/div>\n\t\t<\/section>\n\t\t\t\t<\/div>","protected":false},"excerpt":{"rendered":"<p>\u0130\u00e7indekiler Spor \u00dcr\u00fcnlerinin Tercih Edilme Nedenleri ve Marka Se\u00e7imi Sel\u00e7uk Bora \u00c7AVU\u015eO\u011eLU 10.5824\/1309-1581.2011.2.001.x \u0130nternet Sitelerinin Lojistik \u0130\u015fletmeleri A\u00e7\u0131s\u0131ndan \u00d6nemi Bihter KARAG\u00d6Z Tuba KARAH\u0130SAR 10.5824\/1309-1581.2011.2.002.x Bilgi&hellip;<\/p>","protected":false},"author":1,"featured_media":0,"parent":0,"menu_order":0,"comment_status":"closed","ping_status":"closed","template":"","meta":{"footnotes":""},"class_list":["post-791","page","type-page","status-publish","hentry"],"_links":{"self":[{"href":"https:\/\/ajit-e.org\/en\/wp-json\/wp\/v2\/pages\/791","targetHints":{"allow":["GET"]}}],"collection":[{"href":"https:\/\/ajit-e.org\/en\/wp-json\/wp\/v2\/pages"}],"about":[{"href":"https:\/\/ajit-e.org\/en\/wp-json\/wp\/v2\/types\/page"}],"author":[{"embeddable":true,"href":"https:\/\/ajit-e.org\/en\/wp-json\/wp\/v2\/users\/1"}],"replies":[{"embeddable":true,"href":"https:\/\/ajit-e.org\/en\/wp-json\/wp\/v2\/comments?post=791"}],"version-history":[{"count":0,"href":"https:\/\/ajit-e.org\/en\/wp-json\/wp\/v2\/pages\/791\/revisions"}],"wp:attachment":[{"href":"https:\/\/ajit-e.org\/en\/wp-json\/wp\/v2\/media?parent=791"}],"curies":[{"name":"wp","href":"https:\/\/api.w.org\/{rel}","templated":true}]}}