{"id":466,"date":"2018-03-30T03:13:43","date_gmt":"2018-03-30T03:13:43","guid":{"rendered":"https:\/\/customifysites.com\/consulting\/?page_id=10"},"modified":"2022-02-28T14:33:06","modified_gmt":"2022-02-28T11:33:06","slug":"iletisim","status":"publish","type":"page","link":"https:\/\/ajit-e.org\/en\/iletisim\/","title":{"rendered":"Contact"},"content":{"rendered":"\t\t<div data-elementor-type=\"wp-post\" data-elementor-id=\"466\" class=\"elementor elementor-466\" data-elementor-post-type=\"page\">\n\t\t\t\t\t\t<section class=\"elementor-section elementor-top-section elementor-element elementor-element-d1e2292 elementor-section-boxed elementor-section-height-default elementor-section-height-default\" data-id=\"d1e2292\" data-element_type=\"section\" data-e-type=\"section\">\n\t\t\t\t\t\t<div class=\"elementor-container elementor-column-gap-default\">\n\t\t\t\t\t<div class=\"elementor-column elementor-col-100 elementor-top-column elementor-element elementor-element-29324a2\" data-id=\"29324a2\" data-element_type=\"column\" data-e-type=\"column\">\n\t\t\t<div class=\"elementor-widget-wrap elementor-element-populated\">\n\t\t\t\t\t\t<div class=\"elementor-element elementor-element-894a60e elementor-widget elementor-widget-tp-contact-form-7\" data-id=\"894a60e\" data-element_type=\"widget\" data-e-type=\"widget\" data-widget_type=\"tp-contact-form-7.default\">\n\t\t\t\t<div class=\"elementor-widget-container\">\n\t\t\t\t\t<div class=\"theplus-contact-form plus-cf7-label  text-center    after \" >[contact-form-7 id=\"2356\"]<\/div>\t\t\t\t<\/div>\n\t\t\t\t<\/div>\n\t\t\t\t\t<\/div>\n\t\t<\/div>\n\t\t\t\t\t<\/div>\n\t\t<\/section>\n\t\t\t\t<section class=\"elementor-section elementor-top-section elementor-element elementor-element-82aaa92 elementor-section-boxed elementor-section-height-default elementor-section-height-default\" data-id=\"82aaa92\" data-element_type=\"section\" data-e-type=\"section\">\n\t\t\t\t\t\t<div class=\"elementor-container elementor-column-gap-default\">\n\t\t\t\t\t<div class=\"elementor-column elementor-col-100 elementor-top-column elementor-element elementor-element-24b1608\" data-id=\"24b1608\" data-element_type=\"column\" data-e-type=\"column\">\n\t\t\t<div class=\"elementor-widget-wrap elementor-element-populated\">\n\t\t\t\t\t\t<div class=\"elementor-element elementor-element-06aa894 elementor-widget elementor-widget-google_maps\" data-id=\"06aa894\" data-element_type=\"widget\" data-e-type=\"widget\" data-widget_type=\"google_maps.default\">\n\t\t\t\t<div class=\"elementor-widget-container\">\n\t\t\t\t\t\t\t<div class=\"elementor-custom-embed\">\n\t\t\t<iframe loading=\"lazy\"\n\t\t\t\t\tsrc=\"https:\/\/maps.google.com\/maps?q=Akademik%20Bili%C5%9Fim%20Ara%C5%9Ft%C4%B1rmalar%C4%B1%20Derne%C4%9Fi&#038;t=m&#038;z=18&#038;output=embed&#038;iwloc=near\"\n\t\t\t\t\ttitle=\"Akademik Bili\u015fim Ara\u015ft\u0131rmalar\u0131 Derne\u011fi\"\n\t\t\t\t\taria-label=\"Akademik Bili\u015fim Ara\u015ft\u0131rmalar\u0131 Derne\u011fi\"\n\t\t\t><\/iframe>\n\t\t<\/div>\n\t\t\t\t\t\t<\/div>\n\t\t\t\t<\/div>\n\t\t\t\t\t<\/div>\n\t\t<\/div>\n\t\t\t\t\t<\/div>\n\t\t<\/section>\n\t\t\t\t<section class=\"elementor-section elementor-top-section elementor-element elementor-element-ad9c3c1 elementor-section-boxed elementor-section-height-default elementor-section-height-default\" data-id=\"ad9c3c1\" data-element_type=\"section\" data-e-type=\"section\">\n\t\t\t\t\t\t<div class=\"elementor-container elementor-column-gap-default\">\n\t\t\t\t\t<div class=\"elementor-column elementor-col-100 elementor-top-column elementor-element elementor-element-0bc2de5\" data-id=\"0bc2de5\" data-element_type=\"column\" data-e-type=\"column\">\n\t\t\t<div class=\"elementor-widget-wrap elementor-element-populated\">\n\t\t\t\t\t\t<div class=\"elementor-element elementor-element-eb37e69 elementor-widget elementor-widget-text-editor\" data-id=\"eb37e69\" data-element_type=\"widget\" data-e-type=\"widget\" data-widget_type=\"text-editor.default\">\n\t\t\t\t<div class=\"elementor-widget-container\">\n\t\t\t\t\t\t\t\t\t<p style=\"text-align: center;\"><b>AJIT-e (Academic Journal of Information Technology) &#8211; Akademik Bili\u015fim Ara\u015ft\u0131rmalar\u0131 Derne\u011fi<br \/>Adres:\u00a0<\/b>Suadiye Mahallesi, Kaz\u0131m \u00d6zalp Sokak, No: 15, Kat: 2, PK: 34740 \u015ea\u015fk\u0131nbakkal KADIK\u00d6Y \/ ISTANBUL \/ TURKEY<br \/><b>Tel:\u00a0<\/b>+90 216 355 56 19<b><br \/>Faks:\u00a0<\/b>+90 216 368 43 30<b><br \/>Email:\u00a0<\/b><b><a href=\"mailto:editor@ajit-e.org\" target=\"_blank\" rel=\"noopener\">editor@ajit-e.org<\/a><\/b><\/p>\t\t\t\t\t\t\t\t<\/div>\n\t\t\t\t<\/div>\n\t\t\t\t\t<\/div>\n\t\t<\/div>\n\t\t\t\t\t<\/div>\n\t\t<\/section>\n\t\t\t\t<\/div>\n\t\t","protected":false},"excerpt":{"rendered":"<p>[contact-form-7 id=&#8221;2356&#8243;] AJIT-e (Academic Journal of Information Technology) &#8211; Akademik Bili\u015fim Ara\u015ft\u0131rmalar\u0131 Derne\u011fiAdres:\u00a0Suadiye Mahallesi, Kaz\u0131m \u00d6zalp Sokak, No: 15, Kat: 2, PK: 34740 \u015ea\u015fk\u0131nbakkal KADIK\u00d6Y&hellip;<\/p>\n","protected":false},"author":2,"featured_media":0,"parent":0,"menu_order":0,"comment_status":"closed","ping_status":"closed","template":"","meta":{"footnotes":""},"class_list":["post-466","page","type-page","status-publish","hentry"],"_links":{"self":[{"href":"https:\/\/ajit-e.org\/en\/wp-json\/wp\/v2\/pages\/466","targetHints":{"allow":["GET"]}}],"collection":[{"href":"https:\/\/ajit-e.org\/en\/wp-json\/wp\/v2\/pages"}],"about":[{"href":"https:\/\/ajit-e.org\/en\/wp-json\/wp\/v2\/types\/page"}],"author":[{"embeddable":true,"href":"https:\/\/ajit-e.org\/en\/wp-json\/wp\/v2\/users\/2"}],"replies":[{"embeddable":true,"href":"https:\/\/ajit-e.org\/en\/wp-json\/wp\/v2\/comments?post=466"}],"version-history":[{"count":4,"href":"https:\/\/ajit-e.org\/en\/wp-json\/wp\/v2\/pages\/466\/revisions"}],"predecessor-version":[{"id":3028,"href":"https:\/\/ajit-e.org\/en\/wp-json\/wp\/v2\/pages\/466\/revisions\/3028"}],"wp:attachment":[{"href":"https:\/\/ajit-e.org\/en\/wp-json\/wp\/v2\/media?parent=466"}],"curies":[{"name":"wp","href":"https:\/\/api.w.org\/{rel}","templated":true}]}}