{"id":30,"date":"2018-03-30T03:25:27","date_gmt":"2018-03-30T03:25:27","guid":{"rendered":"https:\/\/customifysites.com\/consulting\/?page_id=30"},"modified":"2025-05-24T00:46:04","modified_gmt":"2025-05-23T21:46:04","slug":"editor","status":"publish","type":"page","link":"https:\/\/ajit-e.org\/en\/editor\/","title":{"rendered":"Editorial Board"},"content":{"rendered":"<div data-elementor-type=\"wp-post\" data-elementor-id=\"30\" class=\"elementor elementor-30\" data-elementor-post-type=\"page\">\n\t\t\t\t\t\t<section class=\"elementor-section elementor-top-section elementor-element elementor-element-8bba7fe elementor-section-boxed elementor-section-height-default elementor-section-height-default\" data-id=\"8bba7fe\" data-element_type=\"section\" data-e-type=\"section\">\n\t\t\t\t\t\t<div class=\"elementor-container elementor-column-gap-default\">\n\t\t\t\t\t<div class=\"elementor-column elementor-col-100 elementor-top-column elementor-element elementor-element-50d7aae\" data-id=\"50d7aae\" data-element_type=\"column\" data-e-type=\"column\">\n\t\t\t<div class=\"elementor-widget-wrap elementor-element-populated\">\n\t\t\t\t\t\t<div class=\"elementor-element elementor-element-39b12be elementor-widget elementor-widget-html\" data-id=\"39b12be\" data-element_type=\"widget\" data-e-type=\"widget\" data-widget_type=\"html.default\">\n\t\t\t\t<div class=\"elementor-widget-container\">\n\t\t\t\t\t<style>\n.editorial-board {\n    font-family: 'Open Sans', sans-serif;\n    line-height: 1.6;\n    color: #333;\n    max-width: 1200px;\n    margin: 0 auto;\n    padding: 20px;\n    position: relative;\n}\n\n.update-date {\n    background: linear-gradient(135deg, #234e7a, #08417a);\n    color: white;\n    padding: 8px 15px;\n    border-radius: 20px;\n    font-size: 0.85em;\n    font-weight: 500;\n    box-shadow: 0 4px 12px rgba(35, 78, 122, 0.3);\n    border: 2px solid rgba(255,255,255,0.2);\n}\n\n.section-title {\n    text-align: center;\n    font-size: 2.2em;\n    color: #234e7a;\n    margin: 50px 0 30px;\n    font-weight: 600;\n    position: relative;\n}\n\n.section-title::after {\n    content: '';\n    display: block;\n    width: 60px;\n    height: 3px;\n    background: linear-gradient(90deg, #234e7a, #08417a);\n    margin: 15px auto;\n    border-radius: 2px;\n}\n\n.section-subtitle {\n    text-align: center;\n    font-size: 1.3em;\n    color: #666;\n    margin-bottom: 40px;\n    font-style: italic;\n}\n\n.editorial-grid {\n    display: grid;\n    grid-template-columns: repeat(auto-fit, minmax(280px, 1fr));\n    gap: 25px;\n    margin-bottom: 50px;\n}\n\n.editorial-grid.single {\n    justify-content: center;\n}\n\n.editorial-grid.single .member-card {\n    max-width: 350px;\n    margin: 0 auto;\n}\n\n.member-card {\n    background: #fff;\n    border-radius: 15px;\n    padding: 25px;\n    text-align: center;\n    box-shadow: 0 8px 25px rgba(35, 78, 122, 0.1);\n    transition: all 0.3s ease;\n    border: 1px solid #f0f0f0;\n    position: relative;\n    overflow: hidden;\n}\n\n.member-card::before {\n    content: '';\n    position: absolute;\n    top: 0;\n    left: 0;\n    right: 0;\n    height: 4px;\n    background: linear-gradient(90deg, #234e7a, #08417a);\n    transform: scaleX(0);\n    transition: transform 0.3s ease;\n}\n\n.member-card:hover::before {\n    transform: scaleX(1);\n}\n\n.member-card:hover {\n    transform: translateY(-8px);\n    box-shadow: 0 15px 35px rgba(35, 78, 122, 0.15);\n}\n\n.member-photo {\n    width: 120px;\n    height: 120px;\n    border-radius: 50%;\n    margin: 0 auto 20px;\n    border: 4px solid #f8f9fa;\n    overflow: hidden;\n    position: relative;\n}\n\n.member-photo img {\n    width: 100%;\n    height: 100%;\n    object-fit: cover;\n    transition: transform 0.3s ease;\n}\n\n.member-card:hover .member-photo img {\n    transform: scale(1.05);\n}\n\n.member-name {\n    font-size: 1.25em;\n    font-weight: 600;\n    color: #234e7a;\n    margin-bottom: 8px;\n    line-height: 1.3;\n}\n\n.member-university {\n    color: #666;\n    font-size: 0.95em;\n    margin-bottom: 15px;\n}\n\n.member-role {\n    background: linear-gradient(135deg, #234e7a, #08417a);\n    color: white;\n    padding: 6px 15px;\n    border-radius: 20px;\n    font-size: 0.85em;\n    display: inline-block;\n    font-weight: 500;\n}\n\n\/* Responsive *\/\n@media (max-width: 768px) {\n    .editorial-board {\n        padding: 15px;\n    }\n    \n    .section-title {\n        font-size: 1.8em;\n        margin: 30px 0 20px;\n    }\n    \n    .editorial-grid {\n        grid-template-columns: repeat(auto-fit, minmax(250px, 1fr));\n        gap: 20px;\n    }\n    \n    .member-card {\n        padding: 20px;\n    }\n    \n    .member-photo {\n        width: 100px;\n        height: 100px;\n    }\n    \n    .update-date {\n        position: relative;\n        font-size: 0.8em;\n        margin: 10px;\n    }\n    \n    .update-date.top-right {\n        top: 0;\n        right: 0;\n    }\n    \n    .update-date.bottom-right {\n        bottom: 0;\n        right: 0;\n    }\n}\n\n@media (max-width: 480px) {\n    .editorial-grid {\n        grid-template-columns: 1fr;\n        gap: 15px;\n    }\n    \n    .section-title {\n        font-size: 1.6em;\n    }\n}\n\n.intro-text {\n    text-align: center;\n    font-size: 1.1em;\n    color: #666;\n    margin-bottom: 50px;\n    line-height: 1.8;\n    max-width: 800px;\n    margin-left: auto;\n    margin-right: auto;\n}\n<\/style>\n\n<!-- G\u00fcncelleme Tarihleri -->\n<div class=\"update-date bottom-right\">Son G\u00fcncelleme: 24.05.2025<\/div>\n\n<div class=\"editorial-board\">\n    \n \n\n    <!-- Sahibi - Ba\u015f Edit\u00f6r -->\n    <h2 class=\"section-title\">Owner - Editor-in-Chief<\/h2>\n    <div class=\"editorial-grid single\">\n        <div class=\"member-card\">\n            <div class=\"member-photo\">\n                <img decoding=\"async\" src=\"https:\/\/dergipark.org.tr\/media\/cache\/user_croped\/4149\/bb29\/209f\/5ea0035a474a5.jpg\" \n                     alt=\"Prof. Dr. \u00d6zhan T\u0130NG\u00d6Y\" \n                     onerror=\"this.src='https:\/\/dergipark.org.tr\/zollu\/images\/default-avatar.png'\">\n            <\/div>\n            <h3 class=\"member-name\">Prof. \u00d6zhan T\u0130NG\u00d6Y<\/h3>\n            <p class=\"member-university\">Marmara University<\/p>\n            <span class=\"member-role\">Ba\u015f Edit\u00f6r<\/span>\n        <\/div>\n    <\/div>\n\n    <!-- Edit\u00f6rler -->\n    <h2 class=\"section-title\">Edit\u00f6rler<\/h2>\n    <div class=\"editorial-grid\">\n        <div class=\"member-card\">\n            <div class=\"member-photo\">\n                <img decoding=\"async\" src=\"https:\/\/dergipark.org.tr\/media\/cache\/user_croped\/86dc\/0748\/3e2d\/5baa042aee508.jpg\" \n                     alt=\"Prof. Dr. \u015eevki I\u015eIKLI\"\n                     onerror=\"this.src='https:\/\/dergipark.org.tr\/zollu\/images\/default-avatar.png'\">\n            <\/div>\n            <h3 class=\"member-name\">Prof. Dr. \u015eevki I\u015eIKLI<\/h3>\n            <p class=\"member-university\">Marmara \u00dcniversitesi \u0130leti\u015fim Fak\u00fcltesi<\/p>\n            <span class=\"member-role\">Edit\u00f6r<\/span>\n        <\/div>\n        \n        <div class=\"member-card\">\n            <div class=\"member-photo\">\n                <img decoding=\"async\" src=\"https:\/\/dergipark.org.tr\/media\/cache\/user_croped\/c439\/67d4\/9e36\/62f01678796d2.jpeg\" \n                     alt=\"Dr. \u00d6\u011fr. \u00dcyesi Alaattin ASLAN\"\n                     onerror=\"this.src='https:\/\/dergipark.org.tr\/zollu\/images\/default-avatar.png'\">\n            <\/div>\n            <h3 class=\"member-name\">Dr. \u00d6\u011fr. \u00dcyesi Alaattin ASLAN<\/h3>\n            <p class=\"member-university\">Marmara \u00dcniversitesi \u0130leti\u015fim Fak\u00fcltesi<\/p>\n            <span class=\"member-role\">Edit\u00f6r<\/span>\n        <\/div>\n    <\/div>\n\n    <!-- Alan Edit\u00f6rleri (Fen Bilimleri) -->\n    <h2 class=\"section-title\">Alan Edit\u00f6rleri<\/h2>\n    <p class=\"section-subtitle\">(Fen Bilimleri)<\/p>\n    <div class=\"editorial-grid\">\n        <div class=\"member-card\">\n            <div class=\"member-photo\">\n                <img decoding=\"async\" src=\"https:\/\/dergipark.org.tr\/zollu\/images\/default-avatar.png\" \n                     alt=\"Prof. Dr. Nazmi EKREN\">\n            <\/div>\n            <h3 class=\"member-name\">Prof. Nazmi EKREN<\/h3>\n            <p class=\"member-university\">Marmara University<\/p>\n            <span class=\"member-role\">Alan Edit\u00f6r\u00fc<\/span>\n        <\/div>\n        \n        <div class=\"member-card\">\n            <div class=\"member-photo\">\n                <img decoding=\"async\" src=\"https:\/\/dergipark.org.tr\/media\/cache\/user_croped\/e3ba\/11ba\/c88e\/6180e2d7e2a96.jpg\" \n                     alt=\"Prof. Dr. Nil\u00fcfer YURTAY\"\n                     onerror=\"this.src='https:\/\/dergipark.org.tr\/zollu\/images\/default-avatar.png'\">\n            <\/div>\n            <h3 class=\"member-name\">Prof. Dr. Nil\u00fcfer YURTAY<\/h3>\n            <p class=\"member-university\">Sakarya \u00dcniversitesi<\/p>\n            <span class=\"member-role\">Alan Edit\u00f6r\u00fc<\/span>\n        <\/div>\n        \n        <div class=\"member-card\">\n            <div class=\"member-photo\">\n                <img decoding=\"async\" src=\"https:\/\/dergipark.org.tr\/media\/cache\/user_croped\/3605\/fdaa\/dbbb\/5da46984f07d4.jpg\" \n                     alt=\"Prof. Dr. R\u0131dvan \u015eAH\u0130N\"\n                     onerror=\"this.src='https:\/\/dergipark.org.tr\/zollu\/images\/default-avatar.png'\">\n            <\/div>\n            <h3 class=\"member-name\">Prof. Dr. R\u0131dvan \u015eAH\u0130N<\/h3>\n            <p class=\"member-university\">Gumushane University<\/p>\n            <span class=\"member-role\">Alan Edit\u00f6r\u00fc<\/span>\n        <\/div>\n    <\/div>\n\n    <!-- Alan Edit\u00f6rleri (Sosyal Bilimler) -->\n    <h2 class=\"section-title\">Alan Edit\u00f6rleri<\/h2>\n    <p class=\"section-subtitle\">(Sosyal Bilimler)<\/p>\n    <div class=\"editorial-grid\">\n        <div class=\"member-card\">\n            <div class=\"member-photo\">\n                <img decoding=\"async\" src=\"https:\/\/dergipark.org.tr\/zollu\/images\/default-avatar.png\" \n                     alt=\"Do\u00e7. \u0130hsan KARLI\">\n            <\/div>\n            <h3 class=\"member-name\">Do\u00e7. \u0130hsan KARLI<\/h3>\n            <p class=\"member-university\">Kocaeli University<\/p>\n            <span class=\"member-role\">Alan Edit\u00f6r\u00fc<\/span>\n        <\/div>\n        \n        <div class=\"member-card\">\n            <div class=\"member-photo\">\n                <img decoding=\"async\" src=\"https:\/\/dergipark.org.tr\/media\/cache\/user_croped\/44ef\/5ea8\/d3be\/663e35d26e4f4.jpeg\" \n                     alt=\"Do\u00e7. Dr. Serkan BAYRAKCI\"\n                     onerror=\"this.src='https:\/\/dergipark.org.tr\/zollu\/images\/default-avatar.png'\">\n            <\/div>\n            <h3 class=\"member-name\">Do\u00e7. Dr. Serkan BAYRAKCI<\/h3>\n            <p class=\"member-university\">Marmara University<\/p>\n            <span class=\"member-role\">Alan Edit\u00f6r\u00fc<\/span>\n        <\/div>\n        \n        <div class=\"member-card\">\n            <div class=\"member-photo\">\n                <img decoding=\"async\" src=\"https:\/\/dergipark.org.tr\/zollu\/images\/default-avatar.png\" \n                     alt=\"Dr. \u00d6\u011fr. \u00dcyesi Yusuf BUDAK\">\n            <\/div>\n            <h3 class=\"member-name\">Asst. Prof. Yusuf BUDAK<\/h3>\n            <p class=\"member-university\">Kocaeli University<\/p>\n            <span class=\"member-role\">Alan Edit\u00f6r\u00fc<\/span>\n        <\/div>\n    <\/div>\n\n    <!-- Yabanc\u0131 Dil Edit\u00f6rleri -->\n    <h2 class=\"section-title\">Yabanc\u0131 Dil Edit\u00f6rleri<\/h2>\n    <div class=\"editorial-grid\">\n        <div class=\"member-card\">\n            <div class=\"member-photo\">\n                <img decoding=\"async\" src=\"https:\/\/dergipark.org.tr\/media\/cache\/user_croped\/f490\/8101\/d772\/65ea35d22bad5.jpg\" \n                     alt=\"Do\u00e7. Dr. S\u00fcheyla Nil MUSTAFA\"\n                     onerror=\"this.src='https:\/\/dergipark.org.tr\/zollu\/images\/default-avatar.png'\">\n            <\/div>\n            <h3 class=\"member-name\">Do\u00e7. Dr. S\u00fcheyla Nil MUSTAFA<\/h3>\n            <p class=\"member-university\">Marmara University<\/p>\n            <span class=\"member-role\">Dil Edit\u00f6r\u00fc<\/span>\n        <\/div>\n        \n        <div class=\"member-card\">\n            <div class=\"member-photo\">\n                <img decoding=\"async\" src=\"https:\/\/dergipark.org.tr\/media\/cache\/user_croped\/44ef\/5ea8\/d3be\/663e35d26e4f4.jpeg\" \n                     alt=\"Do\u00e7. Dr. Serkan BAYRAKCI\"\n                     onerror=\"this.src='https:\/\/dergipark.org.tr\/zollu\/images\/default-avatar.png'\">\n            <\/div>\n            <h3 class=\"member-name\">Do\u00e7. Dr. Serkan BAYRAKCI<\/h3>\n            <p class=\"member-university\">Marmara University<\/p>\n            <span class=\"member-role\">Dil Edit\u00f6r\u00fc<\/span>\n        <\/div>\n    <\/div>\n\n    <!-- Edit\u00f6ryal Sekretarya -->\n    <h2 class=\"section-title\">Editorial Secretariat<\/h2>\n    <div class=\"editorial-grid single\">\n        <div class=\"member-card\">\n            <div class=\"member-photo\">\n                <img decoding=\"async\" src=\"https:\/\/dergipark.org.tr\/media\/cache\/user_croped\/bc80\/0b09\/d8ba\/640ce19ed812e.jpg\" \n                     alt=\"Uzman Mustafa \u00c7OKYA\u015eAR\"\n                     onerror=\"this.src='https:\/\/dergipark.org.tr\/zollu\/images\/default-avatar.png'\">\n            <\/div>\n            <h3 class=\"member-name\">Uzman Mustafa \u00c7OKYA\u015eAR<\/h3>\n            <p class=\"member-university\">Marmara University<\/p>\n            <span class=\"member-role\">Editorial Secretariat<\/span>\n        <\/div>\n    <\/div>\n\n    <!-- Redakt\u00f6rler -->\n    <h2 class=\"section-title\">Redakt\u00f6rler<\/h2>\n    <div class=\"editorial-grid\">\n        <div class=\"member-card\">\n            <div class=\"member-photo\">\n                <img decoding=\"async\" src=\"https:\/\/dergipark.org.tr\/media\/cache\/user_croped\/89a0\/b41f\/f03b\/66d1fabd5c163.jpg\" \n                     alt=\"Doktora F\u0131rat Mert DEM\u0130R\"\n                     onerror=\"this.src='https:\/\/dergipark.org.tr\/zollu\/images\/default-avatar.png'\">\n            <\/div>\n            <h3 class=\"member-name\">Doktora F\u0131rat Mert DEM\u0130R<\/h3>\n            <p class=\"member-university\">Marmara University<\/p>\n            <span class=\"member-role\">Redakt\u00f6r<\/span>\n        <\/div>\n        \n        <div class=\"member-card\">\n            <div class=\"member-photo\">\n                <img decoding=\"async\" src=\"https:\/\/dergipark.org.tr\/zollu\/images\/default-avatar.png\" \n                     alt=\"Doktora Hilal G\u00d6KBAYRAK\">\n            <\/div>\n            <h3 class=\"member-name\">Doktora Hilal G\u00d6KBAYRAK<\/h3>\n            <p class=\"member-university\">Marmara \u00dcniversitesi \u0130leti\u015fim Fak\u00fcltesi<\/p>\n            <span class=\"member-role\">Redakt\u00f6r<\/span>\n        <\/div>\n    <\/div>\n\n    <!-- Yay\u0131n Kurulu -->\n    <h2 class=\"section-title\">Editorial Board<\/h2>\n    <div class=\"editorial-grid\">\n        <div class=\"member-card\">\n            <div class=\"member-photo\">\n                <img decoding=\"async\" src=\"https:\/\/dergipark.org.tr\/media\/cache\/user_croped\/4149\/bb29\/209f\/5ea0035a474a5.jpg\" \n                     alt=\"Prof. Dr. \u00d6zhan T\u0130NG\u00d6Y\"\n                     onerror=\"this.src='https:\/\/dergipark.org.tr\/zollu\/images\/default-avatar.png'\">\n            <\/div>\n            <h3 class=\"member-name\">Prof. \u00d6zhan T\u0130NG\u00d6Y<\/h3>\n            <p class=\"member-university\">Marmara University<\/p>\n            <span class=\"member-role\">Editorial Board<\/span>\n        <\/div>\n        \n        <div class=\"member-card\">\n            <div class=\"member-photo\">\n                <img decoding=\"async\" src=\"https:\/\/dergipark.org.tr\/media\/cache\/user_croped\/3c89\/03e7\/d071\/5eaeade327734.jpg\" \n                     alt=\"Prof. Dr. Halil \u0130brahim G\u00dcRCAN\"\n                     onerror=\"this.src='https:\/\/dergipark.org.tr\/zollu\/images\/default-avatar.png'\">\n            <\/div>\n            <h3 class=\"member-name\">Prof. Halil \u0130brahim G\u00dcRCAN<\/h3>\n            <p class=\"member-university\">Anadolu University<\/p>\n            <span class=\"member-role\">Editorial Board<\/span>\n        <\/div>\n        \n        <div class=\"member-card\">\n            <div class=\"member-photo\">\n                <img decoding=\"async\" src=\"https:\/\/dergipark.org.tr\/media\/cache\/user_croped\/3d02\/6b61\/797c\/5eb161287ef1c.jpg\" \n                     alt=\"Prof. Dr. Ahmet KALENDER\"\n                     onerror=\"this.src='https:\/\/dergipark.org.tr\/zollu\/images\/default-avatar.png'\">\n            <\/div>\n            <h3 class=\"member-name\">Prof. Ahmet KALENDER<\/h3>\n            <p class=\"member-university\">Sel\u00e7uk \u00dcniversitesi \u0130leti\u015fim Fak\u00fcltesi<\/p>\n            <span class=\"member-role\">Editorial Board<\/span>\n        <\/div>\n        \n        <div class=\"member-card\">\n            <div class=\"member-photo\">\n                <img decoding=\"async\" src=\"https:\/\/dergipark.org.tr\/media\/cache\/user_croped\/c773\/c3c1\/7854\/6509729693840.jpeg\" \n                     alt=\"Dr. \u00d6\u011fr. \u00dcyesi Mesut BOSTAN\"\n                     onerror=\"this.src='https:\/\/dergipark.org.tr\/zollu\/images\/default-avatar.png'\">\n            <\/div>\n            <h3 class=\"member-name\">Dr. \u00d6\u011fr. \u00dcyesi Mesut BOSTAN<\/h3>\n            <p class=\"member-university\">Marmara University<\/p>\n            <span class=\"member-role\">Editorial Board<\/span>\n        <\/div>\n        \n        <div class=\"member-card\">\n            <div class=\"member-photo\">\n                <img decoding=\"async\" src=\"https:\/\/dergipark.org.tr\/media\/cache\/user_croped\/a22b\/a50c\/d1ab\/5f75709516e14.JPG\" \n                     alt=\"Do\u00e7. Dr. \u0130hsan EKEN\"\n                     onerror=\"this.src='https:\/\/dergipark.org.tr\/zollu\/images\/default-avatar.png'\">\n            <\/div>\n            <h3 class=\"member-name\">Do\u00e7. Dr. \u0130hsan EKEN<\/h3>\n            <p class=\"member-university\">\u0130stanbul Medipol \u00dcniversitesi<\/p>\n            <span class=\"member-role\">Editorial Board<\/span>\n        <\/div>\n        \n        <div class=\"member-card\">\n            <div class=\"member-photo\">\n                <img decoding=\"async\" src=\"https:\/\/dergipark.org.tr\/media\/cache\/user_croped\/f503\/9ec2\/1773\/5e62a990b8a53.jpg\" \n                     alt=\"Prof. Dr. \u00dcmit Deniz G\u00d6KER\"\n                     onerror=\"this.src='https:\/\/dergipark.org.tr\/zollu\/images\/default-avatar.png'\">\n            <\/div>\n            <h3 class=\"member-name\">Prof. Dr. \u00dcmit Deniz G\u00d6KER<\/h3>\n            <p class=\"member-university\">Czech Academy of Sciences<\/p>\n            <span class=\"member-role\">Editorial Board<\/span>\n        <\/div>\n    <\/div>\n\n    <!-- Uluslararas\u0131 Dan\u0131\u015fma Kurulu -->\n    <h2 class=\"section-title\">International Board of Overseers<\/h2>\n    <div class=\"editorial-grid\">\n        <div class=\"member-card\">\n            <div class=\"member-photo\">\n                <img decoding=\"async\" src=\"https:\/\/dergipark.org.tr\/media\/cache\/user_croped\/9b27\/46d1\/3f6d\/66c715d3c72f3.jpg\" \n                     alt=\"Doktora Sidharth VERMA\"\n                     onerror=\"this.src='https:\/\/dergipark.org.tr\/zollu\/images\/default-avatar.png'\">\n            <\/div>\n            <h3 class=\"member-name\">Doktora Sidharth VERMA<\/h3>\n            <p class=\"member-university\">Guru Gobind Singh Indraprastha University<\/p>\n            <span class=\"member-role\">Uluslararas\u0131 Dan\u0131\u015fman<\/span>\n        <\/div>\n        \n        <div class=\"member-card\">\n            <div class=\"member-photo\">\n                <img decoding=\"async\" src=\"https:\/\/dergipark.org.tr\/zollu\/images\/default-avatar.png\" \n                     alt=\"Do\u00e7. Dr. Awang DHARMAWAN\">\n            <\/div>\n            <h3 class=\"member-name\">Do\u00e7. Dr. Awang DHARMAWAN<\/h3>\n            <p class=\"member-university\">Universitas Negeri Surabaya<\/p>\n            <span class=\"member-role\">Uluslararas\u0131 Dan\u0131\u015fman<\/span>\n        <\/div>\n        \n        <div class=\"member-card\">\n            <div class=\"member-photo\">\n                <img decoding=\"async\" src=\"https:\/\/dergipark.org.tr\/media\/cache\/user_croped\/333e\/ae0e\/647d\/67877225cdb9b.jpg\" \n                     alt=\"Do\u00e7. Dr. Romel ACERON\"\n                     onerror=\"this.src='https:\/\/dergipark.org.tr\/zollu\/images\/default-avatar.png'\">\n            <\/div>\n            <h3 class=\"member-name\">Do\u00e7. Dr. Romel ACERON<\/h3>\n            <p class=\"member-university\">Batangas State University<\/p>\n            <span class=\"member-role\">Uluslararas\u0131 Dan\u0131\u015fman<\/span>\n        <\/div>\n        \n        <div class=\"member-card\">\n            <div class=\"member-photo\">\n                <img decoding=\"async\" src=\"https:\/\/dergipark.org.tr\/media\/cache\/user_croped\/2651\/979c\/ecd5\/67bcd4cf093e6.jpg\" \n                     alt=\"Do\u00e7. Dr. Lala JABBAROVA\"\n                     onerror=\"this.src='https:\/\/dergipark.org.tr\/zollu\/images\/default-avatar.png'\">\n            <\/div>\n            <h3 class=\"member-name\">Do\u00e7. Dr. Lala JABBAROVA<\/h3>\n            <p class=\"member-university\">Bak\u00fc Devlet \u00dcniversitesi<\/p>\n            <span class=\"member-role\">Uluslararas\u0131 Dan\u0131\u015fman<\/span>\n        <\/div>\n        \n        <div class=\"member-card\">\n            <div class=\"member-photo\">\n                <img decoding=\"async\" src=\"https:\/\/dergipark.org.tr\/zollu\/images\/default-avatar.png\" \n                     alt=\"Do\u00e7. Dr. Vafa ISGANDAROVA\">\n            <\/div>\n            <h3 class=\"member-name\">Do\u00e7. Dr. Vafa ISGANDAROVA<\/h3>\n            <p class=\"member-university\">Baku State University<\/p>\n            <span class=\"member-role\">Uluslararas\u0131 Dan\u0131\u015fman<\/span>\n        <\/div>\n        \n        <div class=\"member-card\">\n            <div class=\"member-photo\">\n                <img decoding=\"async\" src=\"https:\/\/dergipark.org.tr\/zollu\/images\/default-avatar.png\" \n                     alt=\"Do\u00e7. Dr. Berk KUCUKALTAN\">\n            <\/div>\n            <h3 class=\"member-name\">Do\u00e7. Dr. Berk K\u00dc\u00c7\u00dcKALTAN<\/h3>\n            <p class=\"member-university\">University of Bradford<\/p>\n            <span class=\"member-role\">Uluslararas\u0131 Dan\u0131\u015fman<\/span>\n        <\/div>\n    <\/div>\n\n<\/div>\t\t\t\t<\/div>\n\t\t\t\t<\/div>\n\t\t\t\t\t<\/div>\n\t\t<\/div>\n\t\t\t\t\t<\/div>\n\t\t<\/section>\n\t\t\t\t<\/div>","protected":false},"excerpt":{"rendered":"<p>Son G\u00fcncelleme: 24.05.2025 Sahibi &#8211; Ba\u015f Edit\u00f6r Prof. Dr. \u00d6zhan T\u0130NG\u00d6Y Marmara \u00dcniversitesi Ba\u015f Edit\u00f6r Edit\u00f6rler Prof. Dr. \u015eevki I\u015eIKLI Marmara \u00dcniversitesi \u0130leti\u015fim Fak\u00fcltesi Edit\u00f6r&hellip;<\/p>","protected":false},"author":2,"featured_media":0,"parent":0,"menu_order":0,"comment_status":"closed","ping_status":"closed","template":"","meta":{"footnotes":""},"class_list":["post-30","page","type-page","status-publish","hentry"],"_links":{"self":[{"href":"https:\/\/ajit-e.org\/en\/wp-json\/wp\/v2\/pages\/30","targetHints":{"allow":["GET"]}}],"collection":[{"href":"https:\/\/ajit-e.org\/en\/wp-json\/wp\/v2\/pages"}],"about":[{"href":"https:\/\/ajit-e.org\/en\/wp-json\/wp\/v2\/types\/page"}],"author":[{"embeddable":true,"href":"https:\/\/ajit-e.org\/en\/wp-json\/wp\/v2\/users\/2"}],"replies":[{"embeddable":true,"href":"https:\/\/ajit-e.org\/en\/wp-json\/wp\/v2\/comments?post=30"}],"version-history":[{"count":37,"href":"https:\/\/ajit-e.org\/en\/wp-json\/wp\/v2\/pages\/30\/revisions"}],"predecessor-version":[{"id":3166,"href":"https:\/\/ajit-e.org\/en\/wp-json\/wp\/v2\/pages\/30\/revisions\/3166"}],"wp:attachment":[{"href":"https:\/\/ajit-e.org\/en\/wp-json\/wp\/v2\/media?parent=30"}],"curies":[{"name":"wp","href":"https:\/\/api.w.org\/{rel}","templated":true}]}}