{"id":2918,"date":"2021-05-30T22:40:15","date_gmt":"2021-05-30T19:40:15","guid":{"rendered":"https:\/\/ajit-e.org\/?page_id=2918"},"modified":"2022-02-22T22:58:09","modified_gmt":"2022-02-22T19:58:09","slug":"volume-12-issue-45-spring-2021","status":"publish","type":"page","link":"https:\/\/ajit-e.org\/en\/volume-12-issue-45-spring-2021\/","title":{"rendered":"Volume 12 \u2013 Issue 45 \u2013 Spring 2021"},"content":{"rendered":"<div data-elementor-type=\"wp-page\" data-elementor-id=\"2918\" class=\"elementor elementor-2918\" data-elementor-post-type=\"page\">\n\t\t\t\t\t\t<section class=\"elementor-section elementor-top-section elementor-element elementor-element-da75f04 elementor-section-boxed elementor-section-height-default elementor-section-height-default\" data-id=\"da75f04\" data-element_type=\"section\" data-e-type=\"section\">\n\t\t\t\t\t\t<div class=\"elementor-container elementor-column-gap-default\">\n\t\t\t\t\t<div class=\"elementor-column elementor-col-100 elementor-top-column elementor-element elementor-element-4eb415b\" data-id=\"4eb415b\" data-element_type=\"column\" data-e-type=\"column\">\n\t\t\t<div class=\"elementor-widget-wrap elementor-element-populated\">\n\t\t\t\t\t\t<div class=\"elementor-element elementor-element-35d7642 elementor-widget elementor-widget-image\" data-id=\"35d7642\" data-element_type=\"widget\" data-e-type=\"widget\" data-widget_type=\"image.default\">\n\t\t\t\t<div class=\"elementor-widget-container\">\n\t\t\t\t\t\t\t\t\t\t\t\t\t\t\t\t<a href=\"https:\/\/ajit-e.org\/wp-content\/uploads\/2021\/05\/issue_45-scaled.jpg\" data-elementor-open-lightbox=\"yes\" data-elementor-lightbox-title=\"issue_45\" data-e-action-hash=\"#elementor-action%3Aaction%3Dlightbox%26settings%3DeyJpZCI6MjkyMSwidXJsIjoiaHR0cHM6XC9cL2FqaXQtZS5vcmdcL3dwLWNvbnRlbnRcL3VwbG9hZHNcLzIwMjFcLzA1XC9pc3N1ZV80NS1zY2FsZWQuanBnIn0%3D\">\n\t\t\t\t\t\t\t<img fetchpriority=\"high\" decoding=\"async\" width=\"1811\" height=\"2560\" src=\"https:\/\/ajit-e.org\/wp-content\/uploads\/2021\/05\/issue_45-scaled.jpg\" class=\"attachment-full size-full wp-image-2921\" alt=\"\" srcset=\"https:\/\/ajit-e.org\/wp-content\/uploads\/2021\/05\/issue_45-scaled.jpg 1811w, https:\/\/ajit-e.org\/wp-content\/uploads\/2021\/05\/issue_45-212x300.jpg 212w, https:\/\/ajit-e.org\/wp-content\/uploads\/2021\/05\/issue_45-724x1024.jpg 724w, https:\/\/ajit-e.org\/wp-content\/uploads\/2021\/05\/issue_45-768x1086.jpg 768w, https:\/\/ajit-e.org\/wp-content\/uploads\/2021\/05\/issue_45-1086x1536.jpg 1086w, https:\/\/ajit-e.org\/wp-content\/uploads\/2021\/05\/issue_45-1449x2048.jpg 1449w, https:\/\/ajit-e.org\/wp-content\/uploads\/2021\/05\/issue_45-8x12.jpg 8w\" sizes=\"(max-width: 1811px) 100vw, 1811px\" \/>\t\t\t\t\t\t\t\t<\/a>\n\t\t\t\t\t\t\t\t\t\t\t\t\t\t\t<\/div>\n\t\t\t\t<\/div>\n\t\t\t\t\t<\/div>\n\t\t<\/div>\n\t\t\t\t\t<\/div>\n\t\t<\/section>\n\t\t\t\t<section class=\"elementor-section elementor-top-section elementor-element elementor-element-be69d86 elementor-section-boxed elementor-section-height-default elementor-section-height-default\" data-id=\"be69d86\" data-element_type=\"section\" data-e-type=\"section\">\n\t\t\t\t\t\t<div class=\"elementor-container elementor-column-gap-default\">\n\t\t\t\t\t<div class=\"elementor-column elementor-col-100 elementor-top-column elementor-element elementor-element-20fd66d\" data-id=\"20fd66d\" data-element_type=\"column\" data-e-type=\"column\">\n\t\t\t<div class=\"elementor-widget-wrap elementor-element-populated\">\n\t\t\t\t\t\t<div class=\"elementor-element elementor-element-33469a4 elementor-widget elementor-widget-tp-info-box\" data-id=\"33469a4\" data-element_type=\"widget\" data-e-type=\"widget\" data-widget_type=\"tp-info-box.default\">\n\t\t\t\t<div class=\"elementor-widget-container\">\n\t\t\t\t\t<div id=\"info_box69f48f5bedd6b\" class=\"pt_plus_info_box  info_box69f48f5bedd6b info-box-style_1\"  data-id=\"info_box69f48f5bedd6b\" ><div class=\"post-inner-loop\"><div class=\"info-box-inner content_hover_effect\"><div class=\"info-box-bg-box\"><div class=\"service-media text-left vertical-center\"><div class=\"m-r-16  service-img-border\"  style=\"border-color: #252525;\"> <div class=\"service-icon-wrap\"><i class=\"fa fa-file-pdf-o service-icon\"><\/i><\/div> <\/div><div class=\"service-content\"><a  ><div class=\"service-title\"> Issue Full File <\/div><\/a><div class=\"service-border\"> <\/div><\/div><\/div><div class=\"infobox-overlay-color\"><\/div><\/div><\/div><\/div><\/div>\t\t\t\t<\/div>\n\t\t\t\t<\/div>\n\t\t\t\t\t<\/div>\n\t\t<\/div>\n\t\t\t\t\t<\/div>\n\t\t<\/section>\n\t\t\t\t<section class=\"elementor-section elementor-top-section elementor-element elementor-element-6551cee elementor-section-boxed elementor-section-height-default elementor-section-height-default\" data-id=\"6551cee\" data-element_type=\"section\" data-e-type=\"section\">\n\t\t\t\t\t\t<div class=\"elementor-container elementor-column-gap-default\">\n\t\t\t\t\t<div class=\"elementor-column elementor-col-100 elementor-top-column elementor-element elementor-element-d220f33\" data-id=\"d220f33\" data-element_type=\"column\" data-e-type=\"column\">\n\t\t\t<div class=\"elementor-widget-wrap elementor-element-populated\">\n\t\t\t\t\t\t<div class=\"elementor-element elementor-element-ebb6a74 elementor-widget elementor-widget-tp-info-box\" data-id=\"ebb6a74\" data-element_type=\"widget\" data-e-type=\"widget\" data-widget_type=\"tp-info-box.default\">\n\t\t\t\t<div class=\"elementor-widget-container\">\n\t\t\t\t\t<div id=\"info_box69f48f5beeca6\" class=\"pt_plus_info_box  info_box69f48f5beeca6 info-box-style_1\"  data-id=\"info_box69f48f5beeca6\" ><div class=\"post-inner-loop\"><div class=\"info-box-inner content_hover_effect\"><div class=\"info-box-bg-box\"><div class=\"service-media text-left vertical-center\"><div class=\"m-r-16  service-img-border\"  style=\"border-color: #252525;\"> <div class=\"service-icon-wrap\"><i class=\"fa fa-file-pdf-o service-icon\"><\/i><\/div> <\/div><div class=\"service-content\"><a  ><div class=\"service-title\">  Karar Destek Sistemleri: T\u00fcrkiye\u2019deki Lisans\u00fcst\u00fc Tezlerin Betimsel \u0130\u00e7erik Analizi <\/div><\/a><div class=\"service-border\"> <\/div><div class=\"service-desc\"> <p><em>H\u00fcseyin G\u00d6KAL <\/em><\/p><p><em>Volkan CANTEM\u0130R <\/em><\/p><p><em>Ahmet ADALIER<\/em><\/p> <\/div><div class=\"pt-plus-button-wrapper\"><div class=\"button_parallax\"><div id=\"btn69f48f5beec53\" class=\"ts-button\"><div class=\"pt_plus_button btn69f48f5beec53 button-style-9\"><div class=\"animted-content-inner\"><a class=\"button-link-wrap\" role=\"button\"><\/a><\/div><\/div><\/div><\/div><\/div><\/div><\/div><div class=\"infobox-overlay-color\"><\/div><\/div><\/div><\/div><\/div>\t\t\t\t<\/div>\n\t\t\t\t<\/div>\n\t\t\t\t\t<\/div>\n\t\t<\/div>\n\t\t\t\t\t<\/div>\n\t\t<\/section>\n\t\t\t\t<section class=\"elementor-section elementor-top-section elementor-element elementor-element-60e17a2 elementor-section-boxed elementor-section-height-default elementor-section-height-default\" data-id=\"60e17a2\" data-element_type=\"section\" data-e-type=\"section\">\n\t\t\t\t\t\t<div class=\"elementor-container elementor-column-gap-default\">\n\t\t\t\t\t<div class=\"elementor-column elementor-col-100 elementor-top-column elementor-element elementor-element-0cdb29e\" data-id=\"0cdb29e\" data-element_type=\"column\" data-e-type=\"column\">\n\t\t\t<div class=\"elementor-widget-wrap elementor-element-populated\">\n\t\t\t\t\t\t<div class=\"elementor-element elementor-element-8b1526a elementor-widget elementor-widget-tp-info-box\" data-id=\"8b1526a\" data-element_type=\"widget\" data-e-type=\"widget\" data-widget_type=\"tp-info-box.default\">\n\t\t\t\t<div class=\"elementor-widget-container\">\n\t\t\t\t\t<div id=\"info_box69f48f5befdcf\" class=\"pt_plus_info_box  info_box69f48f5befdcf info-box-style_1\"  data-id=\"info_box69f48f5befdcf\" ><div class=\"post-inner-loop\"><div class=\"info-box-inner content_hover_effect\"><div class=\"info-box-bg-box\"><div class=\"service-media text-left vertical-center\"><div class=\"m-r-16  service-img-border\"  style=\"border-color: #252525;\"> <div class=\"service-icon-wrap\"><i class=\"fa fa-file-pdf-o service-icon\"><\/i><\/div> <\/div><div class=\"service-content\"><a  ><div class=\"service-title\">  \u0130\u015f Zek\u00e2s\u0131 ve Bulut Bili\u015fim \u0130\u015fbirli\u011fi ve En \u0130yi Bulut \u0130\u015f Zek\u00e2s\u0131 \u00c7\u00f6z\u00fcm\u00fc Se\u00e7imi <\/div><\/a><div class=\"service-border\"> <\/div><div class=\"service-desc\"> <p><em>\u0130pek ASLAN<\/em><\/p><p><em>A\u015fk\u0131n DEM\u0130RA\u011e <\/em><\/p><p><em>Erkut AKKARTAL<\/em><\/p> <\/div><div class=\"pt-plus-button-wrapper\"><div class=\"button_parallax\"><div id=\"btn69f48f5befd7e\" class=\"ts-button\"><div class=\"pt_plus_button btn69f48f5befd7e button-style-9\"><div class=\"animted-content-inner\"><a class=\"button-link-wrap\" role=\"button\"><\/a><\/div><\/div><\/div><\/div><\/div><\/div><\/div><div class=\"infobox-overlay-color\"><\/div><\/div><\/div><\/div><\/div>\t\t\t\t<\/div>\n\t\t\t\t<\/div>\n\t\t\t\t<div class=\"elementor-element elementor-element-c788889 elementor-widget elementor-widget-tp-info-box\" data-id=\"c788889\" data-element_type=\"widget\" data-e-type=\"widget\" data-widget_type=\"tp-info-box.default\">\n\t\t\t\t<div class=\"elementor-widget-container\">\n\t\t\t\t\t<div id=\"info_box69f48f5bf0622\" class=\"pt_plus_info_box  info_box69f48f5bf0622 info-box-style_1\"  data-id=\"info_box69f48f5bf0622\" ><div class=\"post-inner-loop\"><div class=\"info-box-inner content_hover_effect\"><div class=\"info-box-bg-box\"><div class=\"service-media text-left vertical-center\"><div class=\"m-r-16  service-img-border\"  style=\"border-color: #252525;\"> <div class=\"service-icon-wrap\"><i class=\"fa fa-file-pdf-o service-icon\"><\/i><\/div> <\/div><div class=\"service-content\"><a  ><div class=\"service-title\">  T\u00fcrkiye\u2019deki Lisans \u00d6\u011frencilerinin ve Mezunlar\u0131n\u0131n Dijital Okuryazarl\u0131k D\u00fczeylerinin \u0130ncelenmesi <\/div><\/a><div class=\"service-border\"> <\/div><div class=\"service-desc\"> <p><em>Serkan BAYRAKCI<\/em><\/p><p><em>Haldun NARMANLIO\u011eLU<\/em><\/p> <\/div><div class=\"pt-plus-button-wrapper\"><div class=\"button_parallax\"><div id=\"btn69f48f5bf05d4\" class=\"ts-button\"><div class=\"pt_plus_button btn69f48f5bf05d4 button-style-9\"><div class=\"animted-content-inner\"><a class=\"button-link-wrap\" role=\"button\"><\/a><\/div><\/div><\/div><\/div><\/div><\/div><\/div><div class=\"infobox-overlay-color\"><\/div><\/div><\/div><\/div><\/div>\t\t\t\t<\/div>\n\t\t\t\t<\/div>\n\t\t\t\t\t<\/div>\n\t\t<\/div>\n\t\t\t\t\t<\/div>\n\t\t<\/section>\n\t\t\t\t<section class=\"elementor-section elementor-top-section elementor-element elementor-element-97e4ad0 elementor-section-boxed elementor-section-height-default elementor-section-height-default\" data-id=\"97e4ad0\" data-element_type=\"section\" data-e-type=\"section\">\n\t\t\t\t\t\t<div class=\"elementor-container elementor-column-gap-default\">\n\t\t\t\t\t<div class=\"elementor-column elementor-col-100 elementor-top-column elementor-element elementor-element-e97b26b\" data-id=\"e97b26b\" data-element_type=\"column\" data-e-type=\"column\">\n\t\t\t<div class=\"elementor-widget-wrap elementor-element-populated\">\n\t\t\t\t\t\t<div class=\"elementor-element elementor-element-c5fb299 elementor-widget elementor-widget-tp-info-box\" data-id=\"c5fb299\" data-element_type=\"widget\" data-e-type=\"widget\" data-widget_type=\"tp-info-box.default\">\n\t\t\t\t<div class=\"elementor-widget-container\">\n\t\t\t\t\t<div id=\"info_box69f48f5bf1656\" class=\"pt_plus_info_box  info_box69f48f5bf1656 info-box-style_1\"  data-id=\"info_box69f48f5bf1656\" ><div class=\"post-inner-loop\"><div class=\"info-box-inner content_hover_effect\"><div class=\"info-box-bg-box\"><div class=\"service-media text-left vertical-center\"><div class=\"m-r-16  service-img-border\"  style=\"border-color: #252525;\"> <div class=\"service-icon-wrap\"><i class=\"fa fa-file-pdf-o service-icon\"><\/i><\/div> <\/div><div class=\"service-content\"><a  ><div class=\"service-title\">  Viral Reklamlarda \u2018Selfie\u2019 Arac\u0131l\u0131\u011f\u0131yla \u0130maj Olu\u015fumu, Narsizm ve \u00d6z-T\u00fcketime Ele\u015ftirel Bir Bak\u0131\u015f <\/div><\/a><div class=\"service-border\"> <\/div><div class=\"service-desc\"> <p><em>Sinem G\u00dcD\u00dcM<\/em><\/p> <\/div><div class=\"pt-plus-button-wrapper\"><div class=\"button_parallax\"><div id=\"btn69f48f5bf1608\" class=\"ts-button\"><div class=\"pt_plus_button btn69f48f5bf1608 button-style-9\"><div class=\"animted-content-inner\"><a class=\"button-link-wrap\" role=\"button\"><\/a><\/div><\/div><\/div><\/div><\/div><\/div><\/div><div class=\"infobox-overlay-color\"><\/div><\/div><\/div><\/div><\/div>\t\t\t\t<\/div>\n\t\t\t\t<\/div>\n\t\t\t\t\t<\/div>\n\t\t<\/div>\n\t\t\t\t\t<\/div>\n\t\t<\/section>\n\t\t\t\t<\/div>","protected":false},"excerpt":{"rendered":"<p>Say\u0131 Tam Dosyas\u0131 Karar Destek Sistemleri: T\u00fcrkiye\u2019deki Lisans\u00fcst\u00fc Tezlerin Betimsel \u0130\u00e7erik Analizi H\u00fcseyin G\u00d6KAL Volkan CANTEM\u0130R Ahmet ADALIER 10.5824\/ajite.2021.03.001.x \u0130\u015f Zek\u00e2s\u0131 ve Bulut Bili\u015fim \u0130\u015fbirli\u011fi&hellip;<\/p>","protected":false},"author":1,"featured_media":0,"parent":0,"menu_order":0,"comment_status":"closed","ping_status":"closed","template":"","meta":{"footnotes":""},"class_list":["post-2918","page","type-page","status-publish","hentry"],"_links":{"self":[{"href":"https:\/\/ajit-e.org\/en\/wp-json\/wp\/v2\/pages\/2918","targetHints":{"allow":["GET"]}}],"collection":[{"href":"https:\/\/ajit-e.org\/en\/wp-json\/wp\/v2\/pages"}],"about":[{"href":"https:\/\/ajit-e.org\/en\/wp-json\/wp\/v2\/types\/page"}],"author":[{"embeddable":true,"href":"https:\/\/ajit-e.org\/en\/wp-json\/wp\/v2\/users\/1"}],"replies":[{"embeddable":true,"href":"https:\/\/ajit-e.org\/en\/wp-json\/wp\/v2\/comments?post=2918"}],"version-history":[{"count":11,"href":"https:\/\/ajit-e.org\/en\/wp-json\/wp\/v2\/pages\/2918\/revisions"}],"predecessor-version":[{"id":2981,"href":"https:\/\/ajit-e.org\/en\/wp-json\/wp\/v2\/pages\/2918\/revisions\/2981"}],"wp:attachment":[{"href":"https:\/\/ajit-e.org\/en\/wp-json\/wp\/v2\/media?parent=2918"}],"curies":[{"name":"wp","href":"https:\/\/api.w.org\/{rel}","templated":true}]}}