{"id":2846,"date":"2021-05-02T00:33:15","date_gmt":"2021-05-01T21:33:15","guid":{"rendered":"https:\/\/ajit-e.org\/?page_id=2846"},"modified":"2021-05-30T22:39:30","modified_gmt":"2021-05-30T19:39:30","slug":"volume-12-issue-44-winter-2021","status":"publish","type":"page","link":"https:\/\/ajit-e.org\/en\/volume-12-issue-44-winter-2021\/","title":{"rendered":"Cilt 12 \u2013 Say\u0131 44 \u2013 K\u0131\u015f 2021"},"content":{"rendered":"<div data-elementor-type=\"wp-page\" data-elementor-id=\"2846\" class=\"elementor elementor-2846\" data-elementor-post-type=\"page\">\n\t\t\t\t\t\t<section class=\"elementor-section elementor-top-section elementor-element elementor-element-c7fef6b elementor-section-boxed elementor-section-height-default elementor-section-height-default\" data-id=\"c7fef6b\" data-element_type=\"section\" data-e-type=\"section\">\n\t\t\t\t\t\t<div class=\"elementor-container elementor-column-gap-default\">\n\t\t\t\t\t<div class=\"elementor-column elementor-col-100 elementor-top-column elementor-element elementor-element-91ce90a\" data-id=\"91ce90a\" data-element_type=\"column\" data-e-type=\"column\">\n\t\t\t<div class=\"elementor-widget-wrap elementor-element-populated\">\n\t\t\t\t\t\t<div class=\"elementor-element elementor-element-a2367de elementor-widget elementor-widget-image\" data-id=\"a2367de\" data-element_type=\"widget\" data-e-type=\"widget\" data-widget_type=\"image.default\">\n\t\t\t\t<div class=\"elementor-widget-container\">\n\t\t\t\t\t\t\t\t\t\t\t\t\t\t\t\t<a href=\"https:\/\/ajit-e.org\/wp-content\/uploads\/2021\/05\/issue_44.jpg\" data-elementor-open-lightbox=\"yes\" data-elementor-lightbox-title=\"issue_44\" data-e-action-hash=\"#elementor-action%3Aaction%3Dlightbox%26settings%3DeyJpZCI6MjgyNiwidXJsIjoiaHR0cHM6XC9cL2FqaXQtZS5vcmdcL3dwLWNvbnRlbnRcL3VwbG9hZHNcLzIwMjFcLzA1XC9pc3N1ZV80NC5qcGcifQ%3D%3D\">\n\t\t\t\t\t\t\t<img fetchpriority=\"high\" decoding=\"async\" width=\"1803\" height=\"2550\" src=\"https:\/\/ajit-e.org\/wp-content\/uploads\/2021\/05\/issue_44.jpg\" class=\"attachment-full size-full wp-image-2826\" alt=\"\" srcset=\"https:\/\/ajit-e.org\/wp-content\/uploads\/2021\/05\/issue_44.jpg 1803w, https:\/\/ajit-e.org\/wp-content\/uploads\/2021\/05\/issue_44-212x300.jpg 212w, https:\/\/ajit-e.org\/wp-content\/uploads\/2021\/05\/issue_44-724x1024.jpg 724w, https:\/\/ajit-e.org\/wp-content\/uploads\/2021\/05\/issue_44-768x1086.jpg 768w, https:\/\/ajit-e.org\/wp-content\/uploads\/2021\/05\/issue_44-1086x1536.jpg 1086w, https:\/\/ajit-e.org\/wp-content\/uploads\/2021\/05\/issue_44-1448x2048.jpg 1448w, https:\/\/ajit-e.org\/wp-content\/uploads\/2021\/05\/issue_44-8x12.jpg 8w\" sizes=\"(max-width: 1803px) 100vw, 1803px\" \/>\t\t\t\t\t\t\t\t<\/a>\n\t\t\t\t\t\t\t\t\t\t\t\t\t\t\t<\/div>\n\t\t\t\t<\/div>\n\t\t\t\t\t<\/div>\n\t\t<\/div>\n\t\t\t\t\t<\/div>\n\t\t<\/section>\n\t\t\t\t<section class=\"elementor-section elementor-top-section elementor-element elementor-element-91d0625 elementor-section-boxed elementor-section-height-default elementor-section-height-default\" data-id=\"91d0625\" data-element_type=\"section\" data-e-type=\"section\">\n\t\t\t\t\t\t<div class=\"elementor-container elementor-column-gap-default\">\n\t\t\t\t\t<div class=\"elementor-column elementor-col-100 elementor-top-column elementor-element elementor-element-36ea0d4c\" data-id=\"36ea0d4c\" data-element_type=\"column\" data-e-type=\"column\">\n\t\t\t<div class=\"elementor-widget-wrap elementor-element-populated\">\n\t\t\t\t\t\t<div class=\"elementor-element elementor-element-6dd598b elementor-widget elementor-widget-tp-info-box\" data-id=\"6dd598b\" data-element_type=\"widget\" data-e-type=\"widget\" data-widget_type=\"tp-info-box.default\">\n\t\t\t\t<div class=\"elementor-widget-container\">\n\t\t\t\t\t<div id=\"info_box69f33b06e6289\" class=\"pt_plus_info_box  info_box69f33b06e6289 info-box-style_1\"  data-id=\"info_box69f33b06e6289\" ><div class=\"post-inner-loop\"><div class=\"info-box-inner content_hover_effect\"><div class=\"info-box-bg-box\"><div class=\"service-media text-left vertical-center\"><div class=\"m-r-16  service-img-border\"  style=\"border-color: #252525;\"> <div class=\"service-icon-wrap\"><i class=\"fa fa-file-pdf-o service-icon\"><\/i><\/div> <\/div><div class=\"service-content\"><a  ><div class=\"service-title\"> Issue Full File <\/div><\/a><div class=\"service-border\"> <\/div><\/div><\/div><div class=\"infobox-overlay-color\"><\/div><\/div><\/div><\/div><\/div>\t\t\t\t<\/div>\n\t\t\t\t<\/div>\n\t\t\t\t\t<\/div>\n\t\t<\/div>\n\t\t\t\t\t<\/div>\n\t\t<\/section>\n\t\t\t\t<section class=\"elementor-section elementor-top-section elementor-element elementor-element-3d6d1d31 elementor-section-boxed elementor-section-height-default elementor-section-height-default\" data-id=\"3d6d1d31\" data-element_type=\"section\" data-e-type=\"section\">\n\t\t\t\t\t\t<div class=\"elementor-container elementor-column-gap-default\">\n\t\t\t\t\t<div class=\"elementor-column elementor-col-100 elementor-top-column elementor-element elementor-element-55f9f17b\" data-id=\"55f9f17b\" data-element_type=\"column\" data-e-type=\"column\">\n\t\t\t<div class=\"elementor-widget-wrap elementor-element-populated\">\n\t\t\t\t\t\t<div class=\"elementor-element elementor-element-5f7195d7 elementor-widget elementor-widget-tp-info-box\" data-id=\"5f7195d7\" data-element_type=\"widget\" data-e-type=\"widget\" data-widget_type=\"tp-info-box.default\">\n\t\t\t\t<div class=\"elementor-widget-container\">\n\t\t\t\t\t<div id=\"info_box69f33b06e7455\" class=\"pt_plus_info_box  info_box69f33b06e7455 info-box-style_1\"  data-id=\"info_box69f33b06e7455\" ><div class=\"post-inner-loop\"><div class=\"info-box-inner content_hover_effect\"><div class=\"info-box-bg-box\"><div class=\"service-media text-left vertical-center\"><div class=\"m-r-16  service-img-border\"  style=\"border-color: #252525;\"> <div class=\"service-icon-wrap\"><i class=\"fa fa-file-pdf-o service-icon\"><\/i><\/div> <\/div><div class=\"service-content\"><a  ><div class=\"service-title\"> Jekyll &amp; Hyde Online: A Critical Analysis on Consumption of the Self Through Advertisements Promoting Transhumanism <\/div><\/a><div class=\"service-border\"> <\/div><div class=\"service-desc\"> <p><em>Sinem G\u00dcD\u00dcM<\/em><\/p> <\/div><div class=\"pt-plus-button-wrapper\"><div class=\"button_parallax\"><div id=\"btn69f33b06e7401\" class=\"ts-button\"><div class=\"pt_plus_button btn69f33b06e7401 button-style-9\"><div class=\"animted-content-inner\"><a class=\"button-link-wrap\" role=\"button\"><\/a><\/div><\/div><\/div><\/div><\/div><\/div><\/div><div class=\"infobox-overlay-color\"><\/div><\/div><\/div><\/div><\/div>\t\t\t\t<\/div>\n\t\t\t\t<\/div>\n\t\t\t\t\t<\/div>\n\t\t<\/div>\n\t\t\t\t\t<\/div>\n\t\t<\/section>\n\t\t\t\t<section class=\"elementor-section elementor-top-section elementor-element elementor-element-6253564d elementor-section-boxed elementor-section-height-default elementor-section-height-default\" data-id=\"6253564d\" data-element_type=\"section\" data-e-type=\"section\">\n\t\t\t\t\t\t<div class=\"elementor-container elementor-column-gap-default\">\n\t\t\t\t\t<div class=\"elementor-column elementor-col-100 elementor-top-column elementor-element elementor-element-1392ebaf\" data-id=\"1392ebaf\" data-element_type=\"column\" data-e-type=\"column\">\n\t\t\t<div class=\"elementor-widget-wrap elementor-element-populated\">\n\t\t\t\t\t\t<div class=\"elementor-element elementor-element-6cbdad90 elementor-widget elementor-widget-tp-info-box\" data-id=\"6cbdad90\" data-element_type=\"widget\" data-e-type=\"widget\" data-widget_type=\"tp-info-box.default\">\n\t\t\t\t<div class=\"elementor-widget-container\">\n\t\t\t\t\t<div id=\"info_box69f33b06e8466\" class=\"pt_plus_info_box  info_box69f33b06e8466 info-box-style_1\"  data-id=\"info_box69f33b06e8466\" ><div class=\"post-inner-loop\"><div class=\"info-box-inner content_hover_effect\"><div class=\"info-box-bg-box\"><div class=\"service-media text-left vertical-center\"><div class=\"m-r-16  service-img-border\"  style=\"border-color: #252525;\"> <div class=\"service-icon-wrap\"><i class=\"fa fa-file-pdf-o service-icon\"><\/i><\/div> <\/div><div class=\"service-content\"><a  ><div class=\"service-title\"> Instagram Influencer Analysis for Top 5 Categories in Turkey <\/div><\/a><div class=\"service-border\"> <\/div><div class=\"service-desc\"> <p><em>Busra ERTOGRUL<\/em><\/p><p><em>Gizem K\u0130L\u0130CS\u0130Z<\/em><\/p><p><em>Aysun BOZANTA<\/em><\/p> <\/div><div class=\"pt-plus-button-wrapper\"><div class=\"button_parallax\"><div id=\"btn69f33b06e8417\" class=\"ts-button\"><div class=\"pt_plus_button btn69f33b06e8417 button-style-9\"><div class=\"animted-content-inner\"><a class=\"button-link-wrap\" role=\"button\"><\/a><\/div><\/div><\/div><\/div><\/div><\/div><\/div><div class=\"infobox-overlay-color\"><\/div><\/div><\/div><\/div><\/div>\t\t\t\t<\/div>\n\t\t\t\t<\/div>\n\t\t\t\t\t<\/div>\n\t\t<\/div>\n\t\t\t\t\t<\/div>\n\t\t<\/section>\n\t\t\t\t<section class=\"elementor-section elementor-top-section elementor-element elementor-element-76c35f3d elementor-section-boxed elementor-section-height-default elementor-section-height-default\" data-id=\"76c35f3d\" data-element_type=\"section\" data-e-type=\"section\">\n\t\t\t\t\t\t<div class=\"elementor-container elementor-column-gap-default\">\n\t\t\t\t\t<div class=\"elementor-column elementor-col-100 elementor-top-column elementor-element elementor-element-220b204c\" data-id=\"220b204c\" data-element_type=\"column\" data-e-type=\"column\">\n\t\t\t<div class=\"elementor-widget-wrap elementor-element-populated\">\n\t\t\t\t\t\t<div class=\"elementor-element elementor-element-66f46918 elementor-widget elementor-widget-tp-info-box\" data-id=\"66f46918\" data-element_type=\"widget\" data-e-type=\"widget\" data-widget_type=\"tp-info-box.default\">\n\t\t\t\t<div class=\"elementor-widget-container\">\n\t\t\t\t\t<div id=\"info_box69f33b06e9456\" class=\"pt_plus_info_box  info_box69f33b06e9456 info-box-style_1\"  data-id=\"info_box69f33b06e9456\" ><div class=\"post-inner-loop\"><div class=\"info-box-inner content_hover_effect\"><div class=\"info-box-bg-box\"><div class=\"service-media text-left vertical-center\"><div class=\"m-r-16  service-img-border\"  style=\"border-color: #252525;\"> <div class=\"service-icon-wrap\"><i class=\"fa fa-file-pdf-o service-icon\"><\/i><\/div> <\/div><div class=\"service-content\"><a  ><div class=\"service-title\"> Assessment of Health Information System Change Resistance <\/div><\/a><div class=\"service-border\"> <\/div><div class=\"service-desc\"> <p><em>Alaattin PARLAKKILI\u00c7<\/em><\/p><p><em>Nevzat \u00dcNALAN<\/em><\/p> <\/div><div class=\"pt-plus-button-wrapper\"><div class=\"button_parallax\"><div id=\"btn69f33b06e9405\" class=\"ts-button\"><div class=\"pt_plus_button btn69f33b06e9405 button-style-9\"><div class=\"animted-content-inner\"><a class=\"button-link-wrap\" role=\"button\"><\/a><\/div><\/div><\/div><\/div><\/div><\/div><\/div><div class=\"infobox-overlay-color\"><\/div><\/div><\/div><\/div><\/div>\t\t\t\t<\/div>\n\t\t\t\t<\/div>\n\t\t\t\t\t<\/div>\n\t\t<\/div>\n\t\t\t\t\t<\/div>\n\t\t<\/section>\n\t\t\t\t<section class=\"elementor-section elementor-top-section elementor-element elementor-element-ec19576 elementor-section-boxed elementor-section-height-default elementor-section-height-default\" data-id=\"ec19576\" data-element_type=\"section\" data-e-type=\"section\">\n\t\t\t\t\t\t<div class=\"elementor-container elementor-column-gap-default\">\n\t\t\t\t\t<div class=\"elementor-column elementor-col-100 elementor-top-column elementor-element elementor-element-4d2c9f6d\" data-id=\"4d2c9f6d\" data-element_type=\"column\" data-e-type=\"column\">\n\t\t\t<div class=\"elementor-widget-wrap elementor-element-populated\">\n\t\t\t\t\t\t<div class=\"elementor-element elementor-element-4b41bda5 elementor-widget elementor-widget-tp-info-box\" data-id=\"4b41bda5\" data-element_type=\"widget\" data-e-type=\"widget\" data-widget_type=\"tp-info-box.default\">\n\t\t\t\t<div class=\"elementor-widget-container\">\n\t\t\t\t\t<div id=\"info_box69f33b06ea6f3\" class=\"pt_plus_info_box  info_box69f33b06ea6f3 info-box-style_1\"  data-id=\"info_box69f33b06ea6f3\" ><div class=\"post-inner-loop\"><div class=\"info-box-inner content_hover_effect\"><div class=\"info-box-bg-box\"><div class=\"service-media text-left vertical-center\"><div class=\"m-r-16  service-img-border\"  style=\"border-color: #252525;\"> <div class=\"service-icon-wrap\"><i class=\"fa fa-file-pdf-o service-icon\"><\/i><\/div> <\/div><div class=\"service-content\"><a  ><div class=\"service-title\"> Concerns on Social Sorting in Artificial Intelligence Applications of Big Data <\/div><\/a><div class=\"service-border\"> <\/div><div class=\"service-desc\"> <p><em>Sevda \u00dcNAL<\/em><\/p><p><em>Ay\u015fe Asl\u0131 SEZG\u0130N<\/em><\/p> <\/div><div class=\"pt-plus-button-wrapper\"><div class=\"button_parallax\"><div id=\"btn69f33b06ea5db\" class=\"ts-button\"><div class=\"pt_plus_button btn69f33b06ea5db button-style-9\"><div class=\"animted-content-inner\"><a class=\"button-link-wrap\" role=\"button\"><\/a><\/div><\/div><\/div><\/div><\/div><\/div><\/div><div class=\"infobox-overlay-color\"><\/div><\/div><\/div><\/div><\/div>\t\t\t\t<\/div>\n\t\t\t\t<\/div>\n\t\t\t\t\t<\/div>\n\t\t<\/div>\n\t\t\t\t\t<\/div>\n\t\t<\/section>\n\t\t\t\t<section class=\"elementor-section elementor-top-section elementor-element elementor-element-1dd6316f elementor-section-boxed elementor-section-height-default elementor-section-height-default\" data-id=\"1dd6316f\" data-element_type=\"section\" data-e-type=\"section\">\n\t\t\t\t\t\t<div class=\"elementor-container elementor-column-gap-default\">\n\t\t\t\t\t<div class=\"elementor-column elementor-col-100 elementor-top-column elementor-element elementor-element-2eec065e\" data-id=\"2eec065e\" data-element_type=\"column\" data-e-type=\"column\">\n\t\t\t<div class=\"elementor-widget-wrap elementor-element-populated\">\n\t\t\t\t\t\t<div class=\"elementor-element elementor-element-178c597b elementor-widget elementor-widget-tp-info-box\" data-id=\"178c597b\" data-element_type=\"widget\" data-e-type=\"widget\" data-widget_type=\"tp-info-box.default\">\n\t\t\t\t<div class=\"elementor-widget-container\">\n\t\t\t\t\t<div id=\"info_box69f33b06eb78d\" class=\"pt_plus_info_box  info_box69f33b06eb78d info-box-style_1\"  data-id=\"info_box69f33b06eb78d\" ><div class=\"post-inner-loop\"><div class=\"info-box-inner content_hover_effect\"><div class=\"info-box-bg-box\"><div class=\"service-media text-left vertical-center\"><div class=\"m-r-16  service-img-border\"  style=\"border-color: #252525;\"> <div class=\"service-icon-wrap\"><i class=\"fa fa-file-pdf-o service-icon\"><\/i><\/div> <\/div><div class=\"service-content\"><a  ><div class=\"service-title\"> Analysis of Public and Private Hospital Web Sites in Turkey in Terms of Functioning Quality, Updating and Design Infrastructure <\/div><\/a><div class=\"service-border\"> <\/div><div class=\"service-desc\"> <p><em>S\u00fcmeyra BOYDAK<\/em><\/p><p><em>Yusuf Yal\u00e7\u0131n \u0130LER\u0130<\/em><\/p> <\/div><div class=\"pt-plus-button-wrapper\"><div class=\"button_parallax\"><div id=\"btn69f33b06eb73d\" class=\"ts-button\"><div class=\"pt_plus_button btn69f33b06eb73d button-style-9\"><div class=\"animted-content-inner\"><a class=\"button-link-wrap\" role=\"button\"><\/a><\/div><\/div><\/div><\/div><\/div><\/div><\/div><div class=\"infobox-overlay-color\"><\/div><\/div><\/div><\/div><\/div>\t\t\t\t<\/div>\n\t\t\t\t<\/div>\n\t\t\t\t\t<\/div>\n\t\t<\/div>\n\t\t\t\t\t<\/div>\n\t\t<\/section>\n\t\t\t\t<\/div>","protected":false},"excerpt":{"rendered":"<p>Say\u0131 Tam Dosyas\u0131 Jekyll ve Hyde \u00c7evrimi\u00e7i Oldu\u011funda: Transhumanizmi Te\u015fvik Eden Reklamlar Arac\u0131l\u0131\u011f\u0131yla \u00d6z\u00fcn T\u00fcketimi \u00dczerine Kritik Bir Analiz Sinem G\u00dcD\u00dcM 10.5824\/ajite.2021.01.001.x T\u00fcrkiye\u2019deki \u0130lk 5&hellip;<\/p>","protected":false},"author":1,"featured_media":0,"parent":0,"menu_order":0,"comment_status":"closed","ping_status":"closed","template":"","meta":{"footnotes":""},"class_list":["post-2846","page","type-page","status-publish","hentry"],"_links":{"self":[{"href":"https:\/\/ajit-e.org\/en\/wp-json\/wp\/v2\/pages\/2846","targetHints":{"allow":["GET"]}}],"collection":[{"href":"https:\/\/ajit-e.org\/en\/wp-json\/wp\/v2\/pages"}],"about":[{"href":"https:\/\/ajit-e.org\/en\/wp-json\/wp\/v2\/types\/page"}],"author":[{"embeddable":true,"href":"https:\/\/ajit-e.org\/en\/wp-json\/wp\/v2\/users\/1"}],"replies":[{"embeddable":true,"href":"https:\/\/ajit-e.org\/en\/wp-json\/wp\/v2\/comments?post=2846"}],"version-history":[{"count":11,"href":"https:\/\/ajit-e.org\/en\/wp-json\/wp\/v2\/pages\/2846\/revisions"}],"predecessor-version":[{"id":2919,"href":"https:\/\/ajit-e.org\/en\/wp-json\/wp\/v2\/pages\/2846\/revisions\/2919"}],"wp:attachment":[{"href":"https:\/\/ajit-e.org\/en\/wp-json\/wp\/v2\/media?parent=2846"}],"curies":[{"name":"wp","href":"https:\/\/api.w.org\/{rel}","templated":true}]}}