{"id":2842,"date":"2021-05-02T00:31:31","date_gmt":"2021-05-01T21:31:31","guid":{"rendered":"https:\/\/ajit-e.org\/?page_id=2842"},"modified":"2021-05-02T15:05:24","modified_gmt":"2021-05-02T12:05:24","slug":"volume-11-issue-42-summer-2020","status":"publish","type":"page","link":"https:\/\/ajit-e.org\/en\/volume-11-issue-42-summer-2020\/","title":{"rendered":"Volume 11 - Issue 42 - Summer 2020"},"content":{"rendered":"<div data-elementor-type=\"wp-page\" data-elementor-id=\"2842\" class=\"elementor elementor-2842\" data-elementor-post-type=\"page\">\n\t\t\t\t\t\t<section class=\"elementor-section elementor-top-section elementor-element elementor-element-7b2d3a28 elementor-section-boxed elementor-section-height-default elementor-section-height-default\" data-id=\"7b2d3a28\" data-element_type=\"section\" data-e-type=\"section\">\n\t\t\t\t\t\t<div class=\"elementor-container elementor-column-gap-default\">\n\t\t\t\t\t<div class=\"elementor-column elementor-col-100 elementor-top-column elementor-element elementor-element-7878f11e\" data-id=\"7878f11e\" data-element_type=\"column\" data-e-type=\"column\">\n\t\t\t<div class=\"elementor-widget-wrap elementor-element-populated\">\n\t\t\t\t\t\t<div class=\"elementor-element elementor-element-2ebc7289 elementor-widget elementor-widget-image\" data-id=\"2ebc7289\" data-element_type=\"widget\" data-e-type=\"widget\" data-widget_type=\"image.default\">\n\t\t\t\t<div class=\"elementor-widget-container\">\n\t\t\t\t\t\t\t\t\t\t\t\t\t\t\t\t<a href=\"https:\/\/ajit-e.org\/wp-content\/uploads\/2021\/05\/issue_42-scaled.jpg\" data-elementor-open-lightbox=\"yes\" data-elementor-lightbox-title=\"issue_42\" data-e-action-hash=\"#elementor-action%3Aaction%3Dlightbox%26settings%3DeyJpZCI6MjgyNCwidXJsIjoiaHR0cHM6XC9cL2FqaXQtZS5vcmdcL3dwLWNvbnRlbnRcL3VwbG9hZHNcLzIwMjFcLzA1XC9pc3N1ZV80Mi1zY2FsZWQuanBnIn0%3D\">\n\t\t\t\t\t\t\t<img fetchpriority=\"high\" decoding=\"async\" width=\"1811\" height=\"2560\" src=\"https:\/\/ajit-e.org\/wp-content\/uploads\/2021\/05\/issue_42-scaled.jpg\" class=\"attachment-full size-full wp-image-2824\" alt=\"\" srcset=\"https:\/\/ajit-e.org\/wp-content\/uploads\/2021\/05\/issue_42-scaled.jpg 1811w, https:\/\/ajit-e.org\/wp-content\/uploads\/2021\/05\/issue_42-212x300.jpg 212w, https:\/\/ajit-e.org\/wp-content\/uploads\/2021\/05\/issue_42-724x1024.jpg 724w, https:\/\/ajit-e.org\/wp-content\/uploads\/2021\/05\/issue_42-768x1086.jpg 768w, https:\/\/ajit-e.org\/wp-content\/uploads\/2021\/05\/issue_42-1086x1536.jpg 1086w, https:\/\/ajit-e.org\/wp-content\/uploads\/2021\/05\/issue_42-1449x2048.jpg 1449w, https:\/\/ajit-e.org\/wp-content\/uploads\/2021\/05\/issue_42-8x12.jpg 8w\" sizes=\"(max-width: 1811px) 100vw, 1811px\" \/>\t\t\t\t\t\t\t\t<\/a>\n\t\t\t\t\t\t\t\t\t\t\t\t\t\t\t<\/div>\n\t\t\t\t<\/div>\n\t\t\t\t\t<\/div>\n\t\t<\/div>\n\t\t\t\t\t<\/div>\n\t\t<\/section>\n\t\t\t\t<section class=\"elementor-section elementor-top-section elementor-element elementor-element-6ac625c elementor-section-boxed elementor-section-height-default elementor-section-height-default\" data-id=\"6ac625c\" data-element_type=\"section\" data-e-type=\"section\">\n\t\t\t\t\t\t<div class=\"elementor-container elementor-column-gap-default\">\n\t\t\t\t\t<div class=\"elementor-column elementor-col-100 elementor-top-column elementor-element elementor-element-9c90e2e\" data-id=\"9c90e2e\" data-element_type=\"column\" data-e-type=\"column\">\n\t\t\t<div class=\"elementor-widget-wrap elementor-element-populated\">\n\t\t\t\t\t\t<div class=\"elementor-element elementor-element-83aced4 elementor-widget elementor-widget-tp-info-box\" data-id=\"83aced4\" data-element_type=\"widget\" data-e-type=\"widget\" data-widget_type=\"tp-info-box.default\">\n\t\t\t\t<div class=\"elementor-widget-container\">\n\t\t\t\t\t<div id=\"info_box69e6d2bc22b96\" class=\"pt_plus_info_box  info_box69e6d2bc22b96 info-box-style_1\"  data-id=\"info_box69e6d2bc22b96\" ><div class=\"post-inner-loop\"><div class=\"info-box-inner content_hover_effect\"><div class=\"info-box-bg-box\"><div class=\"service-media text-left vertical-center\"><div class=\"m-r-16  service-img-border\"  style=\"border-color: #252525;\"> <div class=\"service-icon-wrap\"><i class=\"fa fa-file-pdf-o service-icon\"><\/i><\/div> <\/div><div class=\"service-content\"><a  ><div class=\"service-title\"> Issue Full File <\/div><\/a><div class=\"service-border\"> <\/div><\/div><\/div><div class=\"infobox-overlay-color\"><\/div><\/div><\/div><\/div><\/div>\t\t\t\t<\/div>\n\t\t\t\t<\/div>\n\t\t\t\t\t<\/div>\n\t\t<\/div>\n\t\t\t\t\t<\/div>\n\t\t<\/section>\n\t\t\t\t<section class=\"elementor-section elementor-top-section elementor-element elementor-element-2f37bb34 elementor-section-boxed elementor-section-height-default elementor-section-height-default\" data-id=\"2f37bb34\" data-element_type=\"section\" data-e-type=\"section\">\n\t\t\t\t\t\t<div class=\"elementor-container elementor-column-gap-default\">\n\t\t\t\t\t<div class=\"elementor-column elementor-col-100 elementor-top-column elementor-element elementor-element-785fdf16\" data-id=\"785fdf16\" data-element_type=\"column\" data-e-type=\"column\">\n\t\t\t<div class=\"elementor-widget-wrap elementor-element-populated\">\n\t\t\t\t\t\t<div class=\"elementor-element elementor-element-a06a1f3 elementor-widget elementor-widget-tp-info-box\" data-id=\"a06a1f3\" data-element_type=\"widget\" data-e-type=\"widget\" data-widget_type=\"tp-info-box.default\">\n\t\t\t\t<div class=\"elementor-widget-container\">\n\t\t\t\t\t<div id=\"info_box69e6d2bc260fd\" class=\"pt_plus_info_box  info_box69e6d2bc260fd info-box-style_1\"  data-id=\"info_box69e6d2bc260fd\" ><div class=\"post-inner-loop\"><div class=\"info-box-inner content_hover_effect\"><div class=\"info-box-bg-box\"><div class=\"service-media text-left vertical-center\"><div class=\"m-r-16  service-img-border\"  style=\"border-color: #252525;\"> <div class=\"service-icon-wrap\"><i class=\"fa fa-file-pdf-o service-icon\"><\/i><\/div> <\/div><div class=\"service-content\"><a  ><div class=\"service-title\">  Digital Transformation in Public Diplomacy: Examining the Digital Diplomacy Activities of Ambassadors via Twitter <\/div><\/a><div class=\"service-border\"> <\/div><div class=\"service-desc\"> <p><em>Mesut \u0130R\u0130S<\/em><\/p><p><em>Tansu AKDEM\u0130R<\/em><\/p> <\/div><div class=\"pt-plus-button-wrapper\"><div class=\"button_parallax\"><div id=\"btn69e6d2bc25eef\" class=\"ts-button\"><div class=\"pt_plus_button btn69e6d2bc25eef button-style-9\"><div class=\"animted-content-inner\"><a class=\"button-link-wrap\" role=\"button\"><\/a><\/div><\/div><\/div><\/div><\/div><\/div><\/div><div class=\"infobox-overlay-color\"><\/div><\/div><\/div><\/div><\/div>\t\t\t\t<\/div>\n\t\t\t\t<\/div>\n\t\t\t\t\t<\/div>\n\t\t<\/div>\n\t\t\t\t\t<\/div>\n\t\t<\/section>\n\t\t\t\t<section class=\"elementor-section elementor-top-section elementor-element elementor-element-401115fc elementor-section-boxed elementor-section-height-default elementor-section-height-default\" data-id=\"401115fc\" data-element_type=\"section\" data-e-type=\"section\">\n\t\t\t\t\t\t<div class=\"elementor-container elementor-column-gap-default\">\n\t\t\t\t\t<div class=\"elementor-column elementor-col-100 elementor-top-column elementor-element elementor-element-54102434\" data-id=\"54102434\" data-element_type=\"column\" data-e-type=\"column\">\n\t\t\t<div class=\"elementor-widget-wrap elementor-element-populated\">\n\t\t\t\t\t\t<div class=\"elementor-element elementor-element-31f3bc2d elementor-widget elementor-widget-tp-info-box\" data-id=\"31f3bc2d\" data-element_type=\"widget\" data-e-type=\"widget\" data-widget_type=\"tp-info-box.default\">\n\t\t\t\t<div class=\"elementor-widget-container\">\n\t\t\t\t\t<div id=\"info_box69e6d2bc26fe4\" class=\"pt_plus_info_box  info_box69e6d2bc26fe4 info-box-style_1\"  data-id=\"info_box69e6d2bc26fe4\" ><div class=\"post-inner-loop\"><div class=\"info-box-inner content_hover_effect\"><div class=\"info-box-bg-box\"><div class=\"service-media text-left vertical-center\"><div class=\"m-r-16  service-img-border\"  style=\"border-color: #252525;\"> <div class=\"service-icon-wrap\"><i class=\"fa fa-file-pdf-o service-icon\"><\/i><\/div> <\/div><div class=\"service-content\"><a  ><div class=\"service-title\"> The Function of Social Sciences in Terms of Social Technological Development and Its Interaction with Society <\/div><\/a><div class=\"service-border\"> <\/div><div class=\"service-desc\"> <p><em>Kemal ER<\/em><\/p><p><em>\u0130smet Galip YOLCUO\u011eLU<\/em><\/p> <\/div><div class=\"pt-plus-button-wrapper\"><div class=\"button_parallax\"><div id=\"btn69e6d2bc26f96\" class=\"ts-button\"><div class=\"pt_plus_button btn69e6d2bc26f96 button-style-9\"><div class=\"animted-content-inner\"><a class=\"button-link-wrap\" role=\"button\"><\/a><\/div><\/div><\/div><\/div><\/div><\/div><\/div><div class=\"infobox-overlay-color\"><\/div><\/div><\/div><\/div><\/div>\t\t\t\t<\/div>\n\t\t\t\t<\/div>\n\t\t\t\t\t<\/div>\n\t\t<\/div>\n\t\t\t\t\t<\/div>\n\t\t<\/section>\n\t\t\t\t<section class=\"elementor-section elementor-top-section elementor-element elementor-element-661d1044 elementor-section-boxed elementor-section-height-default elementor-section-height-default\" data-id=\"661d1044\" data-element_type=\"section\" data-e-type=\"section\">\n\t\t\t\t\t\t<div class=\"elementor-container elementor-column-gap-default\">\n\t\t\t\t\t<div class=\"elementor-column elementor-col-100 elementor-top-column elementor-element elementor-element-3a8c5f8e\" data-id=\"3a8c5f8e\" data-element_type=\"column\" data-e-type=\"column\">\n\t\t\t<div class=\"elementor-widget-wrap elementor-element-populated\">\n\t\t\t\t\t\t<div class=\"elementor-element elementor-element-471358ae elementor-widget elementor-widget-tp-info-box\" data-id=\"471358ae\" data-element_type=\"widget\" data-e-type=\"widget\" data-widget_type=\"tp-info-box.default\">\n\t\t\t\t<div class=\"elementor-widget-container\">\n\t\t\t\t\t<div id=\"info_box69e6d2bc27f12\" class=\"pt_plus_info_box  info_box69e6d2bc27f12 info-box-style_1\"  data-id=\"info_box69e6d2bc27f12\" ><div class=\"post-inner-loop\"><div class=\"info-box-inner content_hover_effect\"><div class=\"info-box-bg-box\"><div class=\"service-media text-left vertical-center\"><div class=\"m-r-16  service-img-border\"  style=\"border-color: #252525;\"> <div class=\"service-icon-wrap\"><i class=\"fa fa-file-pdf-o service-icon\"><\/i><\/div> <\/div><div class=\"service-content\"><a  ><div class=\"service-title\">  Digitalization of Communication: The Pandemic (COVID-19) and Information Technologies <\/div><\/a><div class=\"service-border\"> <\/div><div class=\"service-desc\"> <p><em>Mehmet KARANF\u0130LO\u011eLU<\/em><\/p><p><em>Nurat KARA<\/em><\/p> <\/div><div class=\"pt-plus-button-wrapper\"><div class=\"button_parallax\"><div id=\"btn69e6d2bc27ec4\" class=\"ts-button\"><div class=\"pt_plus_button btn69e6d2bc27ec4 button-style-9\"><div class=\"animted-content-inner\"><a class=\"button-link-wrap\" role=\"button\"><\/a><\/div><\/div><\/div><\/div><\/div><\/div><\/div><div class=\"infobox-overlay-color\"><\/div><\/div><\/div><\/div><\/div>\t\t\t\t<\/div>\n\t\t\t\t<\/div>\n\t\t\t\t\t<\/div>\n\t\t<\/div>\n\t\t\t\t\t<\/div>\n\t\t<\/section>\n\t\t\t\t<section class=\"elementor-section elementor-top-section elementor-element elementor-element-6c492463 elementor-section-boxed elementor-section-height-default elementor-section-height-default\" data-id=\"6c492463\" data-element_type=\"section\" data-e-type=\"section\">\n\t\t\t\t\t\t<div class=\"elementor-container elementor-column-gap-default\">\n\t\t\t\t\t<div class=\"elementor-column elementor-col-100 elementor-top-column elementor-element elementor-element-155dc461\" data-id=\"155dc461\" data-element_type=\"column\" data-e-type=\"column\">\n\t\t\t<div class=\"elementor-widget-wrap elementor-element-populated\">\n\t\t\t\t\t\t<div class=\"elementor-element elementor-element-2f9b36ba elementor-widget elementor-widget-tp-info-box\" data-id=\"2f9b36ba\" data-element_type=\"widget\" data-e-type=\"widget\" data-widget_type=\"tp-info-box.default\">\n\t\t\t\t<div class=\"elementor-widget-container\">\n\t\t\t\t\t<div id=\"info_box69e6d2bc28de1\" class=\"pt_plus_info_box  info_box69e6d2bc28de1 info-box-style_1\"  data-id=\"info_box69e6d2bc28de1\" ><div class=\"post-inner-loop\"><div class=\"info-box-inner content_hover_effect\"><div class=\"info-box-bg-box\"><div class=\"service-media text-left vertical-center\"><div class=\"m-r-16  service-img-border\"  style=\"border-color: #252525;\"> <div class=\"service-icon-wrap\"><i class=\"fa fa-file-pdf-o service-icon\"><\/i><\/div> <\/div><div class=\"service-content\"><a  ><div class=\"service-title\">  Assessment of Faculty Members' Views on Distance Education During the COVID-19 Pandemic Process <\/div><\/a><div class=\"service-border\"> <\/div><div class=\"service-desc\"> <p><em>Hamiyet SAYAN<\/em><\/p> <\/div><div class=\"pt-plus-button-wrapper\"><div class=\"button_parallax\"><div id=\"btn69e6d2bc28d93\" class=\"ts-button\"><div class=\"pt_plus_button btn69e6d2bc28d93 button-style-9\"><div class=\"animted-content-inner\"><a class=\"button-link-wrap\" role=\"button\"><\/a><\/div><\/div><\/div><\/div><\/div><\/div><\/div><div class=\"infobox-overlay-color\"><\/div><\/div><\/div><\/div><\/div>\t\t\t\t<\/div>\n\t\t\t\t<\/div>\n\t\t\t\t\t<\/div>\n\t\t<\/div>\n\t\t\t\t\t<\/div>\n\t\t<\/section>\n\t\t\t\t<section class=\"elementor-section elementor-top-section elementor-element elementor-element-7f020fd elementor-section-boxed elementor-section-height-default elementor-section-height-default\" data-id=\"7f020fd\" data-element_type=\"section\" data-e-type=\"section\">\n\t\t\t\t\t\t<div class=\"elementor-container elementor-column-gap-default\">\n\t\t\t\t\t<div class=\"elementor-column elementor-col-100 elementor-top-column elementor-element elementor-element-2c75ac3\" data-id=\"2c75ac3\" data-element_type=\"column\" data-e-type=\"column\">\n\t\t\t<div class=\"elementor-widget-wrap elementor-element-populated\">\n\t\t\t\t\t\t<div class=\"elementor-element elementor-element-5c05dbb7 elementor-widget elementor-widget-tp-info-box\" data-id=\"5c05dbb7\" data-element_type=\"widget\" data-e-type=\"widget\" data-widget_type=\"tp-info-box.default\">\n\t\t\t\t<div class=\"elementor-widget-container\">\n\t\t\t\t\t<div id=\"info_box69e6d2bc29c81\" class=\"pt_plus_info_box  info_box69e6d2bc29c81 info-box-style_1\"  data-id=\"info_box69e6d2bc29c81\" ><div class=\"post-inner-loop\"><div class=\"info-box-inner content_hover_effect\"><div class=\"info-box-bg-box\"><div class=\"service-media text-left vertical-center\"><div class=\"m-r-16  service-img-border\"  style=\"border-color: #252525;\"> <div class=\"service-icon-wrap\"><i class=\"fa fa-file-pdf-o service-icon\"><\/i><\/div> <\/div><div class=\"service-content\"><a  ><div class=\"service-title\">  The Case of Humor in Social Media as a Method to Cope with Stress in the Covid\n19 Pandemic Process: Analysis of Instagram Accounts Named Cezmikalorifer and saykodelipaylasimlar <\/div><\/a><div class=\"service-border\"> <\/div><div class=\"service-desc\"> <p><em>Sedef SUB\u00d6LEN<\/em><\/p> <\/div><div class=\"pt-plus-button-wrapper\"><div class=\"button_parallax\"><div id=\"btn69e6d2bc29c33\" class=\"ts-button\"><div class=\"pt_plus_button btn69e6d2bc29c33 button-style-9\"><div class=\"animted-content-inner\"><a class=\"button-link-wrap\" role=\"button\"><\/a><\/div><\/div><\/div><\/div><\/div><\/div><\/div><div class=\"infobox-overlay-color\"><\/div><\/div><\/div><\/div><\/div>\t\t\t\t<\/div>\n\t\t\t\t<\/div>\n\t\t\t\t\t<\/div>\n\t\t<\/div>\n\t\t\t\t\t<\/div>\n\t\t<\/section>\n\t\t\t\t<section class=\"elementor-section elementor-top-section elementor-element elementor-element-da236ea elementor-section-boxed elementor-section-height-default elementor-section-height-default\" data-id=\"da236ea\" data-element_type=\"section\" data-e-type=\"section\">\n\t\t\t\t\t\t<div class=\"elementor-container elementor-column-gap-default\">\n\t\t\t\t\t<div class=\"elementor-column elementor-col-100 elementor-top-column elementor-element elementor-element-c3c546b\" data-id=\"c3c546b\" data-element_type=\"column\" data-e-type=\"column\">\n\t\t\t<div class=\"elementor-widget-wrap elementor-element-populated\">\n\t\t\t\t\t\t<div class=\"elementor-element elementor-element-10a3481 elementor-widget elementor-widget-tp-info-box\" data-id=\"10a3481\" data-element_type=\"widget\" data-e-type=\"widget\" data-widget_type=\"tp-info-box.default\">\n\t\t\t\t<div class=\"elementor-widget-container\">\n\t\t\t\t\t<div id=\"info_box69e6d2bc2ab82\" class=\"pt_plus_info_box  info_box69e6d2bc2ab82 info-box-style_1\"  data-id=\"info_box69e6d2bc2ab82\" ><div class=\"post-inner-loop\"><div class=\"info-box-inner content_hover_effect\"><div class=\"info-box-bg-box\"><div class=\"service-media text-left vertical-center\"><div class=\"m-r-16  service-img-border\"  style=\"border-color: #252525;\"> <div class=\"service-icon-wrap\"><i class=\"fa fa-file-pdf-o service-icon\"><\/i><\/div> <\/div><div class=\"service-content\"><a  ><div class=\"service-title\">  Political Intoxication, Its Symptoms and Social Media <\/div><\/a><div class=\"service-border\"> <\/div><div class=\"service-desc\"> <p><em>\u015eevki I\u015eIKLI<\/em><\/p><p><em>\u015eirvan \u00d6NCE<\/em><\/p> <\/div><div class=\"pt-plus-button-wrapper\"><div class=\"button_parallax\"><div id=\"btn69e6d2bc2ab34\" class=\"ts-button\"><div class=\"pt_plus_button btn69e6d2bc2ab34 button-style-9\"><div class=\"animted-content-inner\"><a class=\"button-link-wrap\" role=\"button\"><\/a><\/div><\/div><\/div><\/div><\/div><\/div><\/div><div class=\"infobox-overlay-color\"><\/div><\/div><\/div><\/div><\/div>\t\t\t\t<\/div>\n\t\t\t\t<\/div>\n\t\t\t\t\t<\/div>\n\t\t<\/div>\n\t\t\t\t\t<\/div>\n\t\t<\/section>\n\t\t\t\t<section class=\"elementor-section elementor-top-section elementor-element elementor-element-60af8d5 elementor-section-boxed elementor-section-height-default elementor-section-height-default\" data-id=\"60af8d5\" data-element_type=\"section\" data-e-type=\"section\">\n\t\t\t\t\t\t<div class=\"elementor-container elementor-column-gap-default\">\n\t\t\t\t\t<div class=\"elementor-column elementor-col-100 elementor-top-column elementor-element elementor-element-18c93b3\" data-id=\"18c93b3\" data-element_type=\"column\" data-e-type=\"column\">\n\t\t\t<div class=\"elementor-widget-wrap elementor-element-populated\">\n\t\t\t\t\t\t<div class=\"elementor-element elementor-element-df33113 elementor-widget elementor-widget-tp-info-box\" data-id=\"df33113\" data-element_type=\"widget\" data-e-type=\"widget\" data-widget_type=\"tp-info-box.default\">\n\t\t\t\t<div class=\"elementor-widget-container\">\n\t\t\t\t\t<div id=\"info_box69e6d2bc2ba31\" class=\"pt_plus_info_box  info_box69e6d2bc2ba31 info-box-style_1\"  data-id=\"info_box69e6d2bc2ba31\" ><div class=\"post-inner-loop\"><div class=\"info-box-inner content_hover_effect\"><div class=\"info-box-bg-box\"><div class=\"service-media text-left vertical-center\"><div class=\"m-r-16  service-img-border\"  style=\"border-color: #252525;\"> <div class=\"service-icon-wrap\"><i class=\"fa fa-file-pdf-o service-icon\"><\/i><\/div> <\/div><div class=\"service-content\"><a  ><div class=\"service-title\">  The Effects of Digitalizationand InformationTechnologies of Employees <\/div><\/a><div class=\"service-border\"> <\/div><div class=\"service-desc\"> <p><em>Bet\u00fcl ERS\u00d6Z<\/em><\/p><p><em>Mehmet \u00d6ZMEN\u00a0<\/em><\/p> <\/div><div class=\"pt-plus-button-wrapper\"><div class=\"button_parallax\"><div id=\"btn69e6d2bc2b9e3\" class=\"ts-button\"><div class=\"pt_plus_button btn69e6d2bc2b9e3 button-style-9\"><div class=\"animted-content-inner\"><a class=\"button-link-wrap\" role=\"button\"><\/a><\/div><\/div><\/div><\/div><\/div><\/div><\/div><div class=\"infobox-overlay-color\"><\/div><\/div><\/div><\/div><\/div>\t\t\t\t<\/div>\n\t\t\t\t<\/div>\n\t\t\t\t\t<\/div>\n\t\t<\/div>\n\t\t\t\t\t<\/div>\n\t\t<\/section>\n\t\t\t\t<section class=\"elementor-section elementor-top-section elementor-element elementor-element-54934b9 elementor-section-boxed elementor-section-height-default elementor-section-height-default\" data-id=\"54934b9\" data-element_type=\"section\" data-e-type=\"section\">\n\t\t\t\t\t\t<div class=\"elementor-container elementor-column-gap-default\">\n\t\t\t\t\t<div class=\"elementor-column elementor-col-100 elementor-top-column elementor-element elementor-element-6a21479\" data-id=\"6a21479\" data-element_type=\"column\" data-e-type=\"column\">\n\t\t\t<div class=\"elementor-widget-wrap elementor-element-populated\">\n\t\t\t\t\t\t<div class=\"elementor-element elementor-element-1bb7236 elementor-widget elementor-widget-tp-info-box\" data-id=\"1bb7236\" data-element_type=\"widget\" data-e-type=\"widget\" data-widget_type=\"tp-info-box.default\">\n\t\t\t\t<div class=\"elementor-widget-container\">\n\t\t\t\t\t<div id=\"info_box69e6d2bc2c950\" class=\"pt_plus_info_box  info_box69e6d2bc2c950 info-box-style_1\"  data-id=\"info_box69e6d2bc2c950\" ><div class=\"post-inner-loop\"><div class=\"info-box-inner content_hover_effect\"><div class=\"info-box-bg-box\"><div class=\"service-media text-left vertical-center\"><div class=\"m-r-16  service-img-border\"  style=\"border-color: #252525;\"> <div class=\"service-icon-wrap\"><i class=\"fa fa-file-pdf-o service-icon\"><\/i><\/div> <\/div><div class=\"service-content\"><a  ><div class=\"service-title\"> Comparison of VR and Desktop Game User Experience in a Puzzle Game: \u201cKeep Talking and Nobody Explodes\u201d <\/div><\/a><div class=\"service-border\"> <\/div><div class=\"service-desc\"> <p><em>Mehmet BERKMAN<\/em><\/p><p><em>G\u00fcven \u00c7ATAK<\/em><\/p><p><em>M\u0131st\u0131k EREMEKTAR<\/em><\/p> <\/div><div class=\"pt-plus-button-wrapper\"><div class=\"button_parallax\"><div id=\"btn69e6d2bc2c902\" class=\"ts-button\"><div class=\"pt_plus_button btn69e6d2bc2c902 button-style-9\"><div class=\"animted-content-inner\"><a class=\"button-link-wrap\" role=\"button\"><\/a><\/div><\/div><\/div><\/div><\/div><\/div><\/div><div class=\"infobox-overlay-color\"><\/div><\/div><\/div><\/div><\/div>\t\t\t\t<\/div>\n\t\t\t\t<\/div>\n\t\t\t\t\t<\/div>\n\t\t<\/div>\n\t\t\t\t\t<\/div>\n\t\t<\/section>\n\t\t\t\t<\/div>","protected":false},"excerpt":{"rendered":"<p>Say\u0131 Tam Dosyas\u0131 Kamu Diplomasisinde Dijital D\u00f6n\u00fc\u015f\u00fcm: B\u00fcy\u00fckel\u00e7ilerin Twitter \u00dczerinden Ger\u00e7ekle\u015ftirdikleri Dijital Diplomasi Faaliyetlerinin \u0130ncelenmesi Mesut \u0130R\u0130S Tansu AKDEM\u0130R 10.5824\/ajite.2020.03.001.x Toplumsal Teknolojik Geli\u015fmeler A\u00e7\u0131s\u0131ndan Sosyal&hellip;<\/p>","protected":false},"author":1,"featured_media":0,"parent":0,"menu_order":0,"comment_status":"closed","ping_status":"closed","template":"","meta":{"footnotes":""},"class_list":["post-2842","page","type-page","status-publish","hentry"],"_links":{"self":[{"href":"https:\/\/ajit-e.org\/en\/wp-json\/wp\/v2\/pages\/2842","targetHints":{"allow":["GET"]}}],"collection":[{"href":"https:\/\/ajit-e.org\/en\/wp-json\/wp\/v2\/pages"}],"about":[{"href":"https:\/\/ajit-e.org\/en\/wp-json\/wp\/v2\/types\/page"}],"author":[{"embeddable":true,"href":"https:\/\/ajit-e.org\/en\/wp-json\/wp\/v2\/users\/1"}],"replies":[{"embeddable":true,"href":"https:\/\/ajit-e.org\/en\/wp-json\/wp\/v2\/comments?post=2842"}],"version-history":[{"count":16,"href":"https:\/\/ajit-e.org\/en\/wp-json\/wp\/v2\/pages\/2842\/revisions"}],"predecessor-version":[{"id":2902,"href":"https:\/\/ajit-e.org\/en\/wp-json\/wp\/v2\/pages\/2842\/revisions\/2902"}],"wp:attachment":[{"href":"https:\/\/ajit-e.org\/en\/wp-json\/wp\/v2\/media?parent=2842"}],"curies":[{"name":"wp","href":"https:\/\/api.w.org\/{rel}","templated":true}]}}