{"id":2247,"date":"2021-01-30T13:43:27","date_gmt":"2021-01-30T10:43:27","guid":{"rendered":"https:\/\/ajit-e.org\/?page_id=2247"},"modified":"2021-02-15T12:39:20","modified_gmt":"2021-02-15T09:39:20","slug":"sik-sorulan-sorular-sss","status":"publish","type":"page","link":"https:\/\/ajit-e.org\/en\/sik-sorulan-sorular-sss\/","title":{"rendered":"Frequently Asked Questions (FAQ)"},"content":{"rendered":"<div data-elementor-type=\"wp-page\" data-elementor-id=\"2247\" class=\"elementor elementor-2247\" data-elementor-post-type=\"page\">\n\t\t\t\t\t\t<section class=\"elementor-section elementor-top-section elementor-element elementor-element-2924332 elementor-section-boxed elementor-section-height-default elementor-section-height-default\" data-id=\"2924332\" data-element_type=\"section\" data-e-type=\"section\">\n\t\t\t\t\t\t<div class=\"elementor-container elementor-column-gap-default\">\n\t\t\t\t\t<div class=\"elementor-column elementor-col-100 elementor-top-column elementor-element elementor-element-c36a78e\" data-id=\"c36a78e\" data-element_type=\"column\" data-e-type=\"column\">\n\t\t\t<div class=\"elementor-widget-wrap elementor-element-populated\">\n\t\t\t\t\t\t<div class=\"elementor-element elementor-element-099d49c elementor-widget elementor-widget-accordion\" data-id=\"099d49c\" data-element_type=\"widget\" data-e-type=\"widget\" data-widget_type=\"accordion.default\">\n\t\t\t\t<div class=\"elementor-widget-container\">\n\t\t\t\t\t\t\t<div class=\"elementor-accordion\">\n\t\t\t\t\t\t\t<div class=\"elementor-accordion-item\">\n\t\t\t\t\t<div id=\"elementor-tab-title-1001\" class=\"elementor-tab-title\" data-tab=\"1\" role=\"button\" aria-controls=\"elementor-tab-content-1001\" aria-expanded=\"false\">\n\t\t\t\t\t\t\t\t\t\t\t\t\t<span class=\"elementor-accordion-icon elementor-accordion-icon-left\" aria-hidden=\"true\">\n\t\t\t\t\t\t\t\t\t\t\t\t\t\t\t<span class=\"elementor-accordion-icon-closed\"><i class=\"fas fa-question\"><\/i><\/span>\n\t\t\t\t\t\t\t\t<span class=\"elementor-accordion-icon-opened\"><i class=\"fas fa-minus\"><\/i><\/span>\n\t\t\t\t\t\t\t\t\t\t\t\t\t\t<\/span>\n\t\t\t\t\t\t\t\t\t\t\t\t<a class=\"elementor-accordion-title\" tabindex=\"0\">How can I submit an article to your journal?<\/a>\n\t\t\t\t\t<\/div>\n\t\t\t\t\t<div id=\"elementor-tab-content-1001\" class=\"elementor-tab-content elementor-clearfix\" data-tab=\"1\" role=\"region\" aria-labelledby=\"elementor-tab-title-1001\"><p>AJIT-e, May\u0131s 2020&#8217;den itibaren <a href=\"http:\/\/dergipark.org.tr\/ajit-e\" target=\"_blank\" rel=\"noopener\">Dergipark <\/a>\u00fczerinden hizmet vermeye ba\u015flam\u0131\u015ft\u0131r. Bu nedenle makale g\u00f6nderimi de dahil t\u00fcm s\u00fcre\u00e7 Dergipark \u00fczerinden ilerlemektedir. Sa\u011f \u00fcstte bulunan <em>&#8220;Makale G\u00f6nder&#8221;<\/em> butonuna t\u0131klad\u0131ktan sonra <a href=\"https:\/\/www.youtube.com\/watch?v=OfAhRfQB-LQ\" target=\"_blank\" rel=\"noopener\">Dergipark&#8217;a nas\u0131l makale g\u00f6nderilece\u011fi ile ilgili detayl\u0131 anlat\u0131ma buradan ula\u015fabilirsiniz. <\/a>Herhangi bir sorunla kar\u015f\u0131la\u015fman\u0131z durumunda <a href=\"mailto:editor@ajit-e.org\">editor@ajit-e.org<\/a> adresiyle ileti\u015fime ge\u00e7ebilirsiniz.\u00a0<\/p><\/div>\n\t\t\t\t<\/div>\n\t\t\t\t\t\t\t<div class=\"elementor-accordion-item\">\n\t\t\t\t\t<div id=\"elementor-tab-title-1002\" class=\"elementor-tab-title\" data-tab=\"2\" role=\"button\" aria-controls=\"elementor-tab-content-1002\" aria-expanded=\"false\">\n\t\t\t\t\t\t\t\t\t\t\t\t\t<span class=\"elementor-accordion-icon elementor-accordion-icon-left\" aria-hidden=\"true\">\n\t\t\t\t\t\t\t\t\t\t\t\t\t\t\t<span class=\"elementor-accordion-icon-closed\"><i class=\"fas fa-question\"><\/i><\/span>\n\t\t\t\t\t\t\t\t<span class=\"elementor-accordion-icon-opened\"><i class=\"fas fa-minus\"><\/i><\/span>\n\t\t\t\t\t\t\t\t\t\t\t\t\t\t<\/span>\n\t\t\t\t\t\t\t\t\t\t\t\t<a class=\"elementor-accordion-title\" tabindex=\"0\">When can I send an article to your journal?<\/a>\n\t\t\t\t\t<\/div>\n\t\t\t\t\t<div id=\"elementor-tab-content-1002\" class=\"elementor-tab-content elementor-clearfix\" data-tab=\"2\" role=\"region\" aria-labelledby=\"elementor-tab-title-1002\"><p>AJIT-e, herhangi bir say\u0131 i\u00e7in makale kabul etmemektedir. Dergiye her zaman makale g\u00f6nderilebilirsiniz. De\u011ferlendirme s\u00fcreci tamamlanan \u00e7al\u0131\u015fmalar, uygun bulunan say\u0131 i\u00e7in edit\u00f6r kurulu taraf\u0131ndan yay\u0131nlanmak \u00fczere se\u00e7ilmektedir.<\/p><\/div>\n\t\t\t\t<\/div>\n\t\t\t\t\t\t\t<div class=\"elementor-accordion-item\">\n\t\t\t\t\t<div id=\"elementor-tab-title-1003\" class=\"elementor-tab-title\" data-tab=\"3\" role=\"button\" aria-controls=\"elementor-tab-content-1003\" aria-expanded=\"false\">\n\t\t\t\t\t\t\t\t\t\t\t\t\t<span class=\"elementor-accordion-icon elementor-accordion-icon-left\" aria-hidden=\"true\">\n\t\t\t\t\t\t\t\t\t\t\t\t\t\t\t<span class=\"elementor-accordion-icon-closed\"><i class=\"fas fa-question\"><\/i><\/span>\n\t\t\t\t\t\t\t\t<span class=\"elementor-accordion-icon-opened\"><i class=\"fas fa-minus\"><\/i><\/span>\n\t\t\t\t\t\t\t\t\t\t\t\t\t\t<\/span>\n\t\t\t\t\t\t\t\t\t\t\t\t<a class=\"elementor-accordion-title\" tabindex=\"0\">Will the article I submit to your journal be reviewed immediately?<\/a>\n\t\t\t\t\t<\/div>\n\t\t\t\t\t<div id=\"elementor-tab-content-1003\" class=\"elementor-tab-content elementor-clearfix\" data-tab=\"3\" role=\"region\" aria-labelledby=\"elementor-tab-title-1003\"><p>AJIT-e&#8217;ye g\u00f6nderilen makalelerin de\u011ferlendirme s\u00fcrecinin, edit\u00f6r atanma ve hakem de\u011ferlendirmelerine ba\u011fl\u0131 olarak her bir makale i\u00e7in <em><strong>en fazla 6 ay s\u00fcrmesi<\/strong> <\/em>\u00f6ng\u00f6r\u00fclmektedir. Ancak \u00f6ng\u00f6r\u00fclen bu s\u00fcre kesin olmamakla birlikte hakem de\u011ferlendirmelerine ba\u011fl\u0131 olarak daha k\u0131sa ya da daha uzun bir s\u00fcrede tamamlanabilmektedir.<\/p><\/div>\n\t\t\t\t<\/div>\n\t\t\t\t\t\t\t<div class=\"elementor-accordion-item\">\n\t\t\t\t\t<div id=\"elementor-tab-title-1004\" class=\"elementor-tab-title\" data-tab=\"4\" role=\"button\" aria-controls=\"elementor-tab-content-1004\" aria-expanded=\"false\">\n\t\t\t\t\t\t\t\t\t\t\t\t\t<span class=\"elementor-accordion-icon elementor-accordion-icon-left\" aria-hidden=\"true\">\n\t\t\t\t\t\t\t\t\t\t\t\t\t\t\t<span class=\"elementor-accordion-icon-closed\"><i class=\"fas fa-question\"><\/i><\/span>\n\t\t\t\t\t\t\t\t<span class=\"elementor-accordion-icon-opened\"><i class=\"fas fa-minus\"><\/i><\/span>\n\t\t\t\t\t\t\t\t\t\t\t\t\t\t<\/span>\n\t\t\t\t\t\t\t\t\t\t\t\t<a class=\"elementor-accordion-title\" tabindex=\"0\">Can I recommend a referee for the article I submitted to your journal?<\/a>\n\t\t\t\t\t<\/div>\n\t\t\t\t\t<div id=\"elementor-tab-content-1004\" class=\"elementor-tab-content elementor-clearfix\" data-tab=\"4\" role=\"region\" aria-labelledby=\"elementor-tab-title-1004\"><p class=\"translation-block\">Referee suggestions <strong> are not accepted for works submitted to AJIT-e. <\/strong> Referees are appointed by the editor.<\/p><\/div>\n\t\t\t\t<\/div>\n\t\t\t\t\t\t\t<div class=\"elementor-accordion-item\">\n\t\t\t\t\t<div id=\"elementor-tab-title-1005\" class=\"elementor-tab-title\" data-tab=\"5\" role=\"button\" aria-controls=\"elementor-tab-content-1005\" aria-expanded=\"false\">\n\t\t\t\t\t\t\t\t\t\t\t\t\t<span class=\"elementor-accordion-icon elementor-accordion-icon-left\" aria-hidden=\"true\">\n\t\t\t\t\t\t\t\t\t\t\t\t\t\t\t<span class=\"elementor-accordion-icon-closed\"><i class=\"fas fa-question\"><\/i><\/span>\n\t\t\t\t\t\t\t\t<span class=\"elementor-accordion-icon-opened\"><i class=\"fas fa-minus\"><\/i><\/span>\n\t\t\t\t\t\t\t\t\t\t\t\t\t\t<\/span>\n\t\t\t\t\t\t\t\t\t\t\t\t<a class=\"elementor-accordion-title\" tabindex=\"0\">Is it paid to submit an article to your journal?<\/a>\n\t\t\t\t\t<\/div>\n\t\t\t\t\t<div id=\"elementor-tab-content-1005\" class=\"elementor-tab-content elementor-clearfix\" data-tab=\"5\" role=\"region\" aria-labelledby=\"elementor-tab-title-1005\"><p class=\"translation-block\">Submitting articles to our journal is free. However, <em><strong>a donation of 500 Turkish Lira<\/strong><\/em> is requested from the articles deemed appropriate to be published as a result of the referee evaluation.<\/p><\/div>\n\t\t\t\t<\/div>\n\t\t\t\t\t\t\t<div class=\"elementor-accordion-item\">\n\t\t\t\t\t<div id=\"elementor-tab-title-1006\" class=\"elementor-tab-title\" data-tab=\"6\" role=\"button\" aria-controls=\"elementor-tab-content-1006\" aria-expanded=\"false\">\n\t\t\t\t\t\t\t\t\t\t\t\t\t<span class=\"elementor-accordion-icon elementor-accordion-icon-left\" aria-hidden=\"true\">\n\t\t\t\t\t\t\t\t\t\t\t\t\t\t\t<span class=\"elementor-accordion-icon-closed\"><i class=\"fas fa-question\"><\/i><\/span>\n\t\t\t\t\t\t\t\t<span class=\"elementor-accordion-icon-opened\"><i class=\"fas fa-minus\"><\/i><\/span>\n\t\t\t\t\t\t\t\t\t\t\t\t\t\t<\/span>\n\t\t\t\t\t\t\t\t\t\t\t\t<a class=\"elementor-accordion-title\" tabindex=\"0\">Why are authors charged for their articles?<\/a>\n\t\t\t\t\t<\/div>\n\t\t\t\t\t<div id=\"elementor-tab-content-1006\" class=\"elementor-tab-content elementor-clearfix\" data-tab=\"6\" role=\"region\" aria-labelledby=\"elementor-tab-title-1006\"><p>AJIT-e, kuruldu\u011fu 2010 y\u0131l\u0131ndan bu yana dergi sekreteryas\u0131, edit\u00f6rl\u00fck ve hakem s\u00fcre\u00e7lerini g\u00f6n\u00fcll\u00fcl\u00fck \u00fczerine y\u00fcr\u00fctmektedir. Ancak buna ra\u011fmen her y\u0131l artan hosting ve domain masraf\u0131, Crossref \u00fcyelik aidat\u0131 ve her DOI kayd\u0131nda Crossref taraf\u0131ndan al\u0131nan makale kay\u0131t \u00fccreti ve daha bir\u00e7ok masraftan dolay\u0131 deste\u011fe ihtiya\u00e7 duymaktad\u0131r. 10 y\u0131l\u0131 a\u015fk\u0131nd\u0131r yay\u0131n hayat\u0131na devam eden dergimizin akademik \u00f6zg\u00fcrl\u00fck i\u00e7erisinde varl\u0131\u011f\u0131n\u0131 s\u00fcrd\u00fcrebilmesi amac\u0131yla da AJIT-e\u2019nin ba\u011fl\u0131 bulundu\u011fu Akademik Bili\u015fim Ara\u015ft\u0131rmalar\u0131 Derne\u011fi kurulmu\u015ftur. Derginin yay\u0131n\u0131 ba\u015fta olmak \u00fczere dernek taraf\u0131ndan \u00f6\u011frenciler ve gen\u00e7 akademisyenler hem maddi hem de manevi desteklenmekte, bilimsel etkinlikler d\u00fczenlenmektedir. Bu nedenle AJIT-e yazarlar\u0131n deste\u011fine ihtiya\u00e7 duymaktad\u0131r.<\/p><p>Dergimizde yay\u0131nlanan t\u00fcm makaleler a\u00e7\u0131k eri\u015fimlidir. A\u00e7\u0131k eri\u015fim,\u00a0<a href=\"https:\/\/www.budapestopenaccessinitiative.org\/translations\/turkish-translation\" target=\"_blank\" rel=\"noopener\">Budape\u015fte A\u00e7\u0131k Eri\u015fim Giri\u015fimi\u00a0<\/a>taraf\u0131ndan yay\u0131nlanan bildirgede \u015fu \u015fekilde tan\u0131mlanmaktad\u0131r:<\/p><blockquote><p><span style=\"color: #000000;\">A\u00e7\u0131k Eri\u015fim, bilimsel literat\u00fcr\u00fcn \u0130nternet arac\u0131yla finansal, yasal ve teknik bariyerler olmaks\u0131z\u0131n, eri\u015filebilir, okunabilir, kaydedilebilir, kopyalanabilir, yazd\u0131r\u0131labilir, taranabilir, tam metne ba\u011flant\u0131 verilebilir, dizinlenebilir, yaz\u0131l\u0131ma veri olarak aktar\u0131labilir ve her t\u00fcrl\u00fc yasal ama\u00e7 i\u00e7in kullan\u0131labilir olmas\u0131d\u0131r.<\/span><\/p><\/blockquote><p>Ancak ayn\u0131 bildirgede ayr\u0131ca \u015fu madde de yer almaktad\u0131r:<\/p><blockquote><p>A\u00e7\u0131k Eri\u015fimli Dergiler: \u0130kincisi, bilim insanlar\u0131, a\u00e7\u0131k eri\u015fimi destekleyen yeni nesil dergileri yay\u0131mlamaya ba\u015flamak ve a\u00e7\u0131k eri\u015fime ge\u00e7meyi tercih eden dergilere katk\u0131da bulunmak i\u00e7in araca\/y\u00f6nteme ihtiya\u00e7 duyar. Dergi makalelerinin m\u00fcmk\u00fcn oldu\u011funca geni\u015f kitlelere ula\u015fmas\u0131 gerekti\u011finden, bu yeni dergilerde yay\u0131mlanan materyale eri\u015fimi ve kullan\u0131m\u0131 s\u0131n\u0131rlamak i\u00e7in telif haklar\u0131na ba\u015fvurulmayacakt\u0131r. Bundan sonraki s\u00fcre\u00e7te telif haklar\u0131 ve di\u011fer ara\u00e7lar, engellemeler koymak yerine yay\u0131mlanan t\u00fcm makalelerin a\u00e7\u0131k eri\u015fimde kal\u0131c\u0131l\u0131\u011f\u0131n\u0131 sa\u011flamak i\u00e7in kullan\u0131lacakt\u0131r. Fiyat, eri\u015fim i\u00e7in engel oldu\u011fundan bu yeni dergiler abonelik veya eri\u015fim bedeli istemezler ve masraflar\u0131 kar\u015f\u0131lamak i\u00e7in di\u011fer y\u00f6ntemlere y\u00f6nelirler. Bu ama\u00e7 i\u00e7in; ara\u015ft\u0131rmalara para sa\u011flayan vak\u0131flar ve devletler, ara\u015ft\u0131rmac\u0131 istihdam eden \u00fcniversiteler ve laboratuvarlar, bilim dallar\u0131 veya kurum taraf\u0131ndan ara\u015ft\u0131rmalar\u0131 desteklemek i\u00e7in yap\u0131lan ba\u011f\u0131\u015flar, a\u00e7\u0131k eri\u015fim destek\u00e7ileri, temel metin eklentilerinin sat\u0131\u015f\u0131ndan elde edilen kazan\u00e7lar, geleneksel abonelik veya eri\u015fim \u00fccreti alan dergilerin kapanmas\u0131 veya iptali ile serbest kalacak fonlar ve hatta ara\u015ft\u0131rmac\u0131lar\u0131n kendi kendine kat\u0131l\u0131m\u0131 gibi bir \u00e7ok alternatif fon kayna\u011f\u0131 vard\u0131r. T\u00fcm bilim dallar\u0131 veya uluslar bu \u00e7\u00f6z\u00fcmlerden herhangi birini kabul etmek zorunda de\u011fildir, farkl\u0131 ve yarat\u0131c\u0131 alternatifleri aramaktan vazge\u00e7ilmemelidir.<\/p><\/blockquote><p>AJIT-e&#8217;de t\u00fcm yazarlar e\u015fit haklara sahiptir. Teberru bedelinin yat\u0131r\u0131lmas\u0131 yazarlara kesinlikle \u00f6ncelik tan\u0131mamaktad\u0131r.\u00a0<a href=\"https:\/\/ajit-e.org\/en\/yayin-ilkeleri\/\">https:\/\/ajit-e.org\/yayin-ilkeleri\/\u00a0<\/a>adresinden yay\u0131n ilkelerimizi detayl\u0131ca inceleyebilirsiniz.\u00a0<\/p><\/div>\n\t\t\t\t<\/div>\n\t\t\t\t\t\t\t\t<\/div>\n\t\t\t\t\t\t<\/div>\n\t\t\t\t<\/div>\n\t\t\t\t\t<\/div>\n\t\t<\/div>\n\t\t\t\t\t<\/div>\n\t\t<\/section>\n\t\t\t\t<\/div>","protected":false},"excerpt":{"rendered":"<p>Derginize nas\u0131l makale g\u00f6nderebilirim? AJIT-e, May\u0131s 2020&#8217;den itibaren Dergipark \u00fczerinden hizmet vermeye ba\u015flam\u0131\u015ft\u0131r. Bu nedenle makale g\u00f6nderimi de dahil t\u00fcm s\u00fcre\u00e7 Dergipark \u00fczerinden ilerlemektedir. Sa\u011f&hellip;<\/p>","protected":false},"author":1,"featured_media":0,"parent":0,"menu_order":0,"comment_status":"closed","ping_status":"closed","template":"","meta":{"footnotes":""},"class_list":["post-2247","page","type-page","status-publish","hentry"],"_links":{"self":[{"href":"https:\/\/ajit-e.org\/en\/wp-json\/wp\/v2\/pages\/2247","targetHints":{"allow":["GET"]}}],"collection":[{"href":"https:\/\/ajit-e.org\/en\/wp-json\/wp\/v2\/pages"}],"about":[{"href":"https:\/\/ajit-e.org\/en\/wp-json\/wp\/v2\/types\/page"}],"author":[{"embeddable":true,"href":"https:\/\/ajit-e.org\/en\/wp-json\/wp\/v2\/users\/1"}],"replies":[{"embeddable":true,"href":"https:\/\/ajit-e.org\/en\/wp-json\/wp\/v2\/comments?post=2247"}],"version-history":[{"count":0,"href":"https:\/\/ajit-e.org\/en\/wp-json\/wp\/v2\/pages\/2247\/revisions"}],"wp:attachment":[{"href":"https:\/\/ajit-e.org\/en\/wp-json\/wp\/v2\/media?parent=2247"}],"curies":[{"name":"wp","href":"https:\/\/api.w.org\/{rel}","templated":true}]}}