{"id":1515,"date":"2021-01-07T21:00:55","date_gmt":"2021-01-07T18:00:55","guid":{"rendered":"https:\/\/ajit-e.org\/?page_id=1515"},"modified":"2021-02-14T17:33:29","modified_gmt":"2021-02-14T14:33:29","slug":"volume-9-issue-32-spring-2018","status":"publish","type":"page","link":"https:\/\/ajit-e.org\/en\/volume-9-issue-32-spring-2018\/","title":{"rendered":"Cilt 9 \u2013 Say\u0131 32 \u2013 Bahar 2018"},"content":{"rendered":"<div data-elementor-type=\"wp-page\" data-elementor-id=\"1515\" class=\"elementor elementor-1515\" data-elementor-post-type=\"page\">\n\t\t\t\t\t\t<section class=\"elementor-section elementor-top-section elementor-element elementor-element-70fc284b elementor-section-boxed elementor-section-height-default elementor-section-height-default\" data-id=\"70fc284b\" data-element_type=\"section\" data-e-type=\"section\">\n\t\t\t\t\t\t<div class=\"elementor-container elementor-column-gap-default\">\n\t\t\t\t\t<div class=\"elementor-column elementor-col-100 elementor-top-column elementor-element elementor-element-5f4fc582\" data-id=\"5f4fc582\" data-element_type=\"column\" data-e-type=\"column\">\n\t\t\t<div class=\"elementor-widget-wrap elementor-element-populated\">\n\t\t\t\t\t\t<div class=\"elementor-element elementor-element-479b5584 elementor-widget elementor-widget-tp-info-box\" data-id=\"479b5584\" data-element_type=\"widget\" data-e-type=\"widget\" data-widget_type=\"tp-info-box.default\">\n\t\t\t\t<div class=\"elementor-widget-container\">\n\t\t\t\t\t<div id=\"info_box69f29cef201ba\" class=\"pt_plus_info_box  info_box69f29cef201ba info-box-style_1\"  data-id=\"info_box69f29cef201ba\" ><div class=\"post-inner-loop\"><div class=\"info-box-inner content_hover_effect\"><div class=\"info-box-bg-box\"><div class=\"service-media text-left vertical-center\"><div class=\"m-r-16  service-img-border\"  style=\"border-color: #252525;\"> <div class=\"service-icon-wrap\"><i class=\"fa fa-file-pdf-o service-icon\"><\/i><\/div> <\/div><div class=\"service-content\"><a  ><div class=\"service-title\"> Table of Contents <\/div><\/a><div class=\"service-border\"> <\/div><\/div><\/div><div class=\"infobox-overlay-color\"><\/div><\/div><\/div><\/div><\/div>\t\t\t\t<\/div>\n\t\t\t\t<\/div>\n\t\t\t\t\t<\/div>\n\t\t<\/div>\n\t\t\t\t\t<\/div>\n\t\t<\/section>\n\t\t\t\t<section class=\"elementor-section elementor-top-section elementor-element elementor-element-79f26d7d elementor-section-boxed elementor-section-height-default elementor-section-height-default\" data-id=\"79f26d7d\" data-element_type=\"section\" data-e-type=\"section\">\n\t\t\t\t\t\t<div class=\"elementor-container elementor-column-gap-default\">\n\t\t\t\t\t<div class=\"elementor-column elementor-col-100 elementor-top-column elementor-element elementor-element-a03dfa0\" data-id=\"a03dfa0\" data-element_type=\"column\" data-e-type=\"column\">\n\t\t\t<div class=\"elementor-widget-wrap elementor-element-populated\">\n\t\t\t\t\t\t<div class=\"elementor-element elementor-element-2893a312 elementor-widget elementor-widget-tp-info-box\" data-id=\"2893a312\" data-element_type=\"widget\" data-e-type=\"widget\" data-widget_type=\"tp-info-box.default\">\n\t\t\t\t<div class=\"elementor-widget-container\">\n\t\t\t\t\t<div id=\"info_box69f29cef211a0\" class=\"pt_plus_info_box  info_box69f29cef211a0 info-box-style_1\"  data-id=\"info_box69f29cef211a0\" ><div class=\"post-inner-loop\"><div class=\"info-box-inner content_hover_effect\"><div class=\"info-box-bg-box\"><div class=\"service-media text-left vertical-center\"><div class=\"m-r-16  service-img-border\"  style=\"border-color: #252525;\"> <div class=\"service-icon-wrap\"><i class=\"fa fa-file-pdf-o service-icon\"><\/i><\/div> <\/div><div class=\"service-content\"><a  ><div class=\"service-title\"> Adoption of e-Government Services in Turkey <\/div><\/a><div class=\"service-border\"> <\/div><div class=\"service-desc\"> <div class=\"text\"><i>Yakup AKG\u00dcL<\/i><\/div> <\/div><div class=\"pt-plus-button-wrapper\"><div class=\"button_parallax\"><div id=\"btn69f29cef2113b\" class=\"ts-button\"><div class=\"pt_plus_button btn69f29cef2113b button-style-9\"><div class=\"animted-content-inner\"><a class=\"button-link-wrap\" role=\"button\"><\/a><\/div><\/div><\/div><\/div><\/div><\/div><\/div><div class=\"infobox-overlay-color\"><\/div><\/div><\/div><\/div><\/div>\t\t\t\t<\/div>\n\t\t\t\t<\/div>\n\t\t\t\t\t<\/div>\n\t\t<\/div>\n\t\t\t\t\t<\/div>\n\t\t<\/section>\n\t\t\t\t<section class=\"elementor-section elementor-top-section elementor-element elementor-element-4df17db5 elementor-section-boxed elementor-section-height-default elementor-section-height-default\" data-id=\"4df17db5\" data-element_type=\"section\" data-e-type=\"section\">\n\t\t\t\t\t\t<div class=\"elementor-container elementor-column-gap-default\">\n\t\t\t\t\t<div class=\"elementor-column elementor-col-100 elementor-top-column elementor-element elementor-element-955869e\" data-id=\"955869e\" data-element_type=\"column\" data-e-type=\"column\">\n\t\t\t<div class=\"elementor-widget-wrap elementor-element-populated\">\n\t\t\t\t\t\t<div class=\"elementor-element elementor-element-612dde57 elementor-widget elementor-widget-tp-info-box\" data-id=\"612dde57\" data-element_type=\"widget\" data-e-type=\"widget\" data-widget_type=\"tp-info-box.default\">\n\t\t\t\t<div class=\"elementor-widget-container\">\n\t\t\t\t\t<div id=\"info_box69f29cef2208b\" class=\"pt_plus_info_box  info_box69f29cef2208b info-box-style_1\"  data-id=\"info_box69f29cef2208b\" ><div class=\"post-inner-loop\"><div class=\"info-box-inner content_hover_effect\"><div class=\"info-box-bg-box\"><div class=\"service-media text-left vertical-center\"><div class=\"m-r-16  service-img-border\"  style=\"border-color: #252525;\"> <div class=\"service-icon-wrap\"><i class=\"fa fa-file-pdf-o service-icon\"><\/i><\/div> <\/div><div class=\"service-content\"><a  ><div class=\"service-title\"> Consumers\u2019 Perceptions of YouTubers: The Case of Turkey <\/div><\/a><div class=\"service-border\"> <\/div><div class=\"service-desc\"> <p><i>Niyazi G\u00dcM\u00dc\u015e<\/i><\/p> <\/div><div class=\"pt-plus-button-wrapper\"><div class=\"button_parallax\"><div id=\"btn69f29cef2203d\" class=\"ts-button\"><div class=\"pt_plus_button btn69f29cef2203d button-style-9\"><div class=\"animted-content-inner\"><a class=\"button-link-wrap\" role=\"button\"><\/a><\/div><\/div><\/div><\/div><\/div><\/div><\/div><div class=\"infobox-overlay-color\"><\/div><\/div><\/div><\/div><\/div>\t\t\t\t<\/div>\n\t\t\t\t<\/div>\n\t\t\t\t\t<\/div>\n\t\t<\/div>\n\t\t\t\t\t<\/div>\n\t\t<\/section>\n\t\t\t\t<section class=\"elementor-section elementor-top-section elementor-element elementor-element-481e454e elementor-section-boxed elementor-section-height-default elementor-section-height-default\" data-id=\"481e454e\" data-element_type=\"section\" data-e-type=\"section\">\n\t\t\t\t\t\t<div class=\"elementor-container elementor-column-gap-default\">\n\t\t\t\t\t<div class=\"elementor-column elementor-col-100 elementor-top-column elementor-element elementor-element-4fa2362d\" data-id=\"4fa2362d\" data-element_type=\"column\" data-e-type=\"column\">\n\t\t\t<div class=\"elementor-widget-wrap elementor-element-populated\">\n\t\t\t\t\t\t<div class=\"elementor-element elementor-element-b0abe1b elementor-widget elementor-widget-tp-info-box\" data-id=\"b0abe1b\" data-element_type=\"widget\" data-e-type=\"widget\" data-widget_type=\"tp-info-box.default\">\n\t\t\t\t<div class=\"elementor-widget-container\">\n\t\t\t\t\t<div id=\"info_box69f29cef23019\" class=\"pt_plus_info_box  info_box69f29cef23019 info-box-style_1\"  data-id=\"info_box69f29cef23019\" ><div class=\"post-inner-loop\"><div class=\"info-box-inner content_hover_effect\"><div class=\"info-box-bg-box\"><div class=\"service-media text-left vertical-center\"><div class=\"m-r-16  service-img-border\"  style=\"border-color: #252525;\"> <div class=\"service-icon-wrap\"><i class=\"fa fa-file-pdf-o service-icon\"><\/i><\/div> <\/div><div class=\"service-content\"><a  ><div class=\"service-title\"> Sosyal Medya ve De\u011fi\u015fim: Bloglar Arac\u0131l\u0131\u011f\u0131yla Anneli\u011fin Evrimi \u00dczerine Netnografik Bir Analiz <\/div><\/a><div class=\"service-border\"> <\/div><div class=\"service-desc\"> <p><em>Ercan AKTAN<\/em><\/p><p><em>Hasan H\u00fcseyin KAYI\u015e<\/em><\/p> <\/div><div class=\"pt-plus-button-wrapper\"><div class=\"button_parallax\"><div id=\"btn69f29cef22fcb\" class=\"ts-button\"><div class=\"pt_plus_button btn69f29cef22fcb button-style-9\"><div class=\"animted-content-inner\"><a class=\"button-link-wrap\" role=\"button\"><\/a><\/div><\/div><\/div><\/div><\/div><\/div><\/div><div class=\"infobox-overlay-color\"><\/div><\/div><\/div><\/div><\/div>\t\t\t\t<\/div>\n\t\t\t\t<\/div>\n\t\t\t\t\t<\/div>\n\t\t<\/div>\n\t\t\t\t\t<\/div>\n\t\t<\/section>\n\t\t\t\t<section class=\"elementor-section elementor-top-section elementor-element elementor-element-2f9074d5 elementor-section-boxed elementor-section-height-default elementor-section-height-default\" data-id=\"2f9074d5\" data-element_type=\"section\" data-e-type=\"section\">\n\t\t\t\t\t\t<div class=\"elementor-container elementor-column-gap-default\">\n\t\t\t\t\t<div class=\"elementor-column elementor-col-100 elementor-top-column elementor-element elementor-element-576cf7f7\" data-id=\"576cf7f7\" data-element_type=\"column\" data-e-type=\"column\">\n\t\t\t<div class=\"elementor-widget-wrap elementor-element-populated\">\n\t\t\t\t\t\t<div class=\"elementor-element elementor-element-6cb623f2 elementor-widget elementor-widget-tp-info-box\" data-id=\"6cb623f2\" data-element_type=\"widget\" data-e-type=\"widget\" data-widget_type=\"tp-info-box.default\">\n\t\t\t\t<div class=\"elementor-widget-container\">\n\t\t\t\t\t<div id=\"info_box69f29cef23fad\" class=\"pt_plus_info_box  info_box69f29cef23fad info-box-style_1\"  data-id=\"info_box69f29cef23fad\" ><div class=\"post-inner-loop\"><div class=\"info-box-inner content_hover_effect\"><div class=\"info-box-bg-box\"><div class=\"service-media text-left vertical-center\"><div class=\"m-r-16  service-img-border\"  style=\"border-color: #252525;\"> <div class=\"service-icon-wrap\"><i class=\"fa fa-file-pdf-o service-icon\"><\/i><\/div> <\/div><div class=\"service-content\"><a  ><div class=\"service-title\"> Sistem Geli\u015ftirme: Web Tabanl\u0131 Uzaktan E\u011fitim \u0130le Trafik Kazalar\u0131n\u0131n \u00d6nlenmesi <\/div><\/a><div class=\"service-border\"> <\/div><div class=\"service-desc\"> <div class=\"text\"><i>\u00d6zel SEBETC\u0130<\/i><\/div> <\/div><div class=\"pt-plus-button-wrapper\"><div class=\"button_parallax\"><div id=\"btn69f29cef23f5f\" class=\"ts-button\"><div class=\"pt_plus_button btn69f29cef23f5f button-style-9\"><div class=\"animted-content-inner\"><a class=\"button-link-wrap\" role=\"button\"><\/a><\/div><\/div><\/div><\/div><\/div><\/div><\/div><div class=\"infobox-overlay-color\"><\/div><\/div><\/div><\/div><\/div>\t\t\t\t<\/div>\n\t\t\t\t<\/div>\n\t\t\t\t\t<\/div>\n\t\t<\/div>\n\t\t\t\t\t<\/div>\n\t\t<\/section>\n\t\t\t\t<section class=\"elementor-section elementor-top-section elementor-element elementor-element-7389a17 elementor-section-boxed elementor-section-height-default elementor-section-height-default\" data-id=\"7389a17\" data-element_type=\"section\" data-e-type=\"section\">\n\t\t\t\t\t\t<div class=\"elementor-container elementor-column-gap-default\">\n\t\t\t\t\t<div class=\"elementor-column elementor-col-100 elementor-top-column elementor-element elementor-element-6a081674\" data-id=\"6a081674\" data-element_type=\"column\" data-e-type=\"column\">\n\t\t\t<div class=\"elementor-widget-wrap elementor-element-populated\">\n\t\t\t\t\t\t<div class=\"elementor-element elementor-element-192f24e8 elementor-widget elementor-widget-tp-info-box\" data-id=\"192f24e8\" data-element_type=\"widget\" data-e-type=\"widget\" data-widget_type=\"tp-info-box.default\">\n\t\t\t\t<div class=\"elementor-widget-container\">\n\t\t\t\t\t<div id=\"info_box69f29cef24ed3\" class=\"pt_plus_info_box  info_box69f29cef24ed3 info-box-style_1\"  data-id=\"info_box69f29cef24ed3\" ><div class=\"post-inner-loop\"><div class=\"info-box-inner content_hover_effect\"><div class=\"info-box-bg-box\"><div class=\"service-media text-left vertical-center\"><div class=\"m-r-16  service-img-border\"  style=\"border-color: #252525;\"> <div class=\"service-icon-wrap\"><i class=\"fa fa-file-pdf-o service-icon\"><\/i><\/div> <\/div><div class=\"service-content\"><a  ><div class=\"service-title\"> Zamanlar Ba\u011flam\u0131nda \u0130ngilizce \u00d6\u011fretimi \u0130\u00e7in Bir Mobil Uygulama Tasar\u0131m\u0131: SOS Tablosu <\/div><\/a><div class=\"service-border\"> <\/div><div class=\"service-desc\"> <p><em>K.K\u00fcr\u015fat \u00c7EV\u0130K<\/em><\/p><p><em> Nezih \u00d6NAL<\/em><\/p><p><em>Veysel \u015eENOL<\/em><\/p> <\/div><div class=\"pt-plus-button-wrapper\"><div class=\"button_parallax\"><div id=\"btn69f29cef24e85\" class=\"ts-button\"><div class=\"pt_plus_button btn69f29cef24e85 button-style-9\"><div class=\"animted-content-inner\"><a class=\"button-link-wrap\" role=\"button\"><\/a><\/div><\/div><\/div><\/div><\/div><\/div><\/div><div class=\"infobox-overlay-color\"><\/div><\/div><\/div><\/div><\/div>\t\t\t\t<\/div>\n\t\t\t\t<\/div>\n\t\t\t\t\t<\/div>\n\t\t<\/div>\n\t\t\t\t\t<\/div>\n\t\t<\/section>\n\t\t\t\t<section class=\"elementor-section elementor-top-section elementor-element elementor-element-721f8ba elementor-section-boxed elementor-section-height-default elementor-section-height-default\" data-id=\"721f8ba\" data-element_type=\"section\" data-e-type=\"section\">\n\t\t\t\t\t\t<div class=\"elementor-container elementor-column-gap-default\">\n\t\t\t\t\t<div class=\"elementor-column elementor-col-100 elementor-top-column elementor-element elementor-element-adbb76e\" data-id=\"adbb76e\" data-element_type=\"column\" data-e-type=\"column\">\n\t\t\t<div class=\"elementor-widget-wrap elementor-element-populated\">\n\t\t\t\t\t\t<div class=\"elementor-element elementor-element-b7fd972 elementor-widget elementor-widget-tp-info-box\" data-id=\"b7fd972\" data-element_type=\"widget\" data-e-type=\"widget\" data-widget_type=\"tp-info-box.default\">\n\t\t\t\t<div class=\"elementor-widget-container\">\n\t\t\t\t\t<div id=\"info_box69f29cef25e20\" class=\"pt_plus_info_box  info_box69f29cef25e20 info-box-style_1\"  data-id=\"info_box69f29cef25e20\" ><div class=\"post-inner-loop\"><div class=\"info-box-inner content_hover_effect\"><div class=\"info-box-bg-box\"><div class=\"service-media text-left vertical-center\"><div class=\"m-r-16  service-img-border\"  style=\"border-color: #252525;\"> <div class=\"service-icon-wrap\"><i class=\"fa fa-file-pdf-o service-icon\"><\/i><\/div> <\/div><div class=\"service-content\"><a  ><div class=\"service-title\"> Dijital Oyunlarda Ba\u011f\u0131ml\u0131l\u0131k ve \u015eiddet: Blue Whale Oyunu \u00dczerinde Bir \u0130nceleme <\/div><\/a><div class=\"service-border\"> <\/div><div class=\"service-desc\"> <p><em>G\u00fcl\u015fah Y\u00dcCEL<\/em><\/p><p><i>\u015eenay \u015eAN<\/i><\/p> <\/div><div class=\"pt-plus-button-wrapper\"><div class=\"button_parallax\"><div id=\"btn69f29cef25dd1\" class=\"ts-button\"><div class=\"pt_plus_button btn69f29cef25dd1 button-style-9\"><div class=\"animted-content-inner\"><a class=\"button-link-wrap\" role=\"button\"><\/a><\/div><\/div><\/div><\/div><\/div><\/div><\/div><div class=\"infobox-overlay-color\"><\/div><\/div><\/div><\/div><\/div>\t\t\t\t<\/div>\n\t\t\t\t<\/div>\n\t\t\t\t\t<\/div>\n\t\t<\/div>\n\t\t\t\t\t<\/div>\n\t\t<\/section>\n\t\t\t\t<section class=\"elementor-section elementor-top-section elementor-element elementor-element-d085fa1 elementor-section-boxed elementor-section-height-default elementor-section-height-default\" data-id=\"d085fa1\" data-element_type=\"section\" data-e-type=\"section\">\n\t\t\t\t\t\t<div class=\"elementor-container elementor-column-gap-default\">\n\t\t\t\t\t<div class=\"elementor-column elementor-col-100 elementor-top-column elementor-element elementor-element-5b37f64\" data-id=\"5b37f64\" data-element_type=\"column\" data-e-type=\"column\">\n\t\t\t<div class=\"elementor-widget-wrap elementor-element-populated\">\n\t\t\t\t\t\t<div class=\"elementor-element elementor-element-852a745 elementor-widget elementor-widget-tp-info-box\" data-id=\"852a745\" data-element_type=\"widget\" data-e-type=\"widget\" data-widget_type=\"tp-info-box.default\">\n\t\t\t\t<div class=\"elementor-widget-container\">\n\t\t\t\t\t<div id=\"info_box69f29cef26d45\" class=\"pt_plus_info_box  info_box69f29cef26d45 info-box-style_1\"  data-id=\"info_box69f29cef26d45\" ><div class=\"post-inner-loop\"><div class=\"info-box-inner content_hover_effect\"><div class=\"info-box-bg-box\"><div class=\"service-media text-left vertical-center\"><div class=\"m-r-16  service-img-border\"  style=\"border-color: #252525;\"> <div class=\"service-icon-wrap\"><i class=\"fa fa-file-pdf-o service-icon\"><\/i><\/div> <\/div><div class=\"service-content\"><a  ><div class=\"service-title\"> New Media Practices in People's Republic Of China: A Qualitative Research <\/div><\/a><div class=\"service-border\"> <\/div><div class=\"service-desc\"> <p><em>Sefer KALAMAN<\/em><\/p><p><em>Elif KAYA<\/em><\/p><p><em>\u00dcnal KAYA<\/em><\/p> <\/div><div class=\"pt-plus-button-wrapper\"><div class=\"button_parallax\"><div id=\"btn69f29cef26cf6\" class=\"ts-button\"><div class=\"pt_plus_button btn69f29cef26cf6 button-style-9\"><div class=\"animted-content-inner\"><a class=\"button-link-wrap\" role=\"button\"><\/a><\/div><\/div><\/div><\/div><\/div><\/div><\/div><div class=\"infobox-overlay-color\"><\/div><\/div><\/div><\/div><\/div>\t\t\t\t<\/div>\n\t\t\t\t<\/div>\n\t\t\t\t\t<\/div>\n\t\t<\/div>\n\t\t\t\t\t<\/div>\n\t\t<\/section>\n\t\t\t\t<section class=\"elementor-section elementor-top-section elementor-element elementor-element-cb17fc8 elementor-section-boxed elementor-section-height-default elementor-section-height-default\" data-id=\"cb17fc8\" data-element_type=\"section\" data-e-type=\"section\">\n\t\t\t\t\t\t<div class=\"elementor-container elementor-column-gap-default\">\n\t\t\t\t\t<div class=\"elementor-column elementor-col-100 elementor-top-column elementor-element elementor-element-5e9c379\" data-id=\"5e9c379\" data-element_type=\"column\" data-e-type=\"column\">\n\t\t\t<div class=\"elementor-widget-wrap elementor-element-populated\">\n\t\t\t\t\t\t<div class=\"elementor-element elementor-element-0d47ec3 elementor-widget elementor-widget-tp-info-box\" data-id=\"0d47ec3\" data-element_type=\"widget\" data-e-type=\"widget\" data-widget_type=\"tp-info-box.default\">\n\t\t\t\t<div class=\"elementor-widget-container\">\n\t\t\t\t\t<div id=\"info_box69f29cef27d3d\" class=\"pt_plus_info_box  info_box69f29cef27d3d info-box-style_1\"  data-id=\"info_box69f29cef27d3d\" ><div class=\"post-inner-loop\"><div class=\"info-box-inner content_hover_effect\"><div class=\"info-box-bg-box\"><div class=\"service-media text-left vertical-center\"><div class=\"m-r-16  service-img-border\"  style=\"border-color: #252525;\"> <div class=\"service-icon-wrap\"><i class=\"fa fa-file-pdf-o service-icon\"><\/i><\/div> <\/div><div class=\"service-content\"><a  ><div class=\"service-title\"> Farkl\u0131 K\u00fclt\u00fcrlerden \u00d6\u011frenenler i\u00e7in Uzaktan Ders Tasar\u0131m \u0130lkelerinin Belirlenmesi ve \u00d6\u011frenen G\u00f6r\u00fc\u015fleri <\/div><\/a><div class=\"service-border\"> <\/div><div class=\"service-desc\"> <p><em>G\u00fclten KARTAL<\/em><\/p><p><em>Elif TOPRAK<\/em><\/p><p><em>Evrim GEN\u00c7 KUMTEPE<\/em><\/p> <\/div><div class=\"pt-plus-button-wrapper\"><div class=\"button_parallax\"><div id=\"btn69f29cef27cee\" class=\"ts-button\"><div class=\"pt_plus_button btn69f29cef27cee button-style-9\"><div class=\"animted-content-inner\"><a class=\"button-link-wrap\" role=\"button\"><\/a><\/div><\/div><\/div><\/div><\/div><\/div><\/div><div class=\"infobox-overlay-color\"><\/div><\/div><\/div><\/div><\/div>\t\t\t\t<\/div>\n\t\t\t\t<\/div>\n\t\t\t\t<div class=\"elementor-element elementor-element-7b6fa90 elementor-widget elementor-widget-tp-info-box\" data-id=\"7b6fa90\" data-element_type=\"widget\" data-e-type=\"widget\" data-widget_type=\"tp-info-box.default\">\n\t\t\t\t<div class=\"elementor-widget-container\">\n\t\t\t\t\t<div id=\"info_box69f29cef285e4\" class=\"pt_plus_info_box  info_box69f29cef285e4 info-box-style_1\"  data-id=\"info_box69f29cef285e4\" ><div class=\"post-inner-loop\"><div class=\"info-box-inner content_hover_effect\"><div class=\"info-box-bg-box\"><div class=\"service-media text-left vertical-center\"><div class=\"m-r-16  service-img-border\"  style=\"border-color: #252525;\"> <div class=\"service-icon-wrap\"><i class=\"fa fa-file-pdf-o service-icon\"><\/i><\/div> <\/div><div class=\"service-content\"><a  ><div class=\"service-title\"> Hastane \u0130novatif Faaliyetlerinin Alg\u0131lanan Hizmet Kalitesine Etkisi: Devlet Hastanesi \u00d6rne\u011fi <\/div><\/a><div class=\"service-border\"> <\/div><div class=\"service-desc\"> <p><em>Gamze YORGANCIO\u011eLU TARCAN<\/em><\/p><p><em>Ay\u00e7a KARAHAN<\/em><\/p><p><em>Menderes TARCAN<\/em><\/p> <\/div><div class=\"pt-plus-button-wrapper\"><div class=\"button_parallax\"><div id=\"btn69f29cef28595\" class=\"ts-button\"><div class=\"pt_plus_button btn69f29cef28595 button-style-9\"><div class=\"animted-content-inner\"><a class=\"button-link-wrap\" role=\"button\"><\/a><\/div><\/div><\/div><\/div><\/div><\/div><\/div><div class=\"infobox-overlay-color\"><\/div><\/div><\/div><\/div><\/div>\t\t\t\t<\/div>\n\t\t\t\t<\/div>\n\t\t\t\t\t<\/div>\n\t\t<\/div>\n\t\t\t\t\t<\/div>\n\t\t<\/section>\n\t\t\t\t<section class=\"elementor-section elementor-top-section elementor-element elementor-element-f6e0b4c elementor-section-boxed elementor-section-height-default elementor-section-height-default\" data-id=\"f6e0b4c\" data-element_type=\"section\" data-e-type=\"section\">\n\t\t\t\t\t\t<div class=\"elementor-container elementor-column-gap-default\">\n\t\t\t\t\t<div class=\"elementor-column elementor-col-100 elementor-top-column elementor-element elementor-element-7aacd7a\" data-id=\"7aacd7a\" data-element_type=\"column\" data-e-type=\"column\">\n\t\t\t<div class=\"elementor-widget-wrap elementor-element-populated\">\n\t\t\t\t\t\t<div class=\"elementor-element elementor-element-42c533b elementor-widget elementor-widget-tp-info-box\" data-id=\"42c533b\" data-element_type=\"widget\" data-e-type=\"widget\" data-widget_type=\"tp-info-box.default\">\n\t\t\t\t<div class=\"elementor-widget-container\">\n\t\t\t\t\t<div id=\"info_box69f29cef29553\" class=\"pt_plus_info_box  info_box69f29cef29553 info-box-style_1\"  data-id=\"info_box69f29cef29553\" ><div class=\"post-inner-loop\"><div class=\"info-box-inner content_hover_effect\"><div class=\"info-box-bg-box\"><div class=\"service-media text-left vertical-center\"><div class=\"m-r-16  service-img-border\"  style=\"border-color: #252525;\"> <div class=\"service-icon-wrap\"><i class=\"fa fa-file-pdf-o service-icon\"><\/i><\/div> <\/div><div class=\"service-content\"><a  ><div class=\"service-title\"> Sistem Geli\u015ftirme: Web Tabanl\u0131 Uzaktan E\u011fitim \u0130le Trafik Kazalar\u0131n\u0131n \u00d6nlenmesi <\/div><\/a><div class=\"service-border\"> <\/div><div class=\"service-desc\"> <div class=\"text\"><em>H\u00fcseyin F\u0130DAN<\/em><\/div> <\/div><div class=\"pt-plus-button-wrapper\"><div class=\"button_parallax\"><div id=\"btn69f29cef29504\" class=\"ts-button\"><div class=\"pt_plus_button btn69f29cef29504 button-style-9\"><div class=\"animted-content-inner\"><a class=\"button-link-wrap\" role=\"button\"><\/a><\/div><\/div><\/div><\/div><\/div><\/div><\/div><div class=\"infobox-overlay-color\"><\/div><\/div><\/div><\/div><\/div>\t\t\t\t<\/div>\n\t\t\t\t<\/div>\n\t\t\t\t\t<\/div>\n\t\t<\/div>\n\t\t\t\t\t<\/div>\n\t\t<\/section>\n\t\t\t\t<\/div>","protected":false},"excerpt":{"rendered":"<p>\u0130\u00e7indekiler Adoption of e-Government Services in Turkey Yakup AKG\u00dcL 10.5824\/1309-1581.2018.2.001.x Consumers\u2019 Perceptions of YouTubers: The Case of Turkey Niyazi G\u00dcM\u00dc\u015e 10.5824\/1309-1581.2018.2.002.x Sosyal Medya ve De\u011fi\u015fim:&hellip;<\/p>","protected":false},"author":1,"featured_media":0,"parent":0,"menu_order":0,"comment_status":"closed","ping_status":"closed","template":"","meta":{"footnotes":""},"class_list":["post-1515","page","type-page","status-publish","hentry"],"_links":{"self":[{"href":"https:\/\/ajit-e.org\/en\/wp-json\/wp\/v2\/pages\/1515","targetHints":{"allow":["GET"]}}],"collection":[{"href":"https:\/\/ajit-e.org\/en\/wp-json\/wp\/v2\/pages"}],"about":[{"href":"https:\/\/ajit-e.org\/en\/wp-json\/wp\/v2\/types\/page"}],"author":[{"embeddable":true,"href":"https:\/\/ajit-e.org\/en\/wp-json\/wp\/v2\/users\/1"}],"replies":[{"embeddable":true,"href":"https:\/\/ajit-e.org\/en\/wp-json\/wp\/v2\/comments?post=1515"}],"version-history":[{"count":0,"href":"https:\/\/ajit-e.org\/en\/wp-json\/wp\/v2\/pages\/1515\/revisions"}],"wp:attachment":[{"href":"https:\/\/ajit-e.org\/en\/wp-json\/wp\/v2\/media?parent=1515"}],"curies":[{"name":"wp","href":"https:\/\/api.w.org\/{rel}","templated":true}]}}