{"id":1339,"date":"2020-12-29T22:23:34","date_gmt":"2020-12-29T22:23:34","guid":{"rendered":"https:\/\/ajit-e.org\/?page_id=1339"},"modified":"2021-01-17T10:03:02","modified_gmt":"2021-01-17T10:03:02","slug":"volume-8-issue-27-spring-2017","status":"publish","type":"page","link":"https:\/\/ajit-e.org\/en\/volume-8-issue-27-spring-2017\/","title":{"rendered":"Cilt 8 \u2013 Say\u0131 27 \u2013 Bahar 2017"},"content":{"rendered":"<div data-elementor-type=\"wp-page\" data-elementor-id=\"1339\" class=\"elementor elementor-1339\" data-elementor-post-type=\"page\">\n\t\t\t\t\t\t<section class=\"elementor-section elementor-top-section elementor-element elementor-element-617afb32 elementor-section-boxed elementor-section-height-default elementor-section-height-default\" data-id=\"617afb32\" data-element_type=\"section\" data-e-type=\"section\">\n\t\t\t\t\t\t<div class=\"elementor-container elementor-column-gap-default\">\n\t\t\t\t\t<div class=\"elementor-column elementor-col-100 elementor-top-column elementor-element elementor-element-319ecbba\" data-id=\"319ecbba\" data-element_type=\"column\" data-e-type=\"column\">\n\t\t\t<div class=\"elementor-widget-wrap elementor-element-populated\">\n\t\t\t\t\t\t<div class=\"elementor-element elementor-element-59daeda1 elementor-widget elementor-widget-tp-info-box\" data-id=\"59daeda1\" data-element_type=\"widget\" data-e-type=\"widget\" data-widget_type=\"tp-info-box.default\">\n\t\t\t\t<div class=\"elementor-widget-container\">\n\t\t\t\t\t<div id=\"info_box69f4cb6a7af8b\" class=\"pt_plus_info_box  info_box69f4cb6a7af8b info-box-style_1\"  data-id=\"info_box69f4cb6a7af8b\" ><div class=\"post-inner-loop\"><div class=\"info-box-inner content_hover_effect\"><div class=\"info-box-bg-box\"><div class=\"service-media text-left vertical-center\"><div class=\"m-r-16  service-img-border\"  style=\"border-color: #252525;\"> <div class=\"service-icon-wrap\"><i class=\"fa fa-file-pdf-o service-icon\"><\/i><\/div> <\/div><div class=\"service-content\"><a  ><div class=\"service-title\"> Contribution of Fuzzy Logic to Evaluation <\/div><\/a><div class=\"service-border\"> <\/div><div class=\"service-desc\"> <p><i>G\u00fcney G\u00dcRSEL<\/i><\/p><p><i>Kemal Hakan G\u00dcLKESEN<\/i><\/p> <\/div><div class=\"pt-plus-button-wrapper\"><div class=\"button_parallax\"><div id=\"btn69f4cb6a7af1b\" class=\"ts-button\"><div class=\"pt_plus_button btn69f4cb6a7af1b button-style-9\"><div class=\"animted-content-inner\"><a class=\"button-link-wrap\" role=\"button\"><\/a><\/div><\/div><\/div><\/div><\/div><\/div><\/div><div class=\"infobox-overlay-color\"><\/div><\/div><\/div><\/div><\/div>\t\t\t\t<\/div>\n\t\t\t\t<\/div>\n\t\t\t\t\t<\/div>\n\t\t<\/div>\n\t\t\t\t\t<\/div>\n\t\t<\/section>\n\t\t\t\t<section class=\"elementor-section elementor-top-section elementor-element elementor-element-ae59dff elementor-section-boxed elementor-section-height-default elementor-section-height-default\" data-id=\"ae59dff\" data-element_type=\"section\" data-e-type=\"section\">\n\t\t\t\t\t\t<div class=\"elementor-container elementor-column-gap-default\">\n\t\t\t\t\t<div class=\"elementor-column elementor-col-100 elementor-top-column elementor-element elementor-element-68adc230\" data-id=\"68adc230\" data-element_type=\"column\" data-e-type=\"column\">\n\t\t\t<div class=\"elementor-widget-wrap elementor-element-populated\">\n\t\t\t\t\t\t<div class=\"elementor-element elementor-element-3aa1794f elementor-widget elementor-widget-tp-info-box\" data-id=\"3aa1794f\" data-element_type=\"widget\" data-e-type=\"widget\" data-widget_type=\"tp-info-box.default\">\n\t\t\t\t<div class=\"elementor-widget-container\">\n\t\t\t\t\t<div id=\"info_box69f4cb6a7bf26\" class=\"pt_plus_info_box  info_box69f4cb6a7bf26 info-box-style_1\"  data-id=\"info_box69f4cb6a7bf26\" ><div class=\"post-inner-loop\"><div class=\"info-box-inner content_hover_effect\"><div class=\"info-box-bg-box\"><div class=\"service-media text-left vertical-center\"><div class=\"m-r-16  service-img-border\"  style=\"border-color: #252525;\"> <div class=\"service-icon-wrap\"><i class=\"fa fa-file-pdf-o service-icon\"><\/i><\/div> <\/div><div class=\"service-content\"><a  ><div class=\"service-title\"> Hikikomori: Toplumsal Ger\u00e7eklikten Dijital Y\u00f6nelimlere Modern K\u00fclt\u00fcr\u00fcnKa\u00e7\u0131\u015f ve \u0130zolasyon Sorunsal\u0131 <\/div><\/a><div class=\"service-border\"> <\/div><div class=\"service-desc\"> <p><i>Serta\u00e7 Timur DEM\u0130R<\/i><\/p> <\/div><div class=\"pt-plus-button-wrapper\"><div class=\"button_parallax\"><div id=\"btn69f4cb6a7bed8\" class=\"ts-button\"><div class=\"pt_plus_button btn69f4cb6a7bed8 button-style-9\"><div class=\"animted-content-inner\"><a class=\"button-link-wrap\" role=\"button\"><\/a><\/div><\/div><\/div><\/div><\/div><\/div><\/div><div class=\"infobox-overlay-color\"><\/div><\/div><\/div><\/div><\/div>\t\t\t\t<\/div>\n\t\t\t\t<\/div>\n\t\t\t\t\t<\/div>\n\t\t<\/div>\n\t\t\t\t\t<\/div>\n\t\t<\/section>\n\t\t\t\t<section class=\"elementor-section elementor-top-section elementor-element elementor-element-5071595f elementor-section-boxed elementor-section-height-default elementor-section-height-default\" data-id=\"5071595f\" data-element_type=\"section\" data-e-type=\"section\">\n\t\t\t\t\t\t<div class=\"elementor-container elementor-column-gap-default\">\n\t\t\t\t\t<div class=\"elementor-column elementor-col-100 elementor-top-column elementor-element elementor-element-524001cf\" data-id=\"524001cf\" data-element_type=\"column\" data-e-type=\"column\">\n\t\t\t<div class=\"elementor-widget-wrap elementor-element-populated\">\n\t\t\t\t\t\t<div class=\"elementor-element elementor-element-5b6efd00 elementor-widget elementor-widget-tp-info-box\" data-id=\"5b6efd00\" data-element_type=\"widget\" data-e-type=\"widget\" data-widget_type=\"tp-info-box.default\">\n\t\t\t\t<div class=\"elementor-widget-container\">\n\t\t\t\t\t<div id=\"info_box69f4cb6a7ce37\" class=\"pt_plus_info_box  info_box69f4cb6a7ce37 info-box-style_1\"  data-id=\"info_box69f4cb6a7ce37\" ><div class=\"post-inner-loop\"><div class=\"info-box-inner content_hover_effect\"><div class=\"info-box-bg-box\"><div class=\"service-media text-left vertical-center\"><div class=\"m-r-16  service-img-border\"  style=\"border-color: #252525;\"> <div class=\"service-icon-wrap\"><i class=\"fa fa-file-pdf-o service-icon\"><\/i><\/div> <\/div><div class=\"service-content\"><a  ><div class=\"service-title\"> Uzaktan E\u011fitim: F\u0131rsatlar ve Tehditler <\/div><\/a><div class=\"service-border\"> <\/div><div class=\"service-desc\"> <p><em>Yusuf DEVRAN<\/em><\/p><p><em>T\u00fcrker EL\u0130TA\u015e<\/em><\/p> <\/div><div class=\"pt-plus-button-wrapper\"><div class=\"button_parallax\"><div id=\"btn69f4cb6a7cde8\" class=\"ts-button\"><div class=\"pt_plus_button btn69f4cb6a7cde8 button-style-9\"><div class=\"animted-content-inner\"><a class=\"button-link-wrap\" role=\"button\"><\/a><\/div><\/div><\/div><\/div><\/div><\/div><\/div><div class=\"infobox-overlay-color\"><\/div><\/div><\/div><\/div><\/div>\t\t\t\t<\/div>\n\t\t\t\t<\/div>\n\t\t\t\t\t<\/div>\n\t\t<\/div>\n\t\t\t\t\t<\/div>\n\t\t<\/section>\n\t\t\t\t<\/div>","protected":false},"excerpt":{"rendered":"<p>Contribution of Fuzzy Logic to Evaluation G\u00fcney G\u00dcRSEL Kemal Hakan G\u00dcLKESEN 10.5824\/1309-1581.2017.2.001.x Hikikomori: Toplumsal Ger\u00e7eklikten Dijital Y\u00f6nelimlere Modern K\u00fclt\u00fcr\u00fcnKa\u00e7\u0131\u015f ve \u0130zolasyon Sorunsal\u0131 Serta\u00e7 Timur DEM\u0130R&hellip;<\/p>","protected":false},"author":1,"featured_media":0,"parent":0,"menu_order":0,"comment_status":"closed","ping_status":"closed","template":"","meta":{"footnotes":""},"class_list":["post-1339","page","type-page","status-publish","hentry"],"_links":{"self":[{"href":"https:\/\/ajit-e.org\/en\/wp-json\/wp\/v2\/pages\/1339","targetHints":{"allow":["GET"]}}],"collection":[{"href":"https:\/\/ajit-e.org\/en\/wp-json\/wp\/v2\/pages"}],"about":[{"href":"https:\/\/ajit-e.org\/en\/wp-json\/wp\/v2\/types\/page"}],"author":[{"embeddable":true,"href":"https:\/\/ajit-e.org\/en\/wp-json\/wp\/v2\/users\/1"}],"replies":[{"embeddable":true,"href":"https:\/\/ajit-e.org\/en\/wp-json\/wp\/v2\/comments?post=1339"}],"version-history":[{"count":0,"href":"https:\/\/ajit-e.org\/en\/wp-json\/wp\/v2\/pages\/1339\/revisions"}],"wp:attachment":[{"href":"https:\/\/ajit-e.org\/en\/wp-json\/wp\/v2\/media?parent=1339"}],"curies":[{"name":"wp","href":"https:\/\/api.w.org\/{rel}","templated":true}]}}