{"id":1315,"date":"2020-12-29T21:46:52","date_gmt":"2020-12-29T21:46:52","guid":{"rendered":"https:\/\/ajit-e.org\/?page_id=1315"},"modified":"2021-01-17T10:03:06","modified_gmt":"2021-01-17T10:03:06","slug":"volume-8-issue-28-summer-2017","status":"publish","type":"page","link":"https:\/\/ajit-e.org\/en\/volume-8-issue-28-summer-2017\/","title":{"rendered":"Cilt 8 \u2013 Say\u0131 28 \u2013 Yaz 2017"},"content":{"rendered":"<div data-elementor-type=\"wp-page\" data-elementor-id=\"1315\" class=\"elementor elementor-1315\" data-elementor-post-type=\"page\">\n\t\t\t\t\t\t<section class=\"elementor-section elementor-top-section elementor-element elementor-element-f9793b6 elementor-section-boxed elementor-section-height-default elementor-section-height-default\" data-id=\"f9793b6\" data-element_type=\"section\" data-e-type=\"section\">\n\t\t\t\t\t\t<div class=\"elementor-container elementor-column-gap-default\">\n\t\t\t\t\t<div class=\"elementor-column elementor-col-100 elementor-top-column elementor-element elementor-element-74bc19d6\" data-id=\"74bc19d6\" data-element_type=\"column\" data-e-type=\"column\">\n\t\t\t<div class=\"elementor-widget-wrap elementor-element-populated\">\n\t\t\t\t\t\t<div class=\"elementor-element elementor-element-72255080 elementor-widget elementor-widget-tp-info-box\" data-id=\"72255080\" data-element_type=\"widget\" data-e-type=\"widget\" data-widget_type=\"tp-info-box.default\">\n\t\t\t\t<div class=\"elementor-widget-container\">\n\t\t\t\t\t<div id=\"info_box69d4d19661b69\" class=\"pt_plus_info_box  info_box69d4d19661b69 info-box-style_1\"  data-id=\"info_box69d4d19661b69\" ><div class=\"post-inner-loop\"><div class=\"info-box-inner content_hover_effect\"><div class=\"info-box-bg-box\"><div class=\"service-media text-left vertical-center\"><div class=\"m-r-16  service-img-border\"  style=\"border-color: #252525;\"> <div class=\"service-icon-wrap\"><i class=\"fa fa-file-pdf-o service-icon\"><\/i><\/div> <\/div><div class=\"service-content\"><a  ><div class=\"service-title\"> Table of Contents <\/div><\/a><div class=\"service-border\"> <\/div><\/div><\/div><div class=\"infobox-overlay-color\"><\/div><\/div><\/div><\/div><\/div>\t\t\t\t<\/div>\n\t\t\t\t<\/div>\n\t\t\t\t\t<\/div>\n\t\t<\/div>\n\t\t\t\t\t<\/div>\n\t\t<\/section>\n\t\t\t\t<section class=\"elementor-section elementor-top-section elementor-element elementor-element-6051ccbc elementor-section-boxed elementor-section-height-default elementor-section-height-default\" data-id=\"6051ccbc\" data-element_type=\"section\" data-e-type=\"section\">\n\t\t\t\t\t\t<div class=\"elementor-container elementor-column-gap-default\">\n\t\t\t\t\t<div class=\"elementor-column elementor-col-100 elementor-top-column elementor-element elementor-element-714adb44\" data-id=\"714adb44\" data-element_type=\"column\" data-e-type=\"column\">\n\t\t\t<div class=\"elementor-widget-wrap elementor-element-populated\">\n\t\t\t\t\t\t<div class=\"elementor-element elementor-element-720e498b elementor-widget elementor-widget-tp-info-box\" data-id=\"720e498b\" data-element_type=\"widget\" data-e-type=\"widget\" data-widget_type=\"tp-info-box.default\">\n\t\t\t\t<div class=\"elementor-widget-container\">\n\t\t\t\t\t<div id=\"info_box69d4d19662c44\" class=\"pt_plus_info_box  info_box69d4d19662c44 info-box-style_1\"  data-id=\"info_box69d4d19662c44\" ><div class=\"post-inner-loop\"><div class=\"info-box-inner content_hover_effect\"><div class=\"info-box-bg-box\"><div class=\"service-media text-left vertical-center\"><div class=\"m-r-16  service-img-border\"  style=\"border-color: #252525;\"> <div class=\"service-icon-wrap\"><i class=\"fa fa-file-pdf-o service-icon\"><\/i><\/div> <\/div><div class=\"service-content\"><a  ><div class=\"service-title\"> Stratejik Maliyet Y\u00f6netimi ve \u0130\u015f Zek\u00e2s\u0131 <\/div><\/a><div class=\"service-border\"> <\/div><div class=\"service-desc\"> <p><em>Ednan AYVAZ<\/em><\/p> <\/div><div class=\"pt-plus-button-wrapper\"><div class=\"button_parallax\"><div class=\"ts-button\"><div class=\"pt_plus_button btn69d4d19662be0 button-style-9\"><div class=\"animted-content-inner\"><a class=\"button-link-wrap\" role=\"button\"><\/a><\/div><\/div><\/div><\/div><\/div><\/div><\/div><div class=\"infobox-overlay-color\"><\/div><\/div><\/div><\/div><\/div>\t\t\t\t<\/div>\n\t\t\t\t<\/div>\n\t\t\t\t\t<\/div>\n\t\t<\/div>\n\t\t\t\t\t<\/div>\n\t\t<\/section>\n\t\t\t\t<section class=\"elementor-section elementor-top-section elementor-element elementor-element-444451bd elementor-section-boxed elementor-section-height-default elementor-section-height-default\" data-id=\"444451bd\" data-element_type=\"section\" data-e-type=\"section\">\n\t\t\t\t\t\t<div class=\"elementor-container elementor-column-gap-default\">\n\t\t\t\t\t<div class=\"elementor-column elementor-col-100 elementor-top-column elementor-element elementor-element-2707d03e\" data-id=\"2707d03e\" data-element_type=\"column\" data-e-type=\"column\">\n\t\t\t<div class=\"elementor-widget-wrap elementor-element-populated\">\n\t\t\t\t\t\t<div class=\"elementor-element elementor-element-2f1b6199 elementor-widget elementor-widget-tp-info-box\" data-id=\"2f1b6199\" data-element_type=\"widget\" data-e-type=\"widget\" data-widget_type=\"tp-info-box.default\">\n\t\t\t\t<div class=\"elementor-widget-container\">\n\t\t\t\t\t<div id=\"info_box69d4d19663ad9\" class=\"pt_plus_info_box  info_box69d4d19663ad9 info-box-style_1\"  data-id=\"info_box69d4d19663ad9\" ><div class=\"post-inner-loop\"><div class=\"info-box-inner content_hover_effect\"><div class=\"info-box-bg-box\"><div class=\"service-media text-left vertical-center\"><div class=\"m-r-16  service-img-border\"  style=\"border-color: #252525;\"> <div class=\"service-icon-wrap\"><i class=\"fa fa-file-pdf-o service-icon\"><\/i><\/div> <\/div><div class=\"service-content\"><a  ><div class=\"service-title\"> Sosyal Medyan\u0131n Geleneksel Reklam Ara\u00e7lar\u0131na G\u00f6re Hedef Kitle Belirlemedeki Avantajlar\u0131 <\/div><\/a><div class=\"service-border\"> <\/div><div class=\"service-desc\"> <p><em>Arda S\u00dcAR<\/em><\/p> <\/div><div class=\"pt-plus-button-wrapper\"><div class=\"button_parallax\"><div class=\"ts-button\"><div class=\"pt_plus_button btn69d4d19663a8d button-style-9\"><div class=\"animted-content-inner\"><a class=\"button-link-wrap\" role=\"button\"><\/a><\/div><\/div><\/div><\/div><\/div><\/div><\/div><div class=\"infobox-overlay-color\"><\/div><\/div><\/div><\/div><\/div>\t\t\t\t<\/div>\n\t\t\t\t<\/div>\n\t\t\t\t\t<\/div>\n\t\t<\/div>\n\t\t\t\t\t<\/div>\n\t\t<\/section>\n\t\t\t\t<section class=\"elementor-section elementor-top-section elementor-element elementor-element-71f9c22b elementor-section-boxed elementor-section-height-default elementor-section-height-default\" data-id=\"71f9c22b\" data-element_type=\"section\" data-e-type=\"section\">\n\t\t\t\t\t\t<div class=\"elementor-container elementor-column-gap-default\">\n\t\t\t\t\t<div class=\"elementor-column elementor-col-100 elementor-top-column elementor-element elementor-element-3f8549ad\" data-id=\"3f8549ad\" data-element_type=\"column\" data-e-type=\"column\">\n\t\t\t<div class=\"elementor-widget-wrap elementor-element-populated\">\n\t\t\t\t\t\t<div class=\"elementor-element elementor-element-7c94299b elementor-widget elementor-widget-tp-info-box\" data-id=\"7c94299b\" data-element_type=\"widget\" data-e-type=\"widget\" data-widget_type=\"tp-info-box.default\">\n\t\t\t\t<div class=\"elementor-widget-container\">\n\t\t\t\t\t<div id=\"info_box69d4d19664aa4\" class=\"pt_plus_info_box  info_box69d4d19664aa4 info-box-style_1\"  data-id=\"info_box69d4d19664aa4\" ><div class=\"post-inner-loop\"><div class=\"info-box-inner content_hover_effect\"><div class=\"info-box-bg-box\"><div class=\"service-media text-left vertical-center\"><div class=\"m-r-16  service-img-border\"  style=\"border-color: #252525;\"> <div class=\"service-icon-wrap\"><i class=\"fa fa-file-pdf-o service-icon\"><\/i><\/div> <\/div><div class=\"service-content\"><a  ><div class=\"service-title\"> Teknolojinin Mekanik, Metabolik ve \u0130nsanc\u0131l Yap\u0131s\u0131 <\/div><\/a><div class=\"service-border\"> <\/div><div class=\"service-desc\"> <p><em>O\u011fuz AKPOLAT<\/em><\/p> <\/div><div class=\"pt-plus-button-wrapper\"><div class=\"button_parallax\"><div class=\"ts-button\"><div class=\"pt_plus_button btn69d4d19664a58 button-style-9\"><div class=\"animted-content-inner\"><a class=\"button-link-wrap\" role=\"button\"><\/a><\/div><\/div><\/div><\/div><\/div><\/div><\/div><div class=\"infobox-overlay-color\"><\/div><\/div><\/div><\/div><\/div>\t\t\t\t<\/div>\n\t\t\t\t<\/div>\n\t\t\t\t\t<\/div>\n\t\t<\/div>\n\t\t\t\t\t<\/div>\n\t\t<\/section>\n\t\t\t\t<section class=\"elementor-section elementor-top-section elementor-element elementor-element-1cbe80d elementor-section-boxed elementor-section-height-default elementor-section-height-default\" data-id=\"1cbe80d\" data-element_type=\"section\" data-e-type=\"section\">\n\t\t\t\t\t\t<div class=\"elementor-container elementor-column-gap-default\">\n\t\t\t\t\t<div class=\"elementor-column elementor-col-100 elementor-top-column elementor-element elementor-element-be03fa6\" data-id=\"be03fa6\" data-element_type=\"column\" data-e-type=\"column\">\n\t\t\t<div class=\"elementor-widget-wrap elementor-element-populated\">\n\t\t\t\t\t\t<div class=\"elementor-element elementor-element-42f05e2 elementor-widget elementor-widget-tp-info-box\" data-id=\"42f05e2\" data-element_type=\"widget\" data-e-type=\"widget\" data-widget_type=\"tp-info-box.default\">\n\t\t\t\t<div class=\"elementor-widget-container\">\n\t\t\t\t\t<div id=\"info_box69d4d1966595a\" class=\"pt_plus_info_box  info_box69d4d1966595a info-box-style_1\"  data-id=\"info_box69d4d1966595a\" ><div class=\"post-inner-loop\"><div class=\"info-box-inner content_hover_effect\"><div class=\"info-box-bg-box\"><div class=\"service-media text-left vertical-center\"><div class=\"m-r-16  service-img-border\"  style=\"border-color: #252525;\"> <div class=\"service-icon-wrap\"><i class=\"fa fa-file-pdf-o service-icon\"><\/i><\/div> <\/div><div class=\"service-content\"><a  ><div class=\"service-title\"> Dijital Medya Okuryazarl\u0131\u011f\u0131: Sorunlar, Uygulamalar ve Beklentiler <\/div><\/a><div class=\"service-border\"> <\/div><div class=\"service-desc\"> <p><i>Ali \u00d6ZCAN<\/i><\/p> <\/div><div class=\"pt-plus-button-wrapper\"><div class=\"button_parallax\"><div class=\"ts-button\"><div class=\"pt_plus_button btn69d4d1966590e button-style-9\"><div class=\"animted-content-inner\"><a class=\"button-link-wrap\" role=\"button\"><\/a><\/div><\/div><\/div><\/div><\/div><\/div><\/div><div class=\"infobox-overlay-color\"><\/div><\/div><\/div><\/div><\/div>\t\t\t\t<\/div>\n\t\t\t\t<\/div>\n\t\t\t\t\t<\/div>\n\t\t<\/div>\n\t\t\t\t\t<\/div>\n\t\t<\/section>\n\t\t\t\t<\/div>","protected":false},"excerpt":{"rendered":"<p>\u0130\u00e7indekiler Stratejik Maliyet Y\u00f6netimi ve \u0130\u015f Zek\u00e2s\u0131 Ednan AYVAZ 10.5824\/1309-1581.2017.3.001.x Sosyal Medyan\u0131n Geleneksel Reklam Ara\u00e7lar\u0131na G\u00f6re Hedef Kitle Belirlemedeki Avantajlar\u0131 Arda S\u00dcAR 10.5824\/1309-1581.2017.3.002.x Teknolojinin Mekanik,&hellip;<\/p>","protected":false},"author":1,"featured_media":0,"parent":0,"menu_order":0,"comment_status":"closed","ping_status":"closed","template":"","meta":{"footnotes":""},"class_list":["post-1315","page","type-page","status-publish","hentry"],"_links":{"self":[{"href":"https:\/\/ajit-e.org\/en\/wp-json\/wp\/v2\/pages\/1315","targetHints":{"allow":["GET"]}}],"collection":[{"href":"https:\/\/ajit-e.org\/en\/wp-json\/wp\/v2\/pages"}],"about":[{"href":"https:\/\/ajit-e.org\/en\/wp-json\/wp\/v2\/types\/page"}],"author":[{"embeddable":true,"href":"https:\/\/ajit-e.org\/en\/wp-json\/wp\/v2\/users\/1"}],"replies":[{"embeddable":true,"href":"https:\/\/ajit-e.org\/en\/wp-json\/wp\/v2\/comments?post=1315"}],"version-history":[{"count":0,"href":"https:\/\/ajit-e.org\/en\/wp-json\/wp\/v2\/pages\/1315\/revisions"}],"wp:attachment":[{"href":"https:\/\/ajit-e.org\/en\/wp-json\/wp\/v2\/media?parent=1315"}],"curies":[{"name":"wp","href":"https:\/\/api.w.org\/{rel}","templated":true}]}}