{"id":1272,"date":"2020-12-29T21:00:52","date_gmt":"2020-12-29T21:00:52","guid":{"rendered":"https:\/\/ajit-e.org\/?page_id=1272"},"modified":"2021-01-17T10:02:54","modified_gmt":"2021-01-17T10:02:54","slug":"volume-7-issue-25-fall-2016","status":"publish","type":"page","link":"https:\/\/ajit-e.org\/en\/volume-7-issue-25-fall-2016\/","title":{"rendered":"Cilt 7 \u2013 Say\u0131 25 \u2013 G\u00fcz 2016"},"content":{"rendered":"<div data-elementor-type=\"wp-page\" data-elementor-id=\"1272\" class=\"elementor elementor-1272\" data-elementor-post-type=\"page\">\n\t\t\t\t\t\t<section class=\"elementor-section elementor-top-section elementor-element elementor-element-2f3fcac4 elementor-section-boxed elementor-section-height-default elementor-section-height-default\" data-id=\"2f3fcac4\" data-element_type=\"section\" data-e-type=\"section\">\n\t\t\t\t\t\t<div class=\"elementor-container elementor-column-gap-default\">\n\t\t\t\t\t<div class=\"elementor-column elementor-col-100 elementor-top-column elementor-element elementor-element-1239ef40\" data-id=\"1239ef40\" data-element_type=\"column\" data-e-type=\"column\">\n\t\t\t<div class=\"elementor-widget-wrap elementor-element-populated\">\n\t\t\t\t\t\t<div class=\"elementor-element elementor-element-f97bf83 elementor-widget elementor-widget-tp-info-box\" data-id=\"f97bf83\" data-element_type=\"widget\" data-e-type=\"widget\" data-widget_type=\"tp-info-box.default\">\n\t\t\t\t<div class=\"elementor-widget-container\">\n\t\t\t\t\t<div id=\"info_box69f4cbd66e054\" class=\"pt_plus_info_box  info_box69f4cbd66e054 info-box-style_1\"  data-id=\"info_box69f4cbd66e054\" ><div class=\"post-inner-loop\"><div class=\"info-box-inner content_hover_effect\"><div class=\"info-box-bg-box\"><div class=\"service-media text-left vertical-center\"><div class=\"m-r-16  service-img-border\"  style=\"border-color: #252525;\"> <div class=\"service-icon-wrap\"><i class=\"fa fa-file-pdf-o service-icon\"><\/i><\/div> <\/div><div class=\"service-content\"><a  ><div class=\"service-title\"> Table of Contents <\/div><\/a><div class=\"service-border\"> <\/div><\/div><\/div><div class=\"infobox-overlay-color\"><\/div><\/div><\/div><\/div><\/div>\t\t\t\t<\/div>\n\t\t\t\t<\/div>\n\t\t\t\t\t<\/div>\n\t\t<\/div>\n\t\t\t\t\t<\/div>\n\t\t<\/section>\n\t\t\t\t<section class=\"elementor-section elementor-top-section elementor-element elementor-element-71414529 elementor-section-boxed elementor-section-height-default elementor-section-height-default\" data-id=\"71414529\" data-element_type=\"section\" data-e-type=\"section\">\n\t\t\t\t\t\t<div class=\"elementor-container elementor-column-gap-default\">\n\t\t\t\t\t<div class=\"elementor-column elementor-col-100 elementor-top-column elementor-element elementor-element-5acdd033\" data-id=\"5acdd033\" data-element_type=\"column\" data-e-type=\"column\">\n\t\t\t<div class=\"elementor-widget-wrap elementor-element-populated\">\n\t\t\t\t\t\t<div class=\"elementor-element elementor-element-788c44b4 elementor-widget elementor-widget-tp-info-box\" data-id=\"788c44b4\" data-element_type=\"widget\" data-e-type=\"widget\" data-widget_type=\"tp-info-box.default\">\n\t\t\t\t<div class=\"elementor-widget-container\">\n\t\t\t\t\t<div id=\"info_box69f4cbd67105f\" class=\"pt_plus_info_box  info_box69f4cbd67105f info-box-style_1\"  data-id=\"info_box69f4cbd67105f\" ><div class=\"post-inner-loop\"><div class=\"info-box-inner content_hover_effect\"><div class=\"info-box-bg-box\"><div class=\"service-media text-left vertical-center\"><div class=\"m-r-16  service-img-border\"  style=\"border-color: #252525;\"> <div class=\"service-icon-wrap\"><i class=\"fa fa-file-pdf-o service-icon\"><\/i><\/div> <\/div><div class=\"service-content\"><a  ><div class=\"service-title\"> Investigation Of Amazon And Google For Fault Tolerance Strategies In Cloud Computing Services <\/div><\/a><div class=\"service-border\"> <\/div><div class=\"service-desc\"> <p><em>Shereen Al-RAHEYM<\/em><\/p><p><em>Sinan Can A\u00c7AN<\/em><\/p><p><em>\u00d6. Tolga PUSATLI<\/em><\/p> <\/div><div class=\"pt-plus-button-wrapper\"><div class=\"button_parallax\"><div id=\"btn69f4cbd670031\" class=\"ts-button\"><div class=\"pt_plus_button btn69f4cbd670031 button-style-9\"><div class=\"animted-content-inner\"><a class=\"button-link-wrap\" role=\"button\"><\/a><\/div><\/div><\/div><\/div><\/div><\/div><\/div><div class=\"infobox-overlay-color\"><\/div><\/div><\/div><\/div><\/div>\t\t\t\t<\/div>\n\t\t\t\t<\/div>\n\t\t\t\t\t<\/div>\n\t\t<\/div>\n\t\t\t\t\t<\/div>\n\t\t<\/section>\n\t\t\t\t<section class=\"elementor-section elementor-top-section elementor-element elementor-element-54900271 elementor-section-boxed elementor-section-height-default elementor-section-height-default\" data-id=\"54900271\" data-element_type=\"section\" data-e-type=\"section\">\n\t\t\t\t\t\t<div class=\"elementor-container elementor-column-gap-default\">\n\t\t\t\t\t<div class=\"elementor-column elementor-col-100 elementor-top-column elementor-element elementor-element-721a29fa\" data-id=\"721a29fa\" data-element_type=\"column\" data-e-type=\"column\">\n\t\t\t<div class=\"elementor-widget-wrap elementor-element-populated\">\n\t\t\t\t\t\t<div class=\"elementor-element elementor-element-545ed8c4 elementor-widget elementor-widget-tp-info-box\" data-id=\"545ed8c4\" data-element_type=\"widget\" data-e-type=\"widget\" data-widget_type=\"tp-info-box.default\">\n\t\t\t\t<div class=\"elementor-widget-container\">\n\t\t\t\t\t<div id=\"info_box69f4cbd673f42\" class=\"pt_plus_info_box  info_box69f4cbd673f42 info-box-style_1\"  data-id=\"info_box69f4cbd673f42\" ><div class=\"post-inner-loop\"><div class=\"info-box-inner content_hover_effect\"><div class=\"info-box-bg-box\"><div class=\"service-media text-left vertical-center\"><div class=\"m-r-16  service-img-border\"  style=\"border-color: #252525;\"> <div class=\"service-icon-wrap\"><i class=\"fa fa-file-pdf-o service-icon\"><\/i><\/div> <\/div><div class=\"service-content\"><a  ><div class=\"service-title\"> T\u00fcrkiye\u2019de Mobil Al\u0131\u015fveri\u015fin \u00c7evrimi\u00e7i T\u00fcketici Davran\u0131\u015flar\u0131na Etkisi \u00dczerine Bir Ara\u015ft\u0131rma <\/div><\/a><div class=\"service-border\"> <\/div><div class=\"service-desc\"> <p><i>Zeyneb UYLA\u015e<\/i><\/p><p><i>\u00d6zhan TING\u00d6Y<\/i><\/p> <\/div><div class=\"pt-plus-button-wrapper\"><div class=\"button_parallax\"><div id=\"btn69f4cbd672b26\" class=\"ts-button\"><div class=\"pt_plus_button btn69f4cbd672b26 button-style-9\"><div class=\"animted-content-inner\"><a class=\"button-link-wrap\" role=\"button\"><\/a><\/div><\/div><\/div><\/div><\/div><\/div><\/div><div class=\"infobox-overlay-color\"><\/div><\/div><\/div><\/div><\/div>\t\t\t\t<\/div>\n\t\t\t\t<\/div>\n\t\t\t\t\t<\/div>\n\t\t<\/div>\n\t\t\t\t\t<\/div>\n\t\t<\/section>\n\t\t\t\t<section class=\"elementor-section elementor-top-section elementor-element elementor-element-75988dea elementor-section-boxed elementor-section-height-default elementor-section-height-default\" data-id=\"75988dea\" data-element_type=\"section\" data-e-type=\"section\">\n\t\t\t\t\t\t<div class=\"elementor-container elementor-column-gap-default\">\n\t\t\t\t\t<div class=\"elementor-column elementor-col-100 elementor-top-column elementor-element elementor-element-9d1daed\" data-id=\"9d1daed\" data-element_type=\"column\" data-e-type=\"column\">\n\t\t\t<div class=\"elementor-widget-wrap elementor-element-populated\">\n\t\t\t\t\t\t<div class=\"elementor-element elementor-element-1ebe05e3 elementor-widget elementor-widget-tp-info-box\" data-id=\"1ebe05e3\" data-element_type=\"widget\" data-e-type=\"widget\" data-widget_type=\"tp-info-box.default\">\n\t\t\t\t<div class=\"elementor-widget-container\">\n\t\t\t\t\t<div id=\"info_box69f4cbd675723\" class=\"pt_plus_info_box  info_box69f4cbd675723 info-box-style_1\"  data-id=\"info_box69f4cbd675723\" ><div class=\"post-inner-loop\"><div class=\"info-box-inner content_hover_effect\"><div class=\"info-box-bg-box\"><div class=\"service-media text-left vertical-center\"><div class=\"m-r-16  service-img-border\"  style=\"border-color: #252525;\"> <div class=\"service-icon-wrap\"><i class=\"fa fa-file-pdf-o service-icon\"><\/i><\/div> <\/div><div class=\"service-content\"><a  ><div class=\"service-title\"> D\u0131\u015f Politika Alan\u0131nda Siyasal \u0130leti\u015fim Arac\u0131 Olarak Sosyal A\u011f (Tw\u0131tter) Kullan\u0131m\u0131n\u0131n Karar Alma S\u00fcrecine Etkisi: Su 24 Rus U\u00e7a\u011f\u0131n\u0131n D\u00fc\u015f\u00fcr\u00fclmesi \u0130le \u0130lgili T\u00fcrk ve Rus Siyasi Haber Akt\u00f6rlerinin Tweet \u0130letilerinin Analizi <\/div><\/a><div class=\"service-border\"> <\/div><div class=\"service-desc\"> <p>Selma Ko\u00e7 AKG\u00dcL<\/p><p>Bet\u00fcl PAZARBA\u015eI<\/p><p>G\u00f6kt\u00fcrk YILDIZ<\/p> <\/div><div class=\"pt-plus-button-wrapper\"><div class=\"button_parallax\"><div id=\"btn69f4cbd6756d3\" class=\"ts-button\"><div class=\"pt_plus_button btn69f4cbd6756d3 button-style-9\"><div class=\"animted-content-inner\"><a class=\"button-link-wrap\" role=\"button\"><\/a><\/div><\/div><\/div><\/div><\/div><\/div><\/div><div class=\"infobox-overlay-color\"><\/div><\/div><\/div><\/div><\/div>\t\t\t\t<\/div>\n\t\t\t\t<\/div>\n\t\t\t\t\t<\/div>\n\t\t<\/div>\n\t\t\t\t\t<\/div>\n\t\t<\/section>\n\t\t\t\t<section class=\"elementor-section elementor-top-section elementor-element elementor-element-74eb9f2 elementor-section-boxed elementor-section-height-default elementor-section-height-default\" data-id=\"74eb9f2\" data-element_type=\"section\" data-e-type=\"section\">\n\t\t\t\t\t\t<div class=\"elementor-container elementor-column-gap-default\">\n\t\t\t\t\t<div class=\"elementor-column elementor-col-100 elementor-top-column elementor-element elementor-element-78a7c229\" data-id=\"78a7c229\" data-element_type=\"column\" data-e-type=\"column\">\n\t\t\t<div class=\"elementor-widget-wrap elementor-element-populated\">\n\t\t\t\t\t\t<div class=\"elementor-element elementor-element-5d37221c elementor-widget elementor-widget-tp-info-box\" data-id=\"5d37221c\" data-element_type=\"widget\" data-e-type=\"widget\" data-widget_type=\"tp-info-box.default\">\n\t\t\t\t<div class=\"elementor-widget-container\">\n\t\t\t\t\t<div id=\"info_box69f4cbd676676\" class=\"pt_plus_info_box  info_box69f4cbd676676 info-box-style_1\"  data-id=\"info_box69f4cbd676676\" ><div class=\"post-inner-loop\"><div class=\"info-box-inner content_hover_effect\"><div class=\"info-box-bg-box\"><div class=\"service-media text-left vertical-center\"><div class=\"m-r-16  service-img-border\"  style=\"border-color: #252525;\"> <div class=\"service-icon-wrap\"><i class=\"fa fa-file-pdf-o service-icon\"><\/i><\/div> <\/div><div class=\"service-content\"><a  ><div class=\"service-title\"> 15 Temmuz Darbe Giri\u015fimi: Gelenekselden Yeniye Medya Ara\u00e7lar\u0131n\u0131n Kullan\u0131m\u0131 <\/div><\/a><div class=\"service-border\"> <\/div><div class=\"service-desc\"> <p><em>Yusuf DEVRAN<\/em><\/p><p><em>\u00d6mer Faruk \u00d6ZCAN<\/em><\/p> <\/div><div class=\"pt-plus-button-wrapper\"><div class=\"button_parallax\"><div id=\"btn69f4cbd676625\" class=\"ts-button\"><div class=\"pt_plus_button btn69f4cbd676625 button-style-9\"><div class=\"animted-content-inner\"><a class=\"button-link-wrap\" role=\"button\"><\/a><\/div><\/div><\/div><\/div><\/div><\/div><\/div><div class=\"infobox-overlay-color\"><\/div><\/div><\/div><\/div><\/div>\t\t\t\t<\/div>\n\t\t\t\t<\/div>\n\t\t\t\t\t<\/div>\n\t\t<\/div>\n\t\t\t\t\t<\/div>\n\t\t<\/section>\n\t\t\t\t<section class=\"elementor-section elementor-top-section elementor-element elementor-element-68186d1e elementor-section-boxed elementor-section-height-default elementor-section-height-default\" data-id=\"68186d1e\" data-element_type=\"section\" data-e-type=\"section\">\n\t\t\t\t\t\t<div class=\"elementor-container elementor-column-gap-default\">\n\t\t\t\t\t<div class=\"elementor-column elementor-col-100 elementor-top-column elementor-element elementor-element-209f347f\" data-id=\"209f347f\" data-element_type=\"column\" data-e-type=\"column\">\n\t\t\t<div class=\"elementor-widget-wrap elementor-element-populated\">\n\t\t\t\t\t\t<div class=\"elementor-element elementor-element-7bf311e7 elementor-widget elementor-widget-tp-info-box\" data-id=\"7bf311e7\" data-element_type=\"widget\" data-e-type=\"widget\" data-widget_type=\"tp-info-box.default\">\n\t\t\t\t<div class=\"elementor-widget-container\">\n\t\t\t\t\t<div id=\"info_box69f4cbd677543\" class=\"pt_plus_info_box  info_box69f4cbd677543 info-box-style_1\"  data-id=\"info_box69f4cbd677543\" ><div class=\"post-inner-loop\"><div class=\"info-box-inner content_hover_effect\"><div class=\"info-box-bg-box\"><div class=\"service-media text-left vertical-center\"><div class=\"m-r-16  service-img-border\"  style=\"border-color: #252525;\"> <div class=\"service-icon-wrap\"><i class=\"fa fa-file-pdf-o service-icon\"><\/i><\/div> <\/div><div class=\"service-content\"><a  ><div class=\"service-title\"> University Students Assess the Achievement of the E-Learning Outcomes of Disasters and Mitigation and Disaster Management Courses <\/div><\/a><div class=\"service-border\"> <\/div><div class=\"service-desc\"> <p><i>Serpil GERDAN<\/i><\/p><p><i>Esma BULUS KIRIKKAYA<\/i><\/p> <\/div><div class=\"pt-plus-button-wrapper\"><div class=\"button_parallax\"><div id=\"btn69f4cbd6774f4\" class=\"ts-button\"><div class=\"pt_plus_button btn69f4cbd6774f4 button-style-9\"><div class=\"animted-content-inner\"><a class=\"button-link-wrap\" role=\"button\"><\/a><\/div><\/div><\/div><\/div><\/div><\/div><\/div><div class=\"infobox-overlay-color\"><\/div><\/div><\/div><\/div><\/div>\t\t\t\t<\/div>\n\t\t\t\t<\/div>\n\t\t\t\t\t<\/div>\n\t\t<\/div>\n\t\t\t\t\t<\/div>\n\t\t<\/section>\n\t\t\t\t<section class=\"elementor-section elementor-top-section elementor-element elementor-element-4b45e13 elementor-section-boxed elementor-section-height-default elementor-section-height-default\" data-id=\"4b45e13\" data-element_type=\"section\" data-e-type=\"section\">\n\t\t\t\t\t\t<div class=\"elementor-container elementor-column-gap-default\">\n\t\t\t\t\t<div class=\"elementor-column elementor-col-100 elementor-top-column elementor-element elementor-element-7ad0a1d\" data-id=\"7ad0a1d\" data-element_type=\"column\" data-e-type=\"column\">\n\t\t\t<div class=\"elementor-widget-wrap elementor-element-populated\">\n\t\t\t\t\t\t<div class=\"elementor-element elementor-element-6d71f72 elementor-widget elementor-widget-tp-info-box\" data-id=\"6d71f72\" data-element_type=\"widget\" data-e-type=\"widget\" data-widget_type=\"tp-info-box.default\">\n\t\t\t\t<div class=\"elementor-widget-container\">\n\t\t\t\t\t<div id=\"info_box69f4cbd67847b\" class=\"pt_plus_info_box  info_box69f4cbd67847b info-box-style_1\"  data-id=\"info_box69f4cbd67847b\" ><div class=\"post-inner-loop\"><div class=\"info-box-inner content_hover_effect\"><div class=\"info-box-bg-box\"><div class=\"service-media text-left vertical-center\"><div class=\"m-r-16  service-img-border\"  style=\"border-color: #252525;\"> <div class=\"service-icon-wrap\"><i class=\"fa fa-file-pdf-o service-icon\"><\/i><\/div> <\/div><div class=\"service-content\"><a  ><div class=\"service-title\"> An Analysis Of Identities In The Context Of Cultural Encounters <\/div><\/a><div class=\"service-border\"> <\/div><div class=\"service-desc\"> <p><em>Burcu ZEYBEK<\/em><\/p> <\/div><div class=\"pt-plus-button-wrapper\"><div class=\"button_parallax\"><div id=\"btn69f4cbd67842b\" class=\"ts-button\"><div class=\"pt_plus_button btn69f4cbd67842b button-style-9\"><div class=\"animted-content-inner\"><a class=\"button-link-wrap\" role=\"button\"><\/a><\/div><\/div><\/div><\/div><\/div><\/div><\/div><div class=\"infobox-overlay-color\"><\/div><\/div><\/div><\/div><\/div>\t\t\t\t<\/div>\n\t\t\t\t<\/div>\n\t\t\t\t\t<\/div>\n\t\t<\/div>\n\t\t\t\t\t<\/div>\n\t\t<\/section>\n\t\t\t\t<section class=\"elementor-section elementor-top-section elementor-element elementor-element-8073ed6 elementor-section-boxed elementor-section-height-default elementor-section-height-default\" data-id=\"8073ed6\" data-element_type=\"section\" data-e-type=\"section\">\n\t\t\t\t\t\t<div class=\"elementor-container elementor-column-gap-default\">\n\t\t\t\t\t<div class=\"elementor-column elementor-col-100 elementor-top-column elementor-element elementor-element-310ef59\" data-id=\"310ef59\" data-element_type=\"column\" data-e-type=\"column\">\n\t\t\t<div class=\"elementor-widget-wrap elementor-element-populated\">\n\t\t\t\t\t\t<div class=\"elementor-element elementor-element-e3d5c01 elementor-widget elementor-widget-tp-info-box\" data-id=\"e3d5c01\" data-element_type=\"widget\" data-e-type=\"widget\" data-widget_type=\"tp-info-box.default\">\n\t\t\t\t<div class=\"elementor-widget-container\">\n\t\t\t\t\t<div id=\"info_box69f4cbd67934c\" class=\"pt_plus_info_box  info_box69f4cbd67934c info-box-style_1\"  data-id=\"info_box69f4cbd67934c\" ><div class=\"post-inner-loop\"><div class=\"info-box-inner content_hover_effect\"><div class=\"info-box-bg-box\"><div class=\"service-media text-left vertical-center\"><div class=\"m-r-16  service-img-border\"  style=\"border-color: #252525;\"> <div class=\"service-icon-wrap\"><i class=\"fa fa-file-pdf-o service-icon\"><\/i><\/div> <\/div><div class=\"service-content\"><a  ><div class=\"service-title\"> \u00c7evrimi\u00e7i Gazetecilikte Yeni Bir Reklam Modeli Olarak Do\u011fal Reklamlar <\/div><\/a><div class=\"service-border\"> <\/div><div class=\"service-desc\"> <p><em>Aysel \u00c7ET\u0130NKAYA<\/em><\/p> <\/div><div class=\"pt-plus-button-wrapper\"><div class=\"button_parallax\"><div id=\"btn69f4cbd6792fe\" class=\"ts-button\"><div class=\"pt_plus_button btn69f4cbd6792fe button-style-9\"><div class=\"animted-content-inner\"><a class=\"button-link-wrap\" role=\"button\"><\/a><\/div><\/div><\/div><\/div><\/div><\/div><\/div><div class=\"infobox-overlay-color\"><\/div><\/div><\/div><\/div><\/div>\t\t\t\t<\/div>\n\t\t\t\t<\/div>\n\t\t\t\t\t<\/div>\n\t\t<\/div>\n\t\t\t\t\t<\/div>\n\t\t<\/section>\n\t\t\t\t<section class=\"elementor-section elementor-top-section elementor-element elementor-element-8148fe6 elementor-section-boxed elementor-section-height-default elementor-section-height-default\" data-id=\"8148fe6\" data-element_type=\"section\" data-e-type=\"section\">\n\t\t\t\t\t\t<div class=\"elementor-container elementor-column-gap-default\">\n\t\t\t\t\t<div class=\"elementor-column elementor-col-100 elementor-top-column elementor-element elementor-element-1f12cb5\" data-id=\"1f12cb5\" data-element_type=\"column\" data-e-type=\"column\">\n\t\t\t<div class=\"elementor-widget-wrap elementor-element-populated\">\n\t\t\t\t\t\t<div class=\"elementor-element elementor-element-c92e4ee elementor-widget elementor-widget-tp-info-box\" data-id=\"c92e4ee\" data-element_type=\"widget\" data-e-type=\"widget\" data-widget_type=\"tp-info-box.default\">\n\t\t\t\t<div class=\"elementor-widget-container\">\n\t\t\t\t\t<div id=\"info_box69f4cbd67a593\" class=\"pt_plus_info_box  info_box69f4cbd67a593 info-box-style_1\"  data-id=\"info_box69f4cbd67a593\" ><div class=\"post-inner-loop\"><div class=\"info-box-inner content_hover_effect\"><div class=\"info-box-bg-box\"><div class=\"service-media text-left vertical-center\"><div class=\"m-r-16  service-img-border\"  style=\"border-color: #252525;\"> <div class=\"service-icon-wrap\"><i class=\"fa fa-file-pdf-o service-icon\"><\/i><\/div> <\/div><div class=\"service-content\"><a  ><div class=\"service-title\"> Twitter\u2019daki Dini ve Etnik Temelli Nefret S\u00f6ylemlerinin Analizi <\/div><\/a><div class=\"service-border\"> <\/div><div class=\"service-desc\"> <p><em>Hasan KARAMAN<\/em><\/p><p><em>\u015eevki I\u015eIKLI<\/em><\/p> <\/div><div class=\"pt-plus-button-wrapper\"><div class=\"button_parallax\"><div id=\"btn69f4cbd67a543\" class=\"ts-button\"><div class=\"pt_plus_button btn69f4cbd67a543 button-style-9\"><div class=\"animted-content-inner\"><a class=\"button-link-wrap\" role=\"button\"><\/a><\/div><\/div><\/div><\/div><\/div><\/div><\/div><div class=\"infobox-overlay-color\"><\/div><\/div><\/div><\/div><\/div>\t\t\t\t<\/div>\n\t\t\t\t<\/div>\n\t\t\t\t\t<\/div>\n\t\t<\/div>\n\t\t\t\t\t<\/div>\n\t\t<\/section>\n\t\t\t\t<\/div>","protected":false},"excerpt":{"rendered":"<p>\u0130\u00e7indekiler Investigation Of Amazon And Google For Fault Tolerance Strategies In Cloud Computing Services Shereen Al-RAHEYM Sinan Can A\u00c7AN \u00d6. Tolga PUSATLI 10.5824\/1309-1581.2016.4.001.x T\u00fcrkiye\u2019de Mobil&hellip;<\/p>","protected":false},"author":1,"featured_media":0,"parent":0,"menu_order":0,"comment_status":"closed","ping_status":"closed","template":"","meta":{"footnotes":""},"class_list":["post-1272","page","type-page","status-publish","hentry"],"_links":{"self":[{"href":"https:\/\/ajit-e.org\/en\/wp-json\/wp\/v2\/pages\/1272","targetHints":{"allow":["GET"]}}],"collection":[{"href":"https:\/\/ajit-e.org\/en\/wp-json\/wp\/v2\/pages"}],"about":[{"href":"https:\/\/ajit-e.org\/en\/wp-json\/wp\/v2\/types\/page"}],"author":[{"embeddable":true,"href":"https:\/\/ajit-e.org\/en\/wp-json\/wp\/v2\/users\/1"}],"replies":[{"embeddable":true,"href":"https:\/\/ajit-e.org\/en\/wp-json\/wp\/v2\/comments?post=1272"}],"version-history":[{"count":0,"href":"https:\/\/ajit-e.org\/en\/wp-json\/wp\/v2\/pages\/1272\/revisions"}],"wp:attachment":[{"href":"https:\/\/ajit-e.org\/en\/wp-json\/wp\/v2\/media?parent=1272"}],"curies":[{"name":"wp","href":"https:\/\/api.w.org\/{rel}","templated":true}]}}