{"id":1245,"date":"2020-12-29T17:29:19","date_gmt":"2020-12-29T17:29:19","guid":{"rendered":"https:\/\/ajit-e.org\/?page_id=1245"},"modified":"2021-01-17T10:02:48","modified_gmt":"2021-01-17T10:02:48","slug":"volume-7-issue-24-summer-2016","status":"publish","type":"page","link":"https:\/\/ajit-e.org\/en\/volume-7-issue-24-summer-2016\/","title":{"rendered":"Cilt 7 \u2013 Say\u0131 24 \u2013 Yaz 2016"},"content":{"rendered":"<div data-elementor-type=\"wp-page\" data-elementor-id=\"1245\" class=\"elementor elementor-1245\" data-elementor-post-type=\"page\">\n\t\t\t\t\t\t<section class=\"elementor-section elementor-top-section elementor-element elementor-element-5040701c elementor-section-boxed elementor-section-height-default elementor-section-height-default\" data-id=\"5040701c\" data-element_type=\"section\" data-e-type=\"section\">\n\t\t\t\t\t\t<div class=\"elementor-container elementor-column-gap-default\">\n\t\t\t\t\t<div class=\"elementor-column elementor-col-100 elementor-top-column elementor-element elementor-element-5fc0d0a1\" data-id=\"5fc0d0a1\" data-element_type=\"column\" data-e-type=\"column\">\n\t\t\t<div class=\"elementor-widget-wrap elementor-element-populated\">\n\t\t\t\t\t\t<div class=\"elementor-element elementor-element-1a8c7659 elementor-widget elementor-widget-tp-info-box\" data-id=\"1a8c7659\" data-element_type=\"widget\" data-e-type=\"widget\" data-widget_type=\"tp-info-box.default\">\n\t\t\t\t<div class=\"elementor-widget-container\">\n\t\t\t\t\t<div id=\"info_box69e016b89849c\" class=\"pt_plus_info_box  info_box69e016b89849c info-box-style_1\"  data-id=\"info_box69e016b89849c\" ><div class=\"post-inner-loop\"><div class=\"info-box-inner content_hover_effect\"><div class=\"info-box-bg-box\"><div class=\"service-media text-left vertical-center\"><div class=\"m-r-16  service-img-border\"  style=\"border-color: #252525;\"> <div class=\"service-icon-wrap\"><i class=\"fa fa-file-pdf-o service-icon\"><\/i><\/div> <\/div><div class=\"service-content\"><a  ><div class=\"service-title\"> Table of Contents <\/div><\/a><div class=\"service-border\"> <\/div><\/div><\/div><div class=\"infobox-overlay-color\"><\/div><\/div><\/div><\/div><\/div>\t\t\t\t<\/div>\n\t\t\t\t<\/div>\n\t\t\t\t\t<\/div>\n\t\t<\/div>\n\t\t\t\t\t<\/div>\n\t\t<\/section>\n\t\t\t\t<section class=\"elementor-section elementor-top-section elementor-element elementor-element-3163d2 elementor-section-boxed elementor-section-height-default elementor-section-height-default\" data-id=\"3163d2\" data-element_type=\"section\" data-e-type=\"section\">\n\t\t\t\t\t\t<div class=\"elementor-container elementor-column-gap-default\">\n\t\t\t\t\t<div class=\"elementor-column elementor-col-100 elementor-top-column elementor-element elementor-element-6d72723\" data-id=\"6d72723\" data-element_type=\"column\" data-e-type=\"column\">\n\t\t\t<div class=\"elementor-widget-wrap elementor-element-populated\">\n\t\t\t\t\t\t<div class=\"elementor-element elementor-element-67f88af1 elementor-widget elementor-widget-tp-info-box\" data-id=\"67f88af1\" data-element_type=\"widget\" data-e-type=\"widget\" data-widget_type=\"tp-info-box.default\">\n\t\t\t\t<div class=\"elementor-widget-container\">\n\t\t\t\t\t<div id=\"info_box69e016b89b73c\" class=\"pt_plus_info_box  info_box69e016b89b73c info-box-style_1\"  data-id=\"info_box69e016b89b73c\" ><div class=\"post-inner-loop\"><div class=\"info-box-inner content_hover_effect\"><div class=\"info-box-bg-box\"><div class=\"service-media text-left vertical-center\"><div class=\"m-r-16  service-img-border\"  style=\"border-color: #252525;\"> <div class=\"service-icon-wrap\"><i class=\"fa fa-file-pdf-o service-icon\"><\/i><\/div> <\/div><div class=\"service-content\"><a  ><div class=\"service-title\"> Comparison of Non-Homogeneous Poisson Process Software Reliability Models in Web Applications <\/div><\/a><div class=\"service-border\"> <\/div><div class=\"service-desc\"> <p><em>Rabia Burcu KARA\u00d6MER<\/em><\/p><p><em>Oumout CHOUSE\u0130NOGLOU<\/em><\/p> <\/div><div class=\"pt-plus-button-wrapper\"><div class=\"button_parallax\"><div id=\"btn69e016b89b580\" class=\"ts-button\"><div class=\"pt_plus_button btn69e016b89b580 button-style-9\"><div class=\"animted-content-inner\"><a class=\"button-link-wrap\" role=\"button\"><\/a><\/div><\/div><\/div><\/div><\/div><\/div><\/div><div class=\"infobox-overlay-color\"><\/div><\/div><\/div><\/div><\/div>\t\t\t\t<\/div>\n\t\t\t\t<\/div>\n\t\t\t\t\t<\/div>\n\t\t<\/div>\n\t\t\t\t\t<\/div>\n\t\t<\/section>\n\t\t\t\t<section class=\"elementor-section elementor-top-section elementor-element elementor-element-6a1d0867 elementor-section-boxed elementor-section-height-default elementor-section-height-default\" data-id=\"6a1d0867\" data-element_type=\"section\" data-e-type=\"section\">\n\t\t\t\t\t\t<div class=\"elementor-container elementor-column-gap-default\">\n\t\t\t\t\t<div class=\"elementor-column elementor-col-100 elementor-top-column elementor-element elementor-element-27f994da\" data-id=\"27f994da\" data-element_type=\"column\" data-e-type=\"column\">\n\t\t\t<div class=\"elementor-widget-wrap elementor-element-populated\">\n\t\t\t\t\t\t<div class=\"elementor-element elementor-element-3af6ccd2 elementor-widget elementor-widget-tp-info-box\" data-id=\"3af6ccd2\" data-element_type=\"widget\" data-e-type=\"widget\" data-widget_type=\"tp-info-box.default\">\n\t\t\t\t<div class=\"elementor-widget-container\">\n\t\t\t\t\t<div id=\"info_box69e016b89e0f4\" class=\"pt_plus_info_box  info_box69e016b89e0f4 info-box-style_1\"  data-id=\"info_box69e016b89e0f4\" ><div class=\"post-inner-loop\"><div class=\"info-box-inner content_hover_effect\"><div class=\"info-box-bg-box\"><div class=\"service-media text-left vertical-center\"><div class=\"m-r-16  service-img-border\"  style=\"border-color: #252525;\"> <div class=\"service-icon-wrap\"><i class=\"fa fa-file-pdf-o service-icon\"><\/i><\/div> <\/div><div class=\"service-content\"><a  ><div class=\"service-title\"> Analysis Of The Relationship Between Self-Esteem And Levels Of Narcissism Through Selfies Of Instagram Users <\/div><\/a><div class=\"service-border\"> <\/div><div class=\"service-desc\"> <p><em>Y\u0131ld\u0131z Dilek ERT\u00dcRK<\/em><\/p> <\/div><div class=\"pt-plus-button-wrapper\"><div class=\"button_parallax\"><div id=\"btn69e016b89e09b\" class=\"ts-button\"><div class=\"pt_plus_button btn69e016b89e09b button-style-9\"><div class=\"animted-content-inner\"><a class=\"button-link-wrap\" role=\"button\"><\/a><\/div><\/div><\/div><\/div><\/div><\/div><\/div><div class=\"infobox-overlay-color\"><\/div><\/div><\/div><\/div><\/div>\t\t\t\t<\/div>\n\t\t\t\t<\/div>\n\t\t\t\t\t<\/div>\n\t\t<\/div>\n\t\t\t\t\t<\/div>\n\t\t<\/section>\n\t\t\t\t<section class=\"elementor-section elementor-top-section elementor-element elementor-element-425774c9 elementor-section-boxed elementor-section-height-default elementor-section-height-default\" data-id=\"425774c9\" data-element_type=\"section\" data-e-type=\"section\">\n\t\t\t\t\t\t<div class=\"elementor-container elementor-column-gap-default\">\n\t\t\t\t\t<div class=\"elementor-column elementor-col-100 elementor-top-column elementor-element elementor-element-7c532420\" data-id=\"7c532420\" data-element_type=\"column\" data-e-type=\"column\">\n\t\t\t<div class=\"elementor-widget-wrap elementor-element-populated\">\n\t\t\t\t\t\t<div class=\"elementor-element elementor-element-1fedc333 elementor-widget elementor-widget-tp-info-box\" data-id=\"1fedc333\" data-element_type=\"widget\" data-e-type=\"widget\" data-widget_type=\"tp-info-box.default\">\n\t\t\t\t<div class=\"elementor-widget-container\">\n\t\t\t\t\t<div id=\"info_box69e016b8a060a\" class=\"pt_plus_info_box  info_box69e016b8a060a info-box-style_1\"  data-id=\"info_box69e016b8a060a\" ><div class=\"post-inner-loop\"><div class=\"info-box-inner content_hover_effect\"><div class=\"info-box-bg-box\"><div class=\"service-media text-left vertical-center\"><div class=\"m-r-16  service-img-border\"  style=\"border-color: #252525;\"> <div class=\"service-icon-wrap\"><i class=\"fa fa-file-pdf-o service-icon\"><\/i><\/div> <\/div><div class=\"service-content\"><a  ><div class=\"service-title\"> Bilgisayar Oyunlar\u0131nda \u00dcr\u00fcn Yerle\u015ftirme: Pro Evolut\u0131on Soccer (Pes) 2015 \u00d6rne\u011fi <\/div><\/a><div class=\"service-border\"> <\/div><div class=\"service-desc\"> <p><em>Deniz ZEREN<\/em><\/p><p><em>\u00d6nder Ziya PAYLAR<\/em><\/p> <\/div><div class=\"pt-plus-button-wrapper\"><div class=\"button_parallax\"><div id=\"btn69e016b8a05a0\" class=\"ts-button\"><div class=\"pt_plus_button btn69e016b8a05a0 button-style-9\"><div class=\"animted-content-inner\"><a class=\"button-link-wrap\" role=\"button\"><\/a><\/div><\/div><\/div><\/div><\/div><\/div><\/div><div class=\"infobox-overlay-color\"><\/div><\/div><\/div><\/div><\/div>\t\t\t\t<\/div>\n\t\t\t\t<\/div>\n\t\t\t\t\t<\/div>\n\t\t<\/div>\n\t\t\t\t\t<\/div>\n\t\t<\/section>\n\t\t\t\t<section class=\"elementor-section elementor-top-section elementor-element elementor-element-79e22c2b elementor-section-boxed elementor-section-height-default elementor-section-height-default\" data-id=\"79e22c2b\" data-element_type=\"section\" data-e-type=\"section\">\n\t\t\t\t\t\t<div class=\"elementor-container elementor-column-gap-default\">\n\t\t\t\t\t<div class=\"elementor-column elementor-col-100 elementor-top-column elementor-element elementor-element-44db67f4\" data-id=\"44db67f4\" data-element_type=\"column\" data-e-type=\"column\">\n\t\t\t<div class=\"elementor-widget-wrap elementor-element-populated\">\n\t\t\t\t\t\t<div class=\"elementor-element elementor-element-5acfdb8b elementor-widget elementor-widget-tp-info-box\" data-id=\"5acfdb8b\" data-element_type=\"widget\" data-e-type=\"widget\" data-widget_type=\"tp-info-box.default\">\n\t\t\t\t<div class=\"elementor-widget-container\">\n\t\t\t\t\t<div id=\"info_box69e016b8a2a75\" class=\"pt_plus_info_box  info_box69e016b8a2a75 info-box-style_1\"  data-id=\"info_box69e016b8a2a75\" ><div class=\"post-inner-loop\"><div class=\"info-box-inner content_hover_effect\"><div class=\"info-box-bg-box\"><div class=\"service-media text-left vertical-center\"><div class=\"m-r-16  service-img-border\"  style=\"border-color: #252525;\"> <div class=\"service-icon-wrap\"><i class=\"fa fa-file-pdf-o service-icon\"><\/i><\/div> <\/div><div class=\"service-content\"><a  ><div class=\"service-title\"> Web Sitelerine A\u015f\u0131r\u0131 Seo Tekni\u011fi Uygulaman\u0131n Zararlar\u0131 <\/div><\/a><div class=\"service-border\"> <\/div><div class=\"service-desc\"> <p><i>Nursel YAL\u00c7IN<\/i><\/p><p><i> Ali KILI\u00c7<\/i><\/p> <\/div><div class=\"pt-plus-button-wrapper\"><div class=\"button_parallax\"><div id=\"btn69e016b8a2a27\" class=\"ts-button\"><div class=\"pt_plus_button btn69e016b8a2a27 button-style-9\"><div class=\"animted-content-inner\"><a class=\"button-link-wrap\" role=\"button\"><\/a><\/div><\/div><\/div><\/div><\/div><\/div><\/div><div class=\"infobox-overlay-color\"><\/div><\/div><\/div><\/div><\/div>\t\t\t\t<\/div>\n\t\t\t\t<\/div>\n\t\t\t\t\t<\/div>\n\t\t<\/div>\n\t\t\t\t\t<\/div>\n\t\t<\/section>\n\t\t\t\t<section class=\"elementor-section elementor-top-section elementor-element elementor-element-52f4de86 elementor-section-boxed elementor-section-height-default elementor-section-height-default\" data-id=\"52f4de86\" data-element_type=\"section\" data-e-type=\"section\">\n\t\t\t\t\t\t<div class=\"elementor-container elementor-column-gap-default\">\n\t\t\t\t\t<div class=\"elementor-column elementor-col-100 elementor-top-column elementor-element elementor-element-4121837b\" data-id=\"4121837b\" data-element_type=\"column\" data-e-type=\"column\">\n\t\t\t<div class=\"elementor-widget-wrap elementor-element-populated\">\n\t\t\t\t\t\t<div class=\"elementor-element elementor-element-716599ea elementor-widget elementor-widget-tp-info-box\" data-id=\"716599ea\" data-element_type=\"widget\" data-e-type=\"widget\" data-widget_type=\"tp-info-box.default\">\n\t\t\t\t<div class=\"elementor-widget-container\">\n\t\t\t\t\t<div id=\"info_box69e016b8a4e0f\" class=\"pt_plus_info_box  info_box69e016b8a4e0f info-box-style_1\"  data-id=\"info_box69e016b8a4e0f\" ><div class=\"post-inner-loop\"><div class=\"info-box-inner content_hover_effect\"><div class=\"info-box-bg-box\"><div class=\"service-media text-left vertical-center\"><div class=\"m-r-16  service-img-border\"  style=\"border-color: #252525;\"> <div class=\"service-icon-wrap\"><i class=\"fa fa-file-pdf-o service-icon\"><\/i><\/div> <\/div><div class=\"service-content\"><a  ><div class=\"service-title\"> How Ready Are The Turkish Hospitality And Travel Organizations For E-Complaint Handling? <\/div><\/a><div class=\"service-border\"> <\/div><div class=\"service-desc\"> <p>Ferika \u00d6ZER SARI<\/p><p><i>\u00d6zlem A\u015eMAN AL\u0130KILI\u00c7<\/i><\/p> <\/div><div class=\"pt-plus-button-wrapper\"><div class=\"button_parallax\"><div id=\"btn69e016b8a4dc2\" class=\"ts-button\"><div class=\"pt_plus_button btn69e016b8a4dc2 button-style-9\"><div class=\"animted-content-inner\"><a class=\"button-link-wrap\" role=\"button\"><\/a><\/div><\/div><\/div><\/div><\/div><\/div><\/div><div class=\"infobox-overlay-color\"><\/div><\/div><\/div><\/div><\/div>\t\t\t\t<\/div>\n\t\t\t\t<\/div>\n\t\t\t\t\t<\/div>\n\t\t<\/div>\n\t\t\t\t\t<\/div>\n\t\t<\/section>\n\t\t\t\t<section class=\"elementor-section elementor-top-section elementor-element elementor-element-d79680d elementor-section-boxed elementor-section-height-default elementor-section-height-default\" data-id=\"d79680d\" data-element_type=\"section\" data-e-type=\"section\">\n\t\t\t\t\t\t<div class=\"elementor-container elementor-column-gap-default\">\n\t\t\t\t\t<div class=\"elementor-column elementor-col-100 elementor-top-column elementor-element elementor-element-52a3ea4\" data-id=\"52a3ea4\" data-element_type=\"column\" data-e-type=\"column\">\n\t\t\t<div class=\"elementor-widget-wrap elementor-element-populated\">\n\t\t\t\t\t\t<div class=\"elementor-element elementor-element-47bc8f3 elementor-widget elementor-widget-tp-info-box\" data-id=\"47bc8f3\" data-element_type=\"widget\" data-e-type=\"widget\" data-widget_type=\"tp-info-box.default\">\n\t\t\t\t<div class=\"elementor-widget-container\">\n\t\t\t\t\t<div id=\"info_box69e016b8a7394\" class=\"pt_plus_info_box  info_box69e016b8a7394 info-box-style_1\"  data-id=\"info_box69e016b8a7394\" ><div class=\"post-inner-loop\"><div class=\"info-box-inner content_hover_effect\"><div class=\"info-box-bg-box\"><div class=\"service-media text-left vertical-center\"><div class=\"m-r-16  service-img-border\"  style=\"border-color: #252525;\"> <div class=\"service-icon-wrap\"><i class=\"fa fa-file-pdf-o service-icon\"><\/i><\/div> <\/div><div class=\"service-content\"><a  ><div class=\"service-title\"> Dijital Ortamlarda Toplumsal Kat\u0131l\u0131m Anlay\u0131\u015f\u0131: Sosyal Eylem Platformlari \u00dczerine Bir \u0130nceleme <\/div><\/a><div class=\"service-border\"> <\/div><div class=\"service-desc\"> <p><em>Mustafa Cankut KURT<\/em><\/p><p><em>\u00d6zhan TING\u00d6Y<\/em><\/p> <\/div><div class=\"pt-plus-button-wrapper\"><div class=\"button_parallax\"><div id=\"btn69e016b8a72c3\" class=\"ts-button\"><div class=\"pt_plus_button btn69e016b8a72c3 button-style-9\"><div class=\"animted-content-inner\"><a class=\"button-link-wrap\" role=\"button\"><\/a><\/div><\/div><\/div><\/div><\/div><\/div><\/div><div class=\"infobox-overlay-color\"><\/div><\/div><\/div><\/div><\/div>\t\t\t\t<\/div>\n\t\t\t\t<\/div>\n\t\t\t\t\t<\/div>\n\t\t<\/div>\n\t\t\t\t\t<\/div>\n\t\t<\/section>\n\t\t\t\t<section class=\"elementor-section elementor-top-section elementor-element elementor-element-1115552 elementor-section-boxed elementor-section-height-default elementor-section-height-default\" data-id=\"1115552\" data-element_type=\"section\" data-e-type=\"section\">\n\t\t\t\t\t\t<div class=\"elementor-container elementor-column-gap-default\">\n\t\t\t\t\t<div class=\"elementor-column elementor-col-100 elementor-top-column elementor-element elementor-element-1130aea\" data-id=\"1130aea\" data-element_type=\"column\" data-e-type=\"column\">\n\t\t\t<div class=\"elementor-widget-wrap elementor-element-populated\">\n\t\t\t\t\t\t<div class=\"elementor-element elementor-element-9b91314 elementor-widget elementor-widget-tp-info-box\" data-id=\"9b91314\" data-element_type=\"widget\" data-e-type=\"widget\" data-widget_type=\"tp-info-box.default\">\n\t\t\t\t<div class=\"elementor-widget-container\">\n\t\t\t\t\t<div id=\"info_box69e016b8a9919\" class=\"pt_plus_info_box  info_box69e016b8a9919 info-box-style_1\"  data-id=\"info_box69e016b8a9919\" ><div class=\"post-inner-loop\"><div class=\"info-box-inner content_hover_effect\"><div class=\"info-box-bg-box\"><div class=\"service-media text-left vertical-center\"><div class=\"m-r-16  service-img-border\"  style=\"border-color: #252525;\"> <div class=\"service-icon-wrap\"><i class=\"fa fa-file-pdf-o service-icon\"><\/i><\/div> <\/div><div class=\"service-content\"><a  ><div class=\"service-title\"> Bemo: A Parsimonious Big Data Mining Methodology <\/div><\/a><div class=\"service-border\"> <\/div><div class=\"service-desc\"> <p><em>Joseph\u00a0 M.\u00a0 WOODS\u0130DE<\/em><\/p> <\/div><div class=\"pt-plus-button-wrapper\"><div class=\"button_parallax\"><div id=\"btn69e016b8a98c9\" class=\"ts-button\"><div class=\"pt_plus_button btn69e016b8a98c9 button-style-9\"><div class=\"animted-content-inner\"><a class=\"button-link-wrap\" role=\"button\"><\/a><\/div><\/div><\/div><\/div><\/div><\/div><\/div><div class=\"infobox-overlay-color\"><\/div><\/div><\/div><\/div><\/div>\t\t\t\t<\/div>\n\t\t\t\t<\/div>\n\t\t\t\t\t<\/div>\n\t\t<\/div>\n\t\t\t\t\t<\/div>\n\t\t<\/section>\n\t\t\t\t<\/div>","protected":false},"excerpt":{"rendered":"<p>\u0130\u00e7indekiler Comparison of Non-Homogeneous Poisson Process Software Reliability Models in Web Applications Rabia Burcu KARA\u00d6MER Oumout CHOUSE\u0130NOGLOU 10.5824\/1309-1581.2016.3.001.x Analysis Of The Relationship Between Self-Esteem And&hellip;<\/p>","protected":false},"author":1,"featured_media":0,"parent":0,"menu_order":0,"comment_status":"closed","ping_status":"closed","template":"","meta":{"footnotes":""},"class_list":["post-1245","page","type-page","status-publish","hentry"],"_links":{"self":[{"href":"https:\/\/ajit-e.org\/en\/wp-json\/wp\/v2\/pages\/1245","targetHints":{"allow":["GET"]}}],"collection":[{"href":"https:\/\/ajit-e.org\/en\/wp-json\/wp\/v2\/pages"}],"about":[{"href":"https:\/\/ajit-e.org\/en\/wp-json\/wp\/v2\/types\/page"}],"author":[{"embeddable":true,"href":"https:\/\/ajit-e.org\/en\/wp-json\/wp\/v2\/users\/1"}],"replies":[{"embeddable":true,"href":"https:\/\/ajit-e.org\/en\/wp-json\/wp\/v2\/comments?post=1245"}],"version-history":[{"count":0,"href":"https:\/\/ajit-e.org\/en\/wp-json\/wp\/v2\/pages\/1245\/revisions"}],"wp:attachment":[{"href":"https:\/\/ajit-e.org\/en\/wp-json\/wp\/v2\/media?parent=1245"}],"curies":[{"name":"wp","href":"https:\/\/api.w.org\/{rel}","templated":true}]}}