{"id":1171,"date":"2020-12-29T15:44:38","date_gmt":"2020-12-29T15:44:38","guid":{"rendered":"https:\/\/ajit-e.org\/?page_id=1171"},"modified":"2021-01-17T10:02:31","modified_gmt":"2021-01-17T10:02:31","slug":"volume-6-issue-20-summer-2015","status":"publish","type":"page","link":"https:\/\/ajit-e.org\/en\/volume-6-issue-20-summer-2015\/","title":{"rendered":"Cilt 6 \u2013 Say\u0131 20 \u2013 Yaz 2015"},"content":{"rendered":"<div data-elementor-type=\"wp-page\" data-elementor-id=\"1171\" class=\"elementor elementor-1171\" data-elementor-post-type=\"page\">\n\t\t\t\t\t\t<section class=\"elementor-section elementor-top-section elementor-element elementor-element-1aad550b elementor-section-boxed elementor-section-height-default elementor-section-height-default\" data-id=\"1aad550b\" data-element_type=\"section\" data-e-type=\"section\">\n\t\t\t\t\t\t<div class=\"elementor-container elementor-column-gap-default\">\n\t\t\t\t\t<div class=\"elementor-column elementor-col-100 elementor-top-column elementor-element elementor-element-6b4802c8\" data-id=\"6b4802c8\" data-element_type=\"column\" data-e-type=\"column\">\n\t\t\t<div class=\"elementor-widget-wrap elementor-element-populated\">\n\t\t\t\t\t\t<div class=\"elementor-element elementor-element-e727a65 elementor-widget elementor-widget-tp-info-box\" data-id=\"e727a65\" data-element_type=\"widget\" data-e-type=\"widget\" data-widget_type=\"tp-info-box.default\">\n\t\t\t\t<div class=\"elementor-widget-container\">\n\t\t\t\t\t<div id=\"info_box69d65252d5fe8\" class=\"pt_plus_info_box  info_box69d65252d5fe8 info-box-style_1\"  data-id=\"info_box69d65252d5fe8\" ><div class=\"post-inner-loop\"><div class=\"info-box-inner content_hover_effect\"><div class=\"info-box-bg-box\"><div class=\"service-media text-left vertical-center\"><div class=\"m-r-16  service-img-border\"  style=\"border-color: #252525;\"> <div class=\"service-icon-wrap\"><i class=\"fa fa-file-pdf-o service-icon\"><\/i><\/div> <\/div><div class=\"service-content\"><a  ><div class=\"service-title\"> Table of Contents <\/div><\/a><div class=\"service-border\"> <\/div><\/div><\/div><div class=\"infobox-overlay-color\"><\/div><\/div><\/div><\/div><\/div>\t\t\t\t<\/div>\n\t\t\t\t<\/div>\n\t\t\t\t\t<\/div>\n\t\t<\/div>\n\t\t\t\t\t<\/div>\n\t\t<\/section>\n\t\t\t\t<section class=\"elementor-section elementor-top-section elementor-element elementor-element-6ec047e5 elementor-section-boxed elementor-section-height-default elementor-section-height-default\" data-id=\"6ec047e5\" data-element_type=\"section\" data-e-type=\"section\">\n\t\t\t\t\t\t<div class=\"elementor-container elementor-column-gap-default\">\n\t\t\t\t\t<div class=\"elementor-column elementor-col-100 elementor-top-column elementor-element elementor-element-570f9dba\" data-id=\"570f9dba\" data-element_type=\"column\" data-e-type=\"column\">\n\t\t\t<div class=\"elementor-widget-wrap elementor-element-populated\">\n\t\t\t\t\t\t<div class=\"elementor-element elementor-element-71dbdb55 elementor-widget elementor-widget-tp-info-box\" data-id=\"71dbdb55\" data-element_type=\"widget\" data-e-type=\"widget\" data-widget_type=\"tp-info-box.default\">\n\t\t\t\t<div class=\"elementor-widget-container\">\n\t\t\t\t\t<div id=\"info_box69d65252d7169\" class=\"pt_plus_info_box  info_box69d65252d7169 info-box-style_1\"  data-id=\"info_box69d65252d7169\" ><div class=\"post-inner-loop\"><div class=\"info-box-inner content_hover_effect\"><div class=\"info-box-bg-box\"><div class=\"service-media text-left vertical-center\"><div class=\"m-r-16  service-img-border\"  style=\"border-color: #252525;\"> <div class=\"service-icon-wrap\"><i class=\"fa fa-file-pdf-o service-icon\"><\/i><\/div> <\/div><div class=\"service-content\"><a  ><div class=\"service-title\"> An Analysis of The Candidates Remarks on Twitter in 2014 Presidency Election in Terms of Values <\/div><\/a><div class=\"service-border\"> <\/div><div class=\"service-desc\"> <p><em>\u0130hsan KARLI<\/em><\/p> <\/div><div class=\"pt-plus-button-wrapper\"><div class=\"button_parallax\"><div class=\"ts-button\"><div class=\"pt_plus_button btn69d65252d7102 button-style-9\"><div class=\"animted-content-inner\"><a class=\"button-link-wrap\" role=\"button\"><\/a><\/div><\/div><\/div><\/div><\/div><\/div><\/div><div class=\"infobox-overlay-color\"><\/div><\/div><\/div><\/div><\/div>\t\t\t\t<\/div>\n\t\t\t\t<\/div>\n\t\t\t\t\t<\/div>\n\t\t<\/div>\n\t\t\t\t\t<\/div>\n\t\t<\/section>\n\t\t\t\t<section class=\"elementor-section elementor-top-section elementor-element elementor-element-7525a3db elementor-section-boxed elementor-section-height-default elementor-section-height-default\" data-id=\"7525a3db\" data-element_type=\"section\" data-e-type=\"section\">\n\t\t\t\t\t\t<div class=\"elementor-container elementor-column-gap-default\">\n\t\t\t\t\t<div class=\"elementor-column elementor-col-100 elementor-top-column elementor-element elementor-element-6cad2871\" data-id=\"6cad2871\" data-element_type=\"column\" data-e-type=\"column\">\n\t\t\t<div class=\"elementor-widget-wrap elementor-element-populated\">\n\t\t\t\t\t\t<div class=\"elementor-element elementor-element-4cde27dc elementor-widget elementor-widget-tp-info-box\" data-id=\"4cde27dc\" data-element_type=\"widget\" data-e-type=\"widget\" data-widget_type=\"tp-info-box.default\">\n\t\t\t\t<div class=\"elementor-widget-container\">\n\t\t\t\t\t<div id=\"info_box69d65252d815b\" class=\"pt_plus_info_box  info_box69d65252d815b info-box-style_1\"  data-id=\"info_box69d65252d815b\" ><div class=\"post-inner-loop\"><div class=\"info-box-inner content_hover_effect\"><div class=\"info-box-bg-box\"><div class=\"service-media text-left vertical-center\"><div class=\"m-r-16  service-img-border\"  style=\"border-color: #252525;\"> <div class=\"service-icon-wrap\"><i class=\"fa fa-file-pdf-o service-icon\"><\/i><\/div> <\/div><div class=\"service-content\"><a  ><div class=\"service-title\"> Kredi Kart\u0131Kullan\u0131m\u0131n\u0131n Kompulsif Sat\u0131n Almaya Etkisi <\/div><\/a><div class=\"service-border\"> <\/div><div class=\"service-desc\"> <div class=\"text\"><i>Baran ARSLAN<\/i><\/div> <\/div><div class=\"pt-plus-button-wrapper\"><div class=\"button_parallax\"><div class=\"ts-button\"><div class=\"pt_plus_button btn69d65252d810d button-style-9\"><div class=\"animted-content-inner\"><a class=\"button-link-wrap\" role=\"button\"><\/a><\/div><\/div><\/div><\/div><\/div><\/div><\/div><div class=\"infobox-overlay-color\"><\/div><\/div><\/div><\/div><\/div>\t\t\t\t<\/div>\n\t\t\t\t<\/div>\n\t\t\t\t\t<\/div>\n\t\t<\/div>\n\t\t\t\t\t<\/div>\n\t\t<\/section>\n\t\t\t\t<section class=\"elementor-section elementor-top-section elementor-element elementor-element-131acc14 elementor-section-boxed elementor-section-height-default elementor-section-height-default\" data-id=\"131acc14\" data-element_type=\"section\" data-e-type=\"section\">\n\t\t\t\t\t\t<div class=\"elementor-container elementor-column-gap-default\">\n\t\t\t\t\t<div class=\"elementor-column elementor-col-100 elementor-top-column elementor-element elementor-element-673d42ef\" data-id=\"673d42ef\" data-element_type=\"column\" data-e-type=\"column\">\n\t\t\t<div class=\"elementor-widget-wrap elementor-element-populated\">\n\t\t\t\t\t\t<div class=\"elementor-element elementor-element-109c6906 elementor-widget elementor-widget-tp-info-box\" data-id=\"109c6906\" data-element_type=\"widget\" data-e-type=\"widget\" data-widget_type=\"tp-info-box.default\">\n\t\t\t\t<div class=\"elementor-widget-container\">\n\t\t\t\t\t<div id=\"info_box69d65252d9121\" class=\"pt_plus_info_box  info_box69d65252d9121 info-box-style_1\"  data-id=\"info_box69d65252d9121\" ><div class=\"post-inner-loop\"><div class=\"info-box-inner content_hover_effect\"><div class=\"info-box-bg-box\"><div class=\"service-media text-left vertical-center\"><div class=\"m-r-16  service-img-border\"  style=\"border-color: #252525;\"> <div class=\"service-icon-wrap\"><i class=\"fa fa-file-pdf-o service-icon\"><\/i><\/div> <\/div><div class=\"service-content\"><a  ><div class=\"service-title\"> An Empirical Study On Business Intelligence System Perceptions At Enterprises Operating In Turkey <\/div><\/a><div class=\"service-border\"> <\/div><div class=\"service-desc\"> <p><i>Yasin \u00d6Z\u00c7AM<\/i><\/p><p><i>Erman CO\u015eKUN<\/i><\/p> <\/div><div class=\"pt-plus-button-wrapper\"><div class=\"button_parallax\"><div class=\"ts-button\"><div class=\"pt_plus_button btn69d65252d90d1 button-style-9\"><div class=\"animted-content-inner\"><a class=\"button-link-wrap\" role=\"button\"><\/a><\/div><\/div><\/div><\/div><\/div><\/div><\/div><div class=\"infobox-overlay-color\"><\/div><\/div><\/div><\/div><\/div>\t\t\t\t<\/div>\n\t\t\t\t<\/div>\n\t\t\t\t\t<\/div>\n\t\t<\/div>\n\t\t\t\t\t<\/div>\n\t\t<\/section>\n\t\t\t\t<section class=\"elementor-section elementor-top-section elementor-element elementor-element-bd5ad28 elementor-section-boxed elementor-section-height-default elementor-section-height-default\" data-id=\"bd5ad28\" data-element_type=\"section\" data-e-type=\"section\">\n\t\t\t\t\t\t<div class=\"elementor-container elementor-column-gap-default\">\n\t\t\t\t\t<div class=\"elementor-column elementor-col-100 elementor-top-column elementor-element elementor-element-7f7ee7b1\" data-id=\"7f7ee7b1\" data-element_type=\"column\" data-e-type=\"column\">\n\t\t\t<div class=\"elementor-widget-wrap elementor-element-populated\">\n\t\t\t\t\t\t<div class=\"elementor-element elementor-element-6b18737f elementor-widget elementor-widget-tp-info-box\" data-id=\"6b18737f\" data-element_type=\"widget\" data-e-type=\"widget\" data-widget_type=\"tp-info-box.default\">\n\t\t\t\t<div class=\"elementor-widget-container\">\n\t\t\t\t\t<div id=\"info_box69d65252d9fe8\" class=\"pt_plus_info_box  info_box69d65252d9fe8 info-box-style_1\"  data-id=\"info_box69d65252d9fe8\" ><div class=\"post-inner-loop\"><div class=\"info-box-inner content_hover_effect\"><div class=\"info-box-bg-box\"><div class=\"service-media text-left vertical-center\"><div class=\"m-r-16  service-img-border\"  style=\"border-color: #252525;\"> <div class=\"service-icon-wrap\"><i class=\"fa fa-file-pdf-o service-icon\"><\/i><\/div> <\/div><div class=\"service-content\"><a  ><div class=\"service-title\"> Mood Based Building Automation Using Fuzzy Petrinets <\/div><\/a><div class=\"service-border\"> <\/div><div class=\"service-desc\"> <p><em>Manuj DARBARI<\/em><\/p><p><em>Ruchi DAVEY<\/em><\/p><p><em>Naveen HEMRAJANI<\/em><\/p> <\/div><div class=\"pt-plus-button-wrapper\"><div class=\"button_parallax\"><div class=\"ts-button\"><div class=\"pt_plus_button btn69d65252d9f80 button-style-9\"><div class=\"animted-content-inner\"><a class=\"button-link-wrap\" role=\"button\"><\/a><\/div><\/div><\/div><\/div><\/div><\/div><\/div><div class=\"infobox-overlay-color\"><\/div><\/div><\/div><\/div><\/div>\t\t\t\t<\/div>\n\t\t\t\t<\/div>\n\t\t\t\t\t<\/div>\n\t\t<\/div>\n\t\t\t\t\t<\/div>\n\t\t<\/section>\n\t\t\t\t<section class=\"elementor-section elementor-top-section elementor-element elementor-element-1c650935 elementor-section-boxed elementor-section-height-default elementor-section-height-default\" data-id=\"1c650935\" data-element_type=\"section\" data-e-type=\"section\">\n\t\t\t\t\t\t<div class=\"elementor-container elementor-column-gap-default\">\n\t\t\t\t\t<div class=\"elementor-column elementor-col-100 elementor-top-column elementor-element elementor-element-38f9189f\" data-id=\"38f9189f\" data-element_type=\"column\" data-e-type=\"column\">\n\t\t\t<div class=\"elementor-widget-wrap elementor-element-populated\">\n\t\t\t\t\t\t<div class=\"elementor-element elementor-element-59d55123 elementor-widget elementor-widget-tp-info-box\" data-id=\"59d55123\" data-element_type=\"widget\" data-e-type=\"widget\" data-widget_type=\"tp-info-box.default\">\n\t\t\t\t<div class=\"elementor-widget-container\">\n\t\t\t\t\t<div id=\"info_box69d65252dae31\" class=\"pt_plus_info_box  info_box69d65252dae31 info-box-style_1\"  data-id=\"info_box69d65252dae31\" ><div class=\"post-inner-loop\"><div class=\"info-box-inner content_hover_effect\"><div class=\"info-box-bg-box\"><div class=\"service-media text-left vertical-center\"><div class=\"m-r-16  service-img-border\"  style=\"border-color: #252525;\"> <div class=\"service-icon-wrap\"><i class=\"fa fa-file-pdf-o service-icon\"><\/i><\/div> <\/div><div class=\"service-content\"><a  ><div class=\"service-title\"> Hiper Metin ve De\u011fi\u015fen Okuyucu Rolleri <\/div><\/a><div class=\"service-border\"> <\/div><div class=\"service-desc\"> <div class=\"text\"><i>Nancy G. PATTERSON<\/i><\/div> <\/div><div class=\"pt-plus-button-wrapper\"><div class=\"button_parallax\"><div class=\"ts-button\"><div class=\"pt_plus_button btn69d65252dade3 button-style-9\"><div class=\"animted-content-inner\"><a class=\"button-link-wrap\" role=\"button\"><\/a><\/div><\/div><\/div><\/div><\/div><\/div><\/div><div class=\"infobox-overlay-color\"><\/div><\/div><\/div><\/div><\/div>\t\t\t\t<\/div>\n\t\t\t\t<\/div>\n\t\t\t\t\t<\/div>\n\t\t<\/div>\n\t\t\t\t\t<\/div>\n\t\t<\/section>\n\t\t\t\t<\/div>","protected":false},"excerpt":{"rendered":"<p>\u0130\u00e7indekiler An Analysis of The Candidates Remarks on Twitter in 2014 Presidency Election in Terms of Values \u0130hsan KARLI 10.5824\/1309-1581.2015.3.001.x Kredi Kart\u0131Kullan\u0131m\u0131n\u0131n Kompulsif Sat\u0131n Almaya&hellip;<\/p>","protected":false},"author":1,"featured_media":0,"parent":0,"menu_order":0,"comment_status":"closed","ping_status":"closed","template":"","meta":{"footnotes":""},"class_list":["post-1171","page","type-page","status-publish","hentry"],"_links":{"self":[{"href":"https:\/\/ajit-e.org\/en\/wp-json\/wp\/v2\/pages\/1171","targetHints":{"allow":["GET"]}}],"collection":[{"href":"https:\/\/ajit-e.org\/en\/wp-json\/wp\/v2\/pages"}],"about":[{"href":"https:\/\/ajit-e.org\/en\/wp-json\/wp\/v2\/types\/page"}],"author":[{"embeddable":true,"href":"https:\/\/ajit-e.org\/en\/wp-json\/wp\/v2\/users\/1"}],"replies":[{"embeddable":true,"href":"https:\/\/ajit-e.org\/en\/wp-json\/wp\/v2\/comments?post=1171"}],"version-history":[{"count":0,"href":"https:\/\/ajit-e.org\/en\/wp-json\/wp\/v2\/pages\/1171\/revisions"}],"wp:attachment":[{"href":"https:\/\/ajit-e.org\/en\/wp-json\/wp\/v2\/media?parent=1171"}],"curies":[{"name":"wp","href":"https:\/\/api.w.org\/{rel}","templated":true}]}}